{"id":25085,"date":"2026-03-31T14:29:38","date_gmt":"2026-03-31T12:29:38","guid":{"rendered":"https:\/\/finewinegang.be\/?post_type=product&#038;p=25085"},"modified":"2026-04-07T17:37:11","modified_gmt":"2026-04-07T15:37:11","slug":"las-pizarras-vina-alarba","status":"publish","type":"product","link":"https:\/\/finewinegang.be\/nl\/product\/las-pizarras-vina-alarba\/","title":{"rendered":"LAS PIZARRAS  Vi\u00f1a Alarba"},"content":{"rendered":"","protected":false},"excerpt":{"rendered":"<p>Las Pizzarras Vi\u00f1a Alarba 2021 van Ra\u00edces Ib\u00e9ricas is een minerale Garnacha met tonen van zwarte kers, kruiden en frisse elegantie, die de precisie en terroir van Spanje perfect weerspiegelt.<\/p>\n","protected":false},"featured_media":25089,"template":"","meta":{"_acf_changed":false,"subtitle":"","day_of_the_week":"Monday","starting_time":0,"location":"ANTWERP","other_location_name":"","other_location_street_number":"","other_location_zip":"","other_location_city":"","other_location_address_itinerary_link":"","other_location_email_to_keep_updated":""},"product_brand":[],"product_cat":[389,255,596],"product_tag":[595,397,606],"class_list":{"0":"post-25085","1":"product","2":"type-product","3":"status-publish","4":"has-post-thumbnail","6":"product_cat-rode-wijn","7":"product_cat-flessen","8":"product_cat-local-friday-2025","9":"product_tag-local-friday-2025","10":"product_tag-raices-ibericas","11":"product_tag-silver-tasting","12":"product_shipping_class-flessen","14":"first","15":"instock","16":"taxable","17":"shipping-taxable","18":"purchasable","19":"product-type-simple"},"acf":{"jaargang":"2021","volume":75,"alcohol":14.42,"schenktemperatuur":"16\u00b0C - 17\u00b0C","Producent":[12943],"producent_search":"Ra\u00edces Ib\u00e9ricas","cuvee":"Vi\u00f1a Alarba","land":"Spanje","regio":"Aragon, Calatayud","appellatie":"Calatayud DO","Kracht":3,"intensiteit":3,"Verouderingspotentieel":4,"smaakprofiel":["Fruitig","Mineraal","Gebalanceerd"],"aromas":["Mediterraanse Kruiden","Rood Fruit","Violet","Witte Peper"],"Auteur":"Antoine","quote":"Las Pizzarras 2021 is Garnacha met karakter: rijpe zwarte kers, kruidigheid en die typische minerale toets van leisteen. Vol, maar strak gehouden door frisheid. Spanje met precisie in plaats van power\u2014en dat maakt \u2018m gevaarlijk goed.","druif":["Grenache \/ Garnacha"],"awards":"","bio":false},"_links":{"self":[{"href":"https:\/\/finewinegang.be\/nl\/wp-json\/wp\/v2\/product\/25085","targetHints":{"allow":["GET"]}}],"collection":[{"href":"https:\/\/finewinegang.be\/nl\/wp-json\/wp\/v2\/product"}],"about":[{"href":"https:\/\/finewinegang.be\/nl\/wp-json\/wp\/v2\/types\/product"}],"version-history":[{"count":1,"href":"https:\/\/finewinegang.be\/nl\/wp-json\/wp\/v2\/product\/25085\/revisions"}],"predecessor-version":[{"id":25088,"href":"https:\/\/finewinegang.be\/nl\/wp-json\/wp\/v2\/product\/25085\/revisions\/25088"}],"acf:post":[{"embeddable":true,"href":"https:\/\/finewinegang.be\/nl\/wp-json\/wp\/v2\/producent\/12943"}],"wp:featuredmedia":[{"embeddable":true,"href":"https:\/\/finewinegang.be\/nl\/wp-json\/wp\/v2\/media\/25089"}],"wp:attachment":[{"href":"https:\/\/finewinegang.be\/nl\/wp-json\/wp\/v2\/media?parent=25085"}],"wp:term":[{"taxonomy":"product_brand","embeddable":true,"href":"https:\/\/finewinegang.be\/nl\/wp-json\/wp\/v2\/product_brand?post=25085"},{"taxonomy":"product_cat","embeddable":true,"href":"https:\/\/finewinegang.be\/nl\/wp-json\/wp\/v2\/product_cat?post=25085"},{"taxonomy":"product_tag","embeddable":true,"href":"https:\/\/finewinegang.be\/nl\/wp-json\/wp\/v2\/product_tag?post=25085"}],"curies":[{"name":"wp","href":"https:\/\/api.w.org\/{rel}","templated":true}]}}