{"id":23523,"date":"2025-10-01T11:41:27","date_gmt":"2025-10-01T09:41:27","guid":{"rendered":"https:\/\/finewinegang.be\/?post_type=product&#038;p=23523"},"modified":"2025-10-29T13:44:42","modified_gmt":"2025-10-29T12:44:42","slug":"les-davids-reserve-perpetuelle-1-antoine-lehebel-magnum","status":"publish","type":"product","link":"https:\/\/finewinegang.be\/nl\/product\/les-davids-reserve-perpetuelle-1-antoine-lehebel-magnum\/","title":{"rendered":"Les Davids R\u00e9serve Perp\u00e9tuelle #1 &#8211; Antoine Lehebel magnum"},"content":{"rendered":"","protected":false},"excerpt":{"rendered":"<p>Onze huissommelier Antoine Lehebel steekt al eens graag de handen uit de mouwen. Samen met Domaine Les Davids maakte hij deze Cuv\u00e9e Perp\u00e9tuelle #1. Een blend van syrah en marselan, gemaakt om te rijpen.<\/p>\n","protected":false},"featured_media":23517,"template":"","meta":{"_acf_changed":false,"subtitle":"","day_of_the_week":"Monday","starting_time":0,"location":"ANTWERP","other_location_name":"","other_location_street_number":"","other_location_zip":"","other_location_city":"","other_location_address_itinerary_link":"","other_location_email_to_keep_updated":""},"product_brand":[],"product_cat":[255,389,542],"product_tag":[],"class_list":{"0":"post-23523","1":"product","2":"type-product","3":"status-publish","4":"has-post-thumbnail","6":"product_cat-flessen","7":"product_cat-rode-wijn","8":"product_cat-wijn","9":"product_shipping_class-flessen","11":"first","12":"instock","13":"taxable","14":"shipping-taxable","15":"purchasable","16":"product-type-simple"},"acf":{"jaargang":"2022","volume":149,"alcohol":"","schenktemperatuur":"14\u00b0C - 16\u00b0C","Producent":"","producent_search":"Domaine Les Davids","cuvee":"R\u00e9serve Perp\u00e9tuelle #1 - Antoine Lehebel","land":"Frankrijk","regio":"Lub\u00e9ron","appellatie":"Vin de France","Kracht":4,"intensiteit":4,"Verouderingspotentieel":4,"smaakprofiel":["Krachtig","Kruidig","Mediterraans"],"aromas":["Zwart Fruit","Zoete specerijen","muskus"],"Auteur":"Antoine","quote":"Originele blend van syrah en marselan, geblend op het domein en bedoeld om een paar jaar te laten rijpen om er optimaal van te genieten. Gesigneerd door yours truly.","druif":["Syrah","marselan"],"awards":"","bio":false},"_links":{"self":[{"href":"https:\/\/finewinegang.be\/nl\/wp-json\/wp\/v2\/product\/23523","targetHints":{"allow":["GET"]}}],"collection":[{"href":"https:\/\/finewinegang.be\/nl\/wp-json\/wp\/v2\/product"}],"about":[{"href":"https:\/\/finewinegang.be\/nl\/wp-json\/wp\/v2\/types\/product"}],"version-history":[{"count":2,"href":"https:\/\/finewinegang.be\/nl\/wp-json\/wp\/v2\/product\/23523\/revisions"}],"predecessor-version":[{"id":23541,"href":"https:\/\/finewinegang.be\/nl\/wp-json\/wp\/v2\/product\/23523\/revisions\/23541"}],"wp:featuredmedia":[{"embeddable":true,"href":"https:\/\/finewinegang.be\/nl\/wp-json\/wp\/v2\/media\/23517"}],"wp:attachment":[{"href":"https:\/\/finewinegang.be\/nl\/wp-json\/wp\/v2\/media?parent=23523"}],"wp:term":[{"taxonomy":"product_brand","embeddable":true,"href":"https:\/\/finewinegang.be\/nl\/wp-json\/wp\/v2\/product_brand?post=23523"},{"taxonomy":"product_cat","embeddable":true,"href":"https:\/\/finewinegang.be\/nl\/wp-json\/wp\/v2\/product_cat?post=23523"},{"taxonomy":"product_tag","embeddable":true,"href":"https:\/\/finewinegang.be\/nl\/wp-json\/wp\/v2\/product_tag?post=23523"}],"curies":[{"name":"wp","href":"https:\/\/api.w.org\/{rel}","templated":true}]}}