{"id":21329,"date":"2025-03-31T13:33:40","date_gmt":"2025-03-31T11:33:40","guid":{"rendered":"https:\/\/finewinegang.be\/?post_type=product&#038;p=21329"},"modified":"2026-04-22T13:32:05","modified_gmt":"2026-04-22T11:32:05","slug":"lenzmark-wines-new-chapter-2022","status":"publish","type":"product","link":"https:\/\/finewinegang.be\/nl\/product\/lenzmark-wines-new-chapter-2022\/","title":{"rendered":"Lenzmark wines New Chapter 2022"},"content":{"rendered":"","protected":false},"excerpt":{"rendered":"<p>Ontdek een nieuwe dimensie van verfijning met Lenzmark Wines New Chapter, een witte wijn die de zintuigen betovert met zijn complexiteit.<\/p>\n","protected":false},"featured_media":13921,"template":"","meta":{"_acf_changed":false,"subtitle":"","day_of_the_week":"Maandag","starting_time":0,"location":"FWG Antwerpen","other_location_name":"","other_location_street_number":"","other_location_zip":"","other_location_city":"","other_location_address_itinerary_link":"","other_location_email_to_keep_updated":""},"product_brand":[],"product_cat":[391,255],"product_tag":[573],"class_list":{"0":"post-21329","1":"product","2":"type-product","3":"status-publish","4":"has-post-thumbnail","6":"product_cat-witte-wijn","7":"product_cat-flessen","8":"product_tag-huber","9":"product_shipping_class-flessen","11":"first","12":"instock","13":"taxable","14":"shipping-taxable","15":"purchasable","16":"product-type-simple"},"acf":{"jaargang":"2022","volume":75,"alcohol":13,"schenktemperatuur":"8\u00b0C - 11\u00b0C","Producent":[13086],"producent_search":"Lenzmark wines","cuvee":"New Chapter","land":"Oostenrijk","regio":"Nieder\u00f6sterreich","appellatie":"Nidder\u00f6sterreich","Kracht":3,"intensiteit":3,"Verouderingspotentieel":3,"smaakprofiel":["Bloemig","Rijk","Smaakvol"],"aromas":["Appel","Limoen","Witte Peper"],"Auteur":"Antoine","quote":"Markus en Lenz waren op zoek naar de benchmark Gr\u00fcner, en hebben hem gecre\u00eberd. Wat een wijn! Je herkent onmiddllijk zijn Oostenrijkse roots in een schitterend glas wijn.","druif":["Gr\u00fcner Veltliner"],"awards":"","bio":false},"_links":{"self":[{"href":"https:\/\/finewinegang.be\/nl\/wp-json\/wp\/v2\/product\/21329","targetHints":{"allow":["GET"]}}],"collection":[{"href":"https:\/\/finewinegang.be\/nl\/wp-json\/wp\/v2\/product"}],"about":[{"href":"https:\/\/finewinegang.be\/nl\/wp-json\/wp\/v2\/types\/product"}],"version-history":[{"count":3,"href":"https:\/\/finewinegang.be\/nl\/wp-json\/wp\/v2\/product\/21329\/revisions"}],"predecessor-version":[{"id":21334,"href":"https:\/\/finewinegang.be\/nl\/wp-json\/wp\/v2\/product\/21329\/revisions\/21334"}],"acf:post":[{"embeddable":true,"href":"https:\/\/finewinegang.be\/nl\/wp-json\/wp\/v2\/producent\/13086"}],"wp:featuredmedia":[{"embeddable":true,"href":"https:\/\/finewinegang.be\/nl\/wp-json\/wp\/v2\/media\/13921"}],"wp:attachment":[{"href":"https:\/\/finewinegang.be\/nl\/wp-json\/wp\/v2\/media?parent=21329"}],"wp:term":[{"taxonomy":"product_brand","embeddable":true,"href":"https:\/\/finewinegang.be\/nl\/wp-json\/wp\/v2\/product_brand?post=21329"},{"taxonomy":"product_cat","embeddable":true,"href":"https:\/\/finewinegang.be\/nl\/wp-json\/wp\/v2\/product_cat?post=21329"},{"taxonomy":"product_tag","embeddable":true,"href":"https:\/\/finewinegang.be\/nl\/wp-json\/wp\/v2\/product_tag?post=21329"}],"curies":[{"name":"wp","href":"https:\/\/api.w.org\/{rel}","templated":true}]}}