{"id":19846,"date":"2025-01-14T12:06:01","date_gmt":"2025-01-14T11:06:01","guid":{"rendered":"https:\/\/finewinegang.be\/?post_type=product&#038;p=19846"},"modified":"2026-04-22T13:31:54","modified_gmt":"2026-04-22T11:31:54","slug":"huber-pinot-noir-alte-reben-2023","status":"publish","type":"product","link":"https:\/\/finewinegang.be\/nl\/product\/huber-pinot-noir-alte-reben-2023\/","title":{"rendered":"Huber Pinot Noir &#8216;Alte Reben&#8217; 2023"},"content":{"rendered":"","protected":false},"excerpt":{"rendered":"<p>Ontdek de elegantie van Huber Pinot Noir &#8216;Alte Reben&#8217;, een Oostenrijkse rode wijn uit Nieder\u00f6sterreich die finesse en karakter combineert.<\/p>\n","protected":false},"featured_media":18933,"template":"","meta":{"_acf_changed":false,"subtitle":"","day_of_the_week":"","starting_time":0,"location":"","other_location_name":"","other_location_street_number":"","other_location_zip":"","other_location_city":"","other_location_address_itinerary_link":"","other_location_email_to_keep_updated":""},"product_brand":[],"product_cat":[389,255],"product_tag":[573],"class_list":{"0":"post-19846","1":"product","2":"type-product","3":"status-publish","4":"has-post-thumbnail","6":"product_cat-rode-wijn","7":"product_cat-flessen","8":"product_tag-huber","9":"product_shipping_class-flessen","11":"first","12":"instock","13":"taxable","14":"shipping-taxable","15":"purchasable","16":"product-type-simple"},"acf":{"jaargang":"2023","volume":75,"alcohol":13,"schenktemperatuur":"12\u00b0C - 15\u00b0C","Producent":[13128],"producent_search":"Huber","cuvee":"Pinot Noir 'Alte Reben'","land":"Oostenrijk","regio":"Nieder\u00f6sterreich","appellatie":"Qualit\u00e4tswein Nieder\u00f6sterreich","Kracht":2,"intensiteit":3,"Verouderingspotentieel":2,"smaakprofiel":["Delicaat","Licht","Smaakvol"],"aromas":["Bloemig","Rood Fruit","Veenbessen"],"Auteur":"Antoine","quote":"Heerlijke pinot noir voor die prijs, bijna misdadig op hem niet te proeven. Opgelet! Werkt verslavend.","druif":["Pinot Noir \/ Pinot Nero"],"awards":"","bio":false},"_links":{"self":[{"href":"https:\/\/finewinegang.be\/nl\/wp-json\/wp\/v2\/product\/19846","targetHints":{"allow":["GET"]}}],"collection":[{"href":"https:\/\/finewinegang.be\/nl\/wp-json\/wp\/v2\/product"}],"about":[{"href":"https:\/\/finewinegang.be\/nl\/wp-json\/wp\/v2\/types\/product"}],"version-history":[{"count":1,"href":"https:\/\/finewinegang.be\/nl\/wp-json\/wp\/v2\/product\/19846\/revisions"}],"predecessor-version":[{"id":19849,"href":"https:\/\/finewinegang.be\/nl\/wp-json\/wp\/v2\/product\/19846\/revisions\/19849"}],"acf:post":[{"embeddable":true,"href":"https:\/\/finewinegang.be\/nl\/wp-json\/wp\/v2\/producent\/13128"}],"wp:featuredmedia":[{"embeddable":true,"href":"https:\/\/finewinegang.be\/nl\/wp-json\/wp\/v2\/media\/18933"}],"wp:attachment":[{"href":"https:\/\/finewinegang.be\/nl\/wp-json\/wp\/v2\/media?parent=19846"}],"wp:term":[{"taxonomy":"product_brand","embeddable":true,"href":"https:\/\/finewinegang.be\/nl\/wp-json\/wp\/v2\/product_brand?post=19846"},{"taxonomy":"product_cat","embeddable":true,"href":"https:\/\/finewinegang.be\/nl\/wp-json\/wp\/v2\/product_cat?post=19846"},{"taxonomy":"product_tag","embeddable":true,"href":"https:\/\/finewinegang.be\/nl\/wp-json\/wp\/v2\/product_tag?post=19846"}],"curies":[{"name":"wp","href":"https:\/\/api.w.org\/{rel}","templated":true}]}}