{"id":18837,"date":"2024-11-29T09:28:08","date_gmt":"2024-11-29T08:28:08","guid":{"rendered":"https:\/\/finewinegang.be\/?post_type=product&#038;p=18837"},"modified":"2025-11-19T12:01:36","modified_gmt":"2025-11-19T11:01:36","slug":"huber-pinot-noir-alte-reben-2022","status":"publish","type":"product","link":"https:\/\/finewinegang.be\/nl\/product\/huber-pinot-noir-alte-reben-2022\/","title":{"rendered":"Huber Pinot Noir &#8216;Alte Reben&#8217; 2022 (OLD VINTAGE &#8211; OUT)"},"content":{"rendered":"","protected":false},"excerpt":{"rendered":"<p>Ontdek de elegantie van Huber Pinot Noir &#8216;Alte Reben&#8217;, een Oostenrijkse rode wijn uit Nieder\u00f6sterreich die finesse en karakter combineert.<\/p>\n","protected":false},"featured_media":18933,"template":"","meta":{"_acf_changed":false,"subtitle":"","day_of_the_week":"","starting_time":0,"location":"","other_location_name":"","other_location_street_number":"","other_location_zip":"","other_location_city":"","other_location_address_itinerary_link":"","other_location_email_to_keep_updated":""},"product_brand":[],"product_cat":[389,255],"product_tag":[573],"class_list":{"0":"post-18837","1":"product","2":"type-product","3":"status-publish","4":"has-post-thumbnail","6":"product_cat-rode-wijn","7":"product_cat-flessen","8":"product_tag-huber","9":"product_shipping_class-flessen","11":"first","12":"outofstock","13":"taxable","14":"shipping-taxable","15":"purchasable","16":"product-type-simple"},"acf":{"jaargang":"2022","volume":75,"alcohol":13,"schenktemperatuur":"12\u00b0C - 15\u00b0C","Producent":[13128],"producent_search":"Huber","cuvee":"Pinot Noir 'Alte Reben'","land":"Oostenrijk","regio":"Nieder\u00f6sterreich","appellatie":"Qualit\u00e4tswein Nieder\u00f6sterreich","Kracht":2,"intensiteit":3,"Verouderingspotentieel":2,"smaakprofiel":["Delicaat","Licht","Smaakvol"],"aromas":["Bloemig","Rood Fruit","Veenbessen"],"Auteur":"Antoine","quote":"Heerlijke pinot noir voor die prijs, bijna misdadig op hem niet te proeven. Opgelet! Werkt verslavend.","druif":["Pinot Noir \/ Pinot Nero"],"awards":"","bio":false},"_links":{"self":[{"href":"https:\/\/finewinegang.be\/nl\/wp-json\/wp\/v2\/product\/18837","targetHints":{"allow":["GET"]}}],"collection":[{"href":"https:\/\/finewinegang.be\/nl\/wp-json\/wp\/v2\/product"}],"about":[{"href":"https:\/\/finewinegang.be\/nl\/wp-json\/wp\/v2\/types\/product"}],"version-history":[{"count":3,"href":"https:\/\/finewinegang.be\/nl\/wp-json\/wp\/v2\/product\/18837\/revisions"}],"predecessor-version":[{"id":19886,"href":"https:\/\/finewinegang.be\/nl\/wp-json\/wp\/v2\/product\/18837\/revisions\/19886"}],"acf:post":[{"embeddable":true,"href":"https:\/\/finewinegang.be\/nl\/wp-json\/wp\/v2\/producent\/13128"}],"wp:featuredmedia":[{"embeddable":true,"href":"https:\/\/finewinegang.be\/nl\/wp-json\/wp\/v2\/media\/18933"}],"wp:attachment":[{"href":"https:\/\/finewinegang.be\/nl\/wp-json\/wp\/v2\/media?parent=18837"}],"wp:term":[{"taxonomy":"product_brand","embeddable":true,"href":"https:\/\/finewinegang.be\/nl\/wp-json\/wp\/v2\/product_brand?post=18837"},{"taxonomy":"product_cat","embeddable":true,"href":"https:\/\/finewinegang.be\/nl\/wp-json\/wp\/v2\/product_cat?post=18837"},{"taxonomy":"product_tag","embeddable":true,"href":"https:\/\/finewinegang.be\/nl\/wp-json\/wp\/v2\/product_tag?post=18837"}],"curies":[{"name":"wp","href":"https:\/\/api.w.org\/{rel}","templated":true}]}}