{"id":18830,"date":"2024-11-28T09:09:03","date_gmt":"2024-11-28T08:09:03","guid":{"rendered":"https:\/\/finewinegang.be\/?post_type=product&#038;p=18830"},"modified":"2026-04-22T13:30:14","modified_gmt":"2026-04-22T11:30:14","slug":"berte-cordini-valmaga-2020","status":"publish","type":"product","link":"https:\/\/finewinegang.be\/nl\/product\/berte-cordini-valmaga-2020\/","title":{"rendered":"Bert\u00e9 &#038; Cordini Valmaga 2020"},"content":{"rendered":"","protected":false},"excerpt":{"rendered":"<p>Ontdek de finesse van Bert\u00e9 &amp; Cordini Valmaga, een rode wijn uit Lombardije die de elegantie van de Oltrep\u00f2 Pavese DOC weerspiegelt.<\/p>\n","protected":false},"featured_media":13632,"template":"","meta":{"_acf_changed":false,"subtitle":"","day_of_the_week":"Monday","starting_time":0,"location":"ANTWERP","other_location_name":"","other_location_street_number":"","other_location_zip":"","other_location_city":"","other_location_address_itinerary_link":"","other_location_email_to_keep_updated":""},"product_brand":[],"product_cat":[389,255,596],"product_tag":[595],"class_list":{"0":"post-18830","1":"product","2":"type-product","3":"status-publish","4":"has-post-thumbnail","6":"product_cat-rode-wijn","7":"product_cat-flessen","8":"product_cat-local-friday-2025","9":"product_tag-local-friday-2025","10":"product_shipping_class-flessen","12":"first","13":"instock","14":"taxable","15":"shipping-taxable","16":"purchasable","17":"product-type-simple"},"acf":{"jaargang":"2020","volume":75,"alcohol":14,"schenktemperatuur":"14\u00b0C - 16\u00b0C","Producent":[12926],"producent_search":"Bert\u00e9 & Cordini","cuvee":"Valmaga","land":"Itali\u00eb","regio":"Lombardie","appellatie":"Oltrep\u00f2 Pavese DOC","Kracht":3,"intensiteit":3,"Verouderingspotentieel":3,"smaakprofiel":["Krachtig","Pittig","Stevig"],"aromas":["Leder","Munt","Zwart Fruit"],"Auteur":"Stijn","quote":"Past perfect bij al het moois uit Itali\u00eb; pasta, pizza, gegrild, traaggegaard of gebraiseerd vlees. De 4x4 van de wijn.","druif":["Barbera","Croatina"],"awards":"","bio":false},"_links":{"self":[{"href":"https:\/\/finewinegang.be\/nl\/wp-json\/wp\/v2\/product\/18830","targetHints":{"allow":["GET"]}}],"collection":[{"href":"https:\/\/finewinegang.be\/nl\/wp-json\/wp\/v2\/product"}],"about":[{"href":"https:\/\/finewinegang.be\/nl\/wp-json\/wp\/v2\/types\/product"}],"version-history":[{"count":2,"href":"https:\/\/finewinegang.be\/nl\/wp-json\/wp\/v2\/product\/18830\/revisions"}],"predecessor-version":[{"id":24295,"href":"https:\/\/finewinegang.be\/nl\/wp-json\/wp\/v2\/product\/18830\/revisions\/24295"}],"acf:post":[{"embeddable":true,"href":"https:\/\/finewinegang.be\/nl\/wp-json\/wp\/v2\/producent\/12926"}],"wp:featuredmedia":[{"embeddable":true,"href":"https:\/\/finewinegang.be\/nl\/wp-json\/wp\/v2\/media\/13632"}],"wp:attachment":[{"href":"https:\/\/finewinegang.be\/nl\/wp-json\/wp\/v2\/media?parent=18830"}],"wp:term":[{"taxonomy":"product_brand","embeddable":true,"href":"https:\/\/finewinegang.be\/nl\/wp-json\/wp\/v2\/product_brand?post=18830"},{"taxonomy":"product_cat","embeddable":true,"href":"https:\/\/finewinegang.be\/nl\/wp-json\/wp\/v2\/product_cat?post=18830"},{"taxonomy":"product_tag","embeddable":true,"href":"https:\/\/finewinegang.be\/nl\/wp-json\/wp\/v2\/product_tag?post=18830"}],"curies":[{"name":"wp","href":"https:\/\/api.w.org\/{rel}","templated":true}]}}