{"id":16401,"date":"2024-08-14T16:30:57","date_gmt":"2024-08-14T14:30:57","guid":{"rendered":"https:\/\/finewinegang.be\/?post_type=product&#038;p=16401"},"modified":"2026-01-28T18:31:11","modified_gmt":"2026-01-28T17:31:11","slug":"bassin-brut-salvaje-2019","status":"publish","type":"product","link":"https:\/\/finewinegang.be\/nl\/product\/bassin-brut-salvaje-2019\/","title":{"rendered":"Bassin Brut Salvaje 2019"},"content":{"rendered":"","protected":false},"excerpt":{"rendered":"<p>Proef de eerste 100% Grenache schuimwijn van Raices Ibericas: rijp fruit, droog en vineus. Een primeur en perfecte dorstlesser!<\/p>\n","protected":false},"featured_media":16409,"template":"","meta":{"_acf_changed":false,"subtitle":"","day_of_the_week":"","starting_time":0,"location":"","other_location_name":"","other_location_street_number":"","other_location_zip":"","other_location_city":"","other_location_address_itinerary_link":"","other_location_email_to_keep_updated":""},"product_brand":[],"product_cat":[255,267],"product_tag":[397],"class_list":{"0":"post-16401","1":"product","2":"type-product","3":"status-publish","4":"has-post-thumbnail","6":"product_cat-flessen","7":"product_cat-mousserende-wijn","8":"product_tag-raices-ibericas","9":"product_shipping_class-flessen","11":"first","12":"outofstock","13":"taxable","14":"shipping-taxable","15":"purchasable","16":"product-type-simple"},"acf":{"jaargang":"2019","volume":75,"alcohol":12,"schenktemperatuur":"4\u00b0C - 7\u00b0C","Producent":[12943],"producent_search":"Ra\u00edces Ib\u00e9ricas","cuvee":"Bassin Brut Salvaje","land":"Spanje","regio":"Terra Alta (ES) & B\u00e9ziers (FR)","appellatie":"Vino Varietal EU","Kracht":2,"intensiteit":3,"Verouderingspotentieel":1,"smaakprofiel":["Fris","Mineraal","Sappig"],"aromas":["Rijp Fruit","Witte Bloemen"],"Auteur":"Stijn","quote":"Hola! Een onuitgegeven blend van garnacha uit 2 landen, uniek ter wereld! Verrassend verfrissend, een aangenaam puntje ziltig en een echte dorstlesser in de afdronk.","druif":["Grenache \/ Garnacha"],"awards":"","bio":false},"_links":{"self":[{"href":"https:\/\/finewinegang.be\/nl\/wp-json\/wp\/v2\/product\/16401","targetHints":{"allow":["GET"]}}],"collection":[{"href":"https:\/\/finewinegang.be\/nl\/wp-json\/wp\/v2\/product"}],"about":[{"href":"https:\/\/finewinegang.be\/nl\/wp-json\/wp\/v2\/types\/product"}],"version-history":[{"count":3,"href":"https:\/\/finewinegang.be\/nl\/wp-json\/wp\/v2\/product\/16401\/revisions"}],"predecessor-version":[{"id":16408,"href":"https:\/\/finewinegang.be\/nl\/wp-json\/wp\/v2\/product\/16401\/revisions\/16408"}],"acf:post":[{"embeddable":true,"href":"https:\/\/finewinegang.be\/nl\/wp-json\/wp\/v2\/producent\/12943"}],"wp:featuredmedia":[{"embeddable":true,"href":"https:\/\/finewinegang.be\/nl\/wp-json\/wp\/v2\/media\/16409"}],"wp:attachment":[{"href":"https:\/\/finewinegang.be\/nl\/wp-json\/wp\/v2\/media?parent=16401"}],"wp:term":[{"taxonomy":"product_brand","embeddable":true,"href":"https:\/\/finewinegang.be\/nl\/wp-json\/wp\/v2\/product_brand?post=16401"},{"taxonomy":"product_cat","embeddable":true,"href":"https:\/\/finewinegang.be\/nl\/wp-json\/wp\/v2\/product_cat?post=16401"},{"taxonomy":"product_tag","embeddable":true,"href":"https:\/\/finewinegang.be\/nl\/wp-json\/wp\/v2\/product_tag?post=16401"}],"curies":[{"name":"wp","href":"https:\/\/api.w.org\/{rel}","templated":true}]}}