{"id":13481,"date":"2024-05-23T11:08:19","date_gmt":"2024-05-23T09:08:19","guid":{"rendered":"https:\/\/finewinegang.be\/?post_type=product&#038;p=13481"},"modified":"2026-04-22T09:34:19","modified_gmt":"2026-04-22T07:34:19","slug":"botan-cuvee-cassy","status":"publish","type":"product","link":"https:\/\/finewinegang.be\/nl\/product\/botan-cuvee-cassy\/","title":{"rendered":"B\u00f4tan Cuv\u00e9e Cassy"},"content":{"rendered":"","protected":false},"excerpt":{"rendered":"<p>B\u00f4tan Cuv\u00e9e Cassy, een mix van rood fruit en cassis voor een fruitige en smaakvolle ervaring zonder alcohol.<\/p>\n","protected":false},"featured_media":14910,"template":"","meta":{"_acf_changed":false,"subtitle":"","day_of_the_week":"","starting_time":0,"location":"","other_location_name":"","other_location_street_number":"","other_location_zip":"","other_location_city":"","other_location_address_itinerary_link":"","other_location_email_to_keep_updated":""},"product_brand":[],"product_cat":[380,255],"product_tag":[],"class_list":{"0":"post-13481","1":"product","2":"type-product","3":"status-publish","4":"has-post-thumbnail","6":"product_cat-alcoholvrij","7":"product_cat-flessen","8":"product_shipping_class-flessen","10":"first","11":"instock","12":"taxable","13":"shipping-taxable","14":"purchasable","15":"product-type-simple"},"acf":{"jaargang":"Non Vintage","volume":75,"alcohol":0,"schenktemperatuur":"6\u00b0C - 8\u00b0C","Producent":[13146],"producent_search":"B\u00f4tan","cuvee":"Cuv\u00e9e Cassy","land":"Belgi\u00eb","regio":"Antwerpen","appellatie":"Fruits rouges - Cassis","Kracht":2,"intensiteit":4,"Verouderingspotentieel":1,"smaakprofiel":"","aromas":"","Auteur":"Stijn","quote":"","druif":"","awards":"","bio":false},"_links":{"self":[{"href":"https:\/\/finewinegang.be\/nl\/wp-json\/wp\/v2\/product\/13481","targetHints":{"allow":["GET"]}}],"collection":[{"href":"https:\/\/finewinegang.be\/nl\/wp-json\/wp\/v2\/product"}],"about":[{"href":"https:\/\/finewinegang.be\/nl\/wp-json\/wp\/v2\/types\/product"}],"version-history":[{"count":2,"href":"https:\/\/finewinegang.be\/nl\/wp-json\/wp\/v2\/product\/13481\/revisions"}],"predecessor-version":[{"id":14196,"href":"https:\/\/finewinegang.be\/nl\/wp-json\/wp\/v2\/product\/13481\/revisions\/14196"}],"acf:post":[{"embeddable":true,"href":"https:\/\/finewinegang.be\/nl\/wp-json\/wp\/v2\/producent\/13146"}],"wp:featuredmedia":[{"embeddable":true,"href":"https:\/\/finewinegang.be\/nl\/wp-json\/wp\/v2\/media\/14910"}],"wp:attachment":[{"href":"https:\/\/finewinegang.be\/nl\/wp-json\/wp\/v2\/media?parent=13481"}],"wp:term":[{"taxonomy":"product_brand","embeddable":true,"href":"https:\/\/finewinegang.be\/nl\/wp-json\/wp\/v2\/product_brand?post=13481"},{"taxonomy":"product_cat","embeddable":true,"href":"https:\/\/finewinegang.be\/nl\/wp-json\/wp\/v2\/product_cat?post=13481"},{"taxonomy":"product_tag","embeddable":true,"href":"https:\/\/finewinegang.be\/nl\/wp-json\/wp\/v2\/product_tag?post=13481"}],"curies":[{"name":"wp","href":"https:\/\/api.w.org\/{rel}","templated":true}]}}