{"id":13468,"date":"2024-05-23T11:08:16","date_gmt":"2024-05-23T09:08:16","guid":{"rendered":"https:\/\/finewinegang.be\/?post_type=product&#038;p=13468"},"modified":"2026-04-22T13:33:32","modified_gmt":"2026-04-22T11:33:32","slug":"tanaka-chartier-sake-pavillon-of-blend-001-2019","status":"publish","type":"product","link":"https:\/\/finewinegang.be\/nl\/product\/tanaka-chartier-sake-pavillon-of-blend-001-2019\/","title":{"rendered":"Tanaka Chartier Sak\u00e9 Pavillon of blend 001 2019"},"content":{"rendered":"","protected":false},"excerpt":{"rendered":"<p>Tanaka Chartier Sak\u00e9 Pavillon of Blend 001, een unieke Japanse sak\u00e9 met een harmonieuze balans van zoet en hartig.<\/p>\n","protected":false},"featured_media":13540,"template":"","meta":{"_acf_changed":false,"subtitle":"","day_of_the_week":"","starting_time":0,"location":"","other_location_name":"","other_location_street_number":"","other_location_zip":"","other_location_city":"","other_location_address_itinerary_link":"","other_location_email_to_keep_updated":""},"product_brand":[],"product_cat":[385,255],"product_tag":[],"class_list":{"0":"post-13468","1":"product","2":"type-product","3":"status-publish","4":"has-post-thumbnail","6":"product_cat-sake","7":"product_cat-flessen","8":"product_shipping_class-flessen","10":"first","11":"instock","12":"taxable","13":"shipping-taxable","14":"purchasable","15":"product-type-simple"},"acf":{"jaargang":"2019","volume":50,"alcohol":17,"schenktemperatuur":"4\u00b0C - 20\u00b0C","Producent":[13138],"producent_search":"Tanaka Chartier","cuvee":"Sak\u00e9 Pavillon of blend 001","land":"Japan","regio":"Miyagi","appellatie":"Sak\u00e9","Kracht":2,"intensiteit":2,"Verouderingspotentieel":2,"smaakprofiel":["Fris","Mineraal","Origineel"],"aromas":["Fruitig","Mineraal","Witte Bloemen"],"Auteur":"Antoine","quote":"Een lichtflits. Ik kan de smaak van deze schitterende sak\u00e9 niet anders omschrijven. Vergeet hem niet koud te zetten, en wat op temperatuur te laten komen in je glas. Nip zorgvuldig aan je glas. Neem de tijd om de complexiteit, balans en al het moois van deze sak\u00e9 stap voor stap te ontdekken","druif":["Nama"],"awards":"","bio":false},"_links":{"self":[{"href":"https:\/\/finewinegang.be\/nl\/wp-json\/wp\/v2\/product\/13468","targetHints":{"allow":["GET"]}}],"collection":[{"href":"https:\/\/finewinegang.be\/nl\/wp-json\/wp\/v2\/product"}],"about":[{"href":"https:\/\/finewinegang.be\/nl\/wp-json\/wp\/v2\/types\/product"}],"version-history":[{"count":4,"href":"https:\/\/finewinegang.be\/nl\/wp-json\/wp\/v2\/product\/13468\/revisions"}],"predecessor-version":[{"id":14282,"href":"https:\/\/finewinegang.be\/nl\/wp-json\/wp\/v2\/product\/13468\/revisions\/14282"}],"acf:post":[{"embeddable":true,"href":"https:\/\/finewinegang.be\/nl\/wp-json\/wp\/v2\/producent\/13138"}],"wp:featuredmedia":[{"embeddable":true,"href":"https:\/\/finewinegang.be\/nl\/wp-json\/wp\/v2\/media\/13540"}],"wp:attachment":[{"href":"https:\/\/finewinegang.be\/nl\/wp-json\/wp\/v2\/media?parent=13468"}],"wp:term":[{"taxonomy":"product_brand","embeddable":true,"href":"https:\/\/finewinegang.be\/nl\/wp-json\/wp\/v2\/product_brand?post=13468"},{"taxonomy":"product_cat","embeddable":true,"href":"https:\/\/finewinegang.be\/nl\/wp-json\/wp\/v2\/product_cat?post=13468"},{"taxonomy":"product_tag","embeddable":true,"href":"https:\/\/finewinegang.be\/nl\/wp-json\/wp\/v2\/product_tag?post=13468"}],"curies":[{"name":"wp","href":"https:\/\/api.w.org\/{rel}","templated":true}]}}