{"id":13449,"date":"2024-05-23T11:08:10","date_gmt":"2024-05-23T09:08:10","guid":{"rendered":"https:\/\/finewinegang.be\/?post_type=product&#038;p=13449"},"modified":"2026-05-05T09:50:17","modified_gmt":"2026-05-05T07:50:17","slug":"abadia-retuerta-seleccion-especial-2017","status":"publish","type":"product","link":"https:\/\/finewinegang.be\/nl\/product\/abadia-retuerta-seleccion-especial-2017\/","title":{"rendered":"Abadia Retuerta Selecci\u00f3n Especial 2017"},"content":{"rendered":"","protected":false},"excerpt":{"rendered":"<p>Geniet van de elegantie van Abadia Retuerta Selecci\u00f3n Especial, een Spaanse rode wijn uit Sard\u00f3n de Duero die de essentie van Castilla y Le\u00f3n vastlegt.<\/p>\n","protected":false},"featured_media":13646,"template":"","meta":{"_acf_changed":false,"subtitle":"","day_of_the_week":"Monday","starting_time":0,"location":"ANTWERP","other_location_name":"","other_location_street_number":"","other_location_zip":"","other_location_city":"","other_location_address_itinerary_link":"","other_location_email_to_keep_updated":""},"product_brand":[],"product_cat":[389,255,596],"product_tag":[595],"class_list":{"0":"post-13449","1":"product","2":"type-product","3":"status-publish","4":"has-post-thumbnail","6":"product_cat-rode-wijn","7":"product_cat-flessen","8":"product_cat-local-friday-2025","9":"product_tag-local-friday-2025","10":"product_shipping_class-flessen","12":"first","13":"instock","14":"taxable","15":"shipping-taxable","16":"purchasable","17":"product-type-simple"},"acf":{"jaargang":"2017","volume":75,"alcohol":14.5,"schenktemperatuur":"16\u00b0C - 20\u00b0C","Producent":[13078],"producent_search":"Abadia Retuerta","cuvee":"Selecci\u00f3n Especial","land":"Spanje","regio":"Sard\u00f3n de Duero","appellatie":"Vdt Castilla y Le\u00f3n","Kracht":5,"intensiteit":1,"Verouderingspotentieel":4,"smaakprofiel":["Complex","Fijn","Houtgelagerd"],"aromas":["Geroosterde Toetsen","Zoete Kruiden","Zwart Fruit"],"Auteur":"Stijn","quote":"Het nieuwste Spaanse domein dat de status van Pago werd toegekend. Gepolijste wijn zonder rustiek te zijn, heel mooi geparfumeerd.","druif":["Cabernet Sauvignon","Merlot","Syrah","Tempranillo"],"awards":"","bio":false},"_links":{"self":[{"href":"https:\/\/finewinegang.be\/nl\/wp-json\/wp\/v2\/product\/13449","targetHints":{"allow":["GET"]}}],"collection":[{"href":"https:\/\/finewinegang.be\/nl\/wp-json\/wp\/v2\/product"}],"about":[{"href":"https:\/\/finewinegang.be\/nl\/wp-json\/wp\/v2\/types\/product"}],"version-history":[{"count":5,"href":"https:\/\/finewinegang.be\/nl\/wp-json\/wp\/v2\/product\/13449\/revisions"}],"predecessor-version":[{"id":24018,"href":"https:\/\/finewinegang.be\/nl\/wp-json\/wp\/v2\/product\/13449\/revisions\/24018"}],"acf:post":[{"embeddable":true,"href":"https:\/\/finewinegang.be\/nl\/wp-json\/wp\/v2\/producent\/13078"}],"wp:featuredmedia":[{"embeddable":true,"href":"https:\/\/finewinegang.be\/nl\/wp-json\/wp\/v2\/media\/13646"}],"wp:attachment":[{"href":"https:\/\/finewinegang.be\/nl\/wp-json\/wp\/v2\/media?parent=13449"}],"wp:term":[{"taxonomy":"product_brand","embeddable":true,"href":"https:\/\/finewinegang.be\/nl\/wp-json\/wp\/v2\/product_brand?post=13449"},{"taxonomy":"product_cat","embeddable":true,"href":"https:\/\/finewinegang.be\/nl\/wp-json\/wp\/v2\/product_cat?post=13449"},{"taxonomy":"product_tag","embeddable":true,"href":"https:\/\/finewinegang.be\/nl\/wp-json\/wp\/v2\/product_tag?post=13449"}],"curies":[{"name":"wp","href":"https:\/\/api.w.org\/{rel}","templated":true}]}}