{"id":13446,"date":"2024-05-28T22:09:08","date_gmt":"2024-05-28T20:09:08","guid":{"rendered":"https:\/\/finewinegang.be\/?post_type=product&#038;p=13446"},"modified":"2026-04-22T13:32:34","modified_gmt":"2026-04-22T11:32:34","slug":"raices-ibericas-raices-i-2017","status":"publish","type":"product","link":"https:\/\/finewinegang.be\/nl\/product\/raices-ibericas-raices-i-2017\/","title":{"rendered":"Ra\u00edces Ib\u00e9ricas Raices I 2017"},"content":{"rendered":"","protected":false},"excerpt":{"rendered":"<p>Ontdek de essentie van Ra\u00edces Ib\u00e9ricas Raices I, een Spaanse rode wijn die de diversiteit en diepte van de Spaanse wijncultuur vertegenwoordigt.<\/p>\n","protected":false},"featured_media":13615,"template":"","meta":{"_acf_changed":false,"subtitle":"","day_of_the_week":"","starting_time":0,"location":"","other_location_name":"","other_location_street_number":"","other_location_zip":"","other_location_city":"","other_location_address_itinerary_link":"","other_location_email_to_keep_updated":""},"product_brand":[],"product_cat":[389,255],"product_tag":[397],"class_list":{"0":"post-13446","1":"product","2":"type-product","3":"status-publish","4":"has-post-thumbnail","6":"product_cat-rode-wijn","7":"product_cat-flessen","8":"product_tag-raices-ibericas","9":"product_shipping_class-flessen","11":"first","12":"instock","13":"taxable","14":"shipping-taxable","15":"purchasable","16":"product-type-simple"},"acf":{"jaargang":"2017","volume":75,"alcohol":14,"schenktemperatuur":"16\u00b0C - 20\u00b0C","Producent":[12943],"producent_search":"Ra\u00edces Ib\u00e9ricas","cuvee":"Raices I","land":"Spanje","regio":"Espa\u00f1a","appellatie":"Vino Tinto de Espa\u00f1a","Kracht":5,"intensiteit":1,"Verouderingspotentieel":3,"smaakprofiel":["Intens","Krachtig","Rustiek"],"aromas":["Getoast","Zoethout","Zwart Fruit"],"Auteur":"Stijn","quote":"Jawadde! Da's serieus spul! Weelderig fruit met mooi ge\u00efntegreerd hout, vol in de mond en lange afdronk; niet voor weke mispels.","druif":["Bobal","Grenache \/ Garnacha","Graciano","Mazuelo","Mencia","Tintorera"],"awards":"","bio":false},"_links":{"self":[{"href":"https:\/\/finewinegang.be\/nl\/wp-json\/wp\/v2\/product\/13446","targetHints":{"allow":["GET"]}}],"collection":[{"href":"https:\/\/finewinegang.be\/nl\/wp-json\/wp\/v2\/product"}],"about":[{"href":"https:\/\/finewinegang.be\/nl\/wp-json\/wp\/v2\/types\/product"}],"version-history":[{"count":2,"href":"https:\/\/finewinegang.be\/nl\/wp-json\/wp\/v2\/product\/13446\/revisions"}],"predecessor-version":[{"id":14265,"href":"https:\/\/finewinegang.be\/nl\/wp-json\/wp\/v2\/product\/13446\/revisions\/14265"}],"acf:post":[{"embeddable":true,"href":"https:\/\/finewinegang.be\/nl\/wp-json\/wp\/v2\/producent\/12943"}],"wp:featuredmedia":[{"embeddable":true,"href":"https:\/\/finewinegang.be\/nl\/wp-json\/wp\/v2\/media\/13615"}],"wp:attachment":[{"href":"https:\/\/finewinegang.be\/nl\/wp-json\/wp\/v2\/media?parent=13446"}],"wp:term":[{"taxonomy":"product_brand","embeddable":true,"href":"https:\/\/finewinegang.be\/nl\/wp-json\/wp\/v2\/product_brand?post=13446"},{"taxonomy":"product_cat","embeddable":true,"href":"https:\/\/finewinegang.be\/nl\/wp-json\/wp\/v2\/product_cat?post=13446"},{"taxonomy":"product_tag","embeddable":true,"href":"https:\/\/finewinegang.be\/nl\/wp-json\/wp\/v2\/product_tag?post=13446"}],"curies":[{"name":"wp","href":"https:\/\/api.w.org\/{rel}","templated":true}]}}