{"id":13443,"date":"2024-05-28T22:09:09","date_gmt":"2024-05-28T20:09:09","guid":{"rendered":"https:\/\/finewinegang.be\/?post_type=product&#038;p=13443"},"modified":"2026-04-22T13:32:38","modified_gmt":"2026-04-22T11:32:38","slug":"raices-ibericas-prieto-picudo-2021","status":"publish","type":"product","link":"https:\/\/finewinegang.be\/nl\/product\/raices-ibericas-prieto-picudo-2021\/","title":{"rendered":"Ra\u00edces Ib\u00e9ricas Prieto Picudo 2021"},"content":{"rendered":"","protected":false},"excerpt":{"rendered":"<p>Proef de unieke smaak van Raices Ibericas Prieto Picudo, een Spaanse rode wijn uit Tierra de Le\u00f3n die de kenmerkende vari\u00ebteit van de regio viert.<\/p>\n","protected":false},"featured_media":13806,"template":"","meta":{"_acf_changed":false,"subtitle":"","day_of_the_week":"Monday","starting_time":0,"location":"ANTWERP","other_location_name":"","other_location_street_number":"","other_location_zip":"","other_location_city":"","other_location_address_itinerary_link":"","other_location_email_to_keep_updated":""},"product_brand":[],"product_cat":[389,255,596],"product_tag":[595,397],"class_list":{"0":"post-13443","1":"product","2":"type-product","3":"status-publish","4":"has-post-thumbnail","6":"product_cat-rode-wijn","7":"product_cat-flessen","8":"product_cat-local-friday-2025","9":"product_tag-local-friday-2025","10":"product_tag-raices-ibericas","11":"product_shipping_class-flessen","13":"first","14":"instock","15":"taxable","16":"shipping-taxable","17":"purchasable","18":"product-type-simple"},"acf":{"jaargang":"2021","volume":75,"alcohol":13,"schenktemperatuur":"16\u00b0C - 18\u00b0C","Producent":[12943],"producent_search":"Ra\u00edces Ib\u00e9ricas","cuvee":"Prieto Picudo","land":"Spanje","regio":"Tierra de Le\u00f3n","appellatie":"Vino Tinto Varietal UE","Kracht":3,"intensiteit":3,"Verouderingspotentieel":4,"smaakprofiel":["Compact","Complex","Fris"],"aromas":["Kruidig","Volatiel","Zwart Fruit"],"Auteur":"Antoine","quote":"Soms wil je een fles opentrekken zonder dat je weet wat je erbij wil eten. Mooi rond, genoeg karakter en heel goede prijs. Stop maar met zoeken, je vond net een prachtige fles wijn.","druif":["Prieto Picudo"],"awards":"","bio":false},"_links":{"self":[{"href":"https:\/\/finewinegang.be\/nl\/wp-json\/wp\/v2\/product\/13443","targetHints":{"allow":["GET"]}}],"collection":[{"href":"https:\/\/finewinegang.be\/nl\/wp-json\/wp\/v2\/product"}],"about":[{"href":"https:\/\/finewinegang.be\/nl\/wp-json\/wp\/v2\/types\/product"}],"version-history":[{"count":3,"href":"https:\/\/finewinegang.be\/nl\/wp-json\/wp\/v2\/product\/13443\/revisions"}],"predecessor-version":[{"id":14263,"href":"https:\/\/finewinegang.be\/nl\/wp-json\/wp\/v2\/product\/13443\/revisions\/14263"}],"acf:post":[{"embeddable":true,"href":"https:\/\/finewinegang.be\/nl\/wp-json\/wp\/v2\/producent\/12943"}],"wp:featuredmedia":[{"embeddable":true,"href":"https:\/\/finewinegang.be\/nl\/wp-json\/wp\/v2\/media\/13806"}],"wp:attachment":[{"href":"https:\/\/finewinegang.be\/nl\/wp-json\/wp\/v2\/media?parent=13443"}],"wp:term":[{"taxonomy":"product_brand","embeddable":true,"href":"https:\/\/finewinegang.be\/nl\/wp-json\/wp\/v2\/product_brand?post=13443"},{"taxonomy":"product_cat","embeddable":true,"href":"https:\/\/finewinegang.be\/nl\/wp-json\/wp\/v2\/product_cat?post=13443"},{"taxonomy":"product_tag","embeddable":true,"href":"https:\/\/finewinegang.be\/nl\/wp-json\/wp\/v2\/product_tag?post=13443"}],"curies":[{"name":"wp","href":"https:\/\/api.w.org\/{rel}","templated":true}]}}