{"id":13438,"date":"2024-05-23T11:08:08","date_gmt":"2024-05-23T09:08:08","guid":{"rendered":"https:\/\/finewinegang.be\/?post_type=product&#038;p=13438"},"modified":"2026-04-01T11:49:39","modified_gmt":"2026-04-01T09:49:39","slug":"maison-les-alexandrins-crozes-rouge-2020","status":"publish","type":"product","link":"https:\/\/finewinegang.be\/nl\/product\/maison-les-alexandrins-crozes-rouge-2020\/","title":{"rendered":"Maison Les Alexandrins Crozes rouge 2020"},"content":{"rendered":"","protected":false},"excerpt":{"rendered":"<p>Geniet van de complexiteit van Maison Les Alexandrins MLA Crozes rouge, een rode wijn uit de Rh\u00f4ne-vallei met een rijke smaak.<\/p>\n","protected":false},"featured_media":14012,"template":"","meta":{"_acf_changed":false,"subtitle":"","day_of_the_week":"","starting_time":0,"location":"","other_location_name":"","other_location_street_number":"","other_location_zip":"","other_location_city":"","other_location_address_itinerary_link":"","other_location_email_to_keep_updated":""},"product_brand":[],"product_cat":[255,389],"product_tag":[],"class_list":{"0":"post-13438","1":"product","2":"type-product","3":"status-publish","4":"has-post-thumbnail","6":"product_cat-flessen","7":"product_cat-rode-wijn","8":"product_shipping_class-flessen","10":"first","11":"instock","12":"taxable","13":"shipping-taxable","14":"purchasable","15":"product-type-simple"},"acf":{"jaargang":"2020","volume":75,"alcohol":13,"schenktemperatuur":"14\u00b0C - 16\u00b0C","Producent":[12938],"producent_search":"Maison Les Alexandrins","cuvee":"MLA Crozes rouge","land":"Frankrijk","regio":"C\u00f4tes-du-Rh\u00f4ne","appellatie":"AOC C\u00f4tes du Rh\u00f4ne","Kracht":4,"intensiteit":3,"Verouderingspotentieel":3,"smaakprofiel":["Complex","Intens","Zijdezacht"],"aromas":["Braadjus","Bramen","Violet"],"Auteur":"Stijn","quote":"Syrah op zijn paasbest. Een thuismatch win je altijd net wat makkelijker.","druif":["Syrah"],"awards":"","bio":false},"_links":{"self":[{"href":"https:\/\/finewinegang.be\/nl\/wp-json\/wp\/v2\/product\/13438","targetHints":{"allow":["GET"]}}],"collection":[{"href":"https:\/\/finewinegang.be\/nl\/wp-json\/wp\/v2\/product"}],"about":[{"href":"https:\/\/finewinegang.be\/nl\/wp-json\/wp\/v2\/types\/product"}],"version-history":[{"count":4,"href":"https:\/\/finewinegang.be\/nl\/wp-json\/wp\/v2\/product\/13438\/revisions"}],"predecessor-version":[{"id":14247,"href":"https:\/\/finewinegang.be\/nl\/wp-json\/wp\/v2\/product\/13438\/revisions\/14247"}],"acf:post":[{"embeddable":true,"href":"https:\/\/finewinegang.be\/nl\/wp-json\/wp\/v2\/producent\/12938"}],"wp:featuredmedia":[{"embeddable":true,"href":"https:\/\/finewinegang.be\/nl\/wp-json\/wp\/v2\/media\/14012"}],"wp:attachment":[{"href":"https:\/\/finewinegang.be\/nl\/wp-json\/wp\/v2\/media?parent=13438"}],"wp:term":[{"taxonomy":"product_brand","embeddable":true,"href":"https:\/\/finewinegang.be\/nl\/wp-json\/wp\/v2\/product_brand?post=13438"},{"taxonomy":"product_cat","embeddable":true,"href":"https:\/\/finewinegang.be\/nl\/wp-json\/wp\/v2\/product_cat?post=13438"},{"taxonomy":"product_tag","embeddable":true,"href":"https:\/\/finewinegang.be\/nl\/wp-json\/wp\/v2\/product_tag?post=13438"}],"curies":[{"name":"wp","href":"https:\/\/api.w.org\/{rel}","templated":true}]}}