{"id":13423,"date":"2024-05-23T11:08:03","date_gmt":"2024-05-23T09:08:03","guid":{"rendered":"https:\/\/finewinegang.be\/?post_type=product&#038;p=13423"},"modified":"2026-04-22T13:34:00","modified_gmt":"2026-04-22T11:34:00","slug":"marimar-estate-albarino-don-miguel-vineyard-2020","status":"publish","type":"product","link":"https:\/\/finewinegang.be\/nl\/product\/marimar-estate-albarino-don-miguel-vineyard-2020\/","title":{"rendered":"Marimar Estate Albari\u00f1o &#8216;Don Miguel Vineyard&#8217; 2020"},"content":{"rendered":"","protected":false},"excerpt":{"rendered":"<p>Ontdek de verfrissende tonen van Marimar Estate Albari\u00f1o &#8216;Don Miguel Vineyard&#8217;, een Californische witte wijn die de Galicische kust tot leven brengt.<\/p>\n","protected":false},"featured_media":13670,"template":"","meta":{"_acf_changed":false,"subtitle":"","day_of_the_week":"","starting_time":0,"location":"","other_location_name":"","other_location_street_number":"","other_location_zip":"","other_location_city":"","other_location_address_itinerary_link":"","other_location_email_to_keep_updated":""},"product_brand":[],"product_cat":[391,255],"product_tag":[545],"class_list":{"0":"post-13423","1":"product","2":"type-product","3":"status-publish","4":"has-post-thumbnail","6":"product_cat-witte-wijn","7":"product_cat-flessen","8":"product_tag-marimar-estate","9":"product_shipping_class-flessen","11":"first","12":"instock","13":"taxable","14":"shipping-taxable","15":"purchasable","16":"product-type-simple"},"acf":{"jaargang":"2020","volume":75,"alcohol":13,"schenktemperatuur":"10\u00b0C - 12\u00b0C","Producent":[13106],"producent_search":"Marimar Estate","cuvee":"Albari\u00f1o 'Don Miguel Vineyard'","land":"Verenigde Staten","regio":"California","appellatie":"AVA Russian River Valley","Kracht":3,"intensiteit":3,"Verouderingspotentieel":2,"smaakprofiel":["Exotisch","Pittig"],"aromas":["Citrus","Exotische Vruchten","Groene Appel"],"Auteur":"Antoine","quote":"Een Albari\u00f1o is Californi\u00eb? Echt? Jawel, maar verwacht je niet aan een typische Rias Baixas maar een echte Californi\u00ebr. Een handgemaakt juweeltje.","druif":["Albari\u00f1o"],"awards":"","bio":false},"_links":{"self":[{"href":"https:\/\/finewinegang.be\/nl\/wp-json\/wp\/v2\/product\/13423","targetHints":{"allow":["GET"]}}],"collection":[{"href":"https:\/\/finewinegang.be\/nl\/wp-json\/wp\/v2\/product"}],"about":[{"href":"https:\/\/finewinegang.be\/nl\/wp-json\/wp\/v2\/types\/product"}],"version-history":[{"count":2,"href":"https:\/\/finewinegang.be\/nl\/wp-json\/wp\/v2\/product\/13423\/revisions"}],"predecessor-version":[{"id":14251,"href":"https:\/\/finewinegang.be\/nl\/wp-json\/wp\/v2\/product\/13423\/revisions\/14251"}],"acf:post":[{"embeddable":true,"href":"https:\/\/finewinegang.be\/nl\/wp-json\/wp\/v2\/producent\/13106"}],"wp:featuredmedia":[{"embeddable":true,"href":"https:\/\/finewinegang.be\/nl\/wp-json\/wp\/v2\/media\/13670"}],"wp:attachment":[{"href":"https:\/\/finewinegang.be\/nl\/wp-json\/wp\/v2\/media?parent=13423"}],"wp:term":[{"taxonomy":"product_brand","embeddable":true,"href":"https:\/\/finewinegang.be\/nl\/wp-json\/wp\/v2\/product_brand?post=13423"},{"taxonomy":"product_cat","embeddable":true,"href":"https:\/\/finewinegang.be\/nl\/wp-json\/wp\/v2\/product_cat?post=13423"},{"taxonomy":"product_tag","embeddable":true,"href":"https:\/\/finewinegang.be\/nl\/wp-json\/wp\/v2\/product_tag?post=13423"}],"curies":[{"name":"wp","href":"https:\/\/api.w.org\/{rel}","templated":true}]}}