{"id":13415,"date":"2024-05-23T11:08:01","date_gmt":"2024-05-23T09:08:01","guid":{"rendered":"https:\/\/finewinegang.be\/?post_type=product&#038;p=13415"},"modified":"2026-04-22T13:31:59","modified_gmt":"2026-04-22T11:31:59","slug":"lenzmark-wines-new-chapter-2020","status":"publish","type":"product","link":"https:\/\/finewinegang.be\/nl\/product\/lenzmark-wines-new-chapter-2020\/","title":{"rendered":"Lenzmark wines New Chapter 2020"},"content":{"rendered":"","protected":false},"excerpt":{"rendered":"<p>Ontdek een nieuwe dimensie van verfijning met Lenzmark Wines New Chapter, een witte wijn die de zintuigen betovert met zijn complexiteit.<\/p>\n","protected":false},"featured_media":13921,"template":"","meta":{"_acf_changed":false,"subtitle":"","day_of_the_week":"Monday","starting_time":0,"location":"ANTWERP","other_location_name":"","other_location_street_number":"","other_location_zip":"","other_location_city":"","other_location_address_itinerary_link":"","other_location_email_to_keep_updated":""},"product_brand":[],"product_cat":[391,255,596],"product_tag":[573,595],"class_list":{"0":"post-13415","1":"product","2":"type-product","3":"status-publish","4":"has-post-thumbnail","6":"product_cat-witte-wijn","7":"product_cat-flessen","8":"product_cat-local-friday-2025","9":"product_tag-huber","10":"product_tag-local-friday-2025","11":"product_shipping_class-flessen","13":"first","14":"instock","15":"taxable","16":"shipping-taxable","17":"purchasable","18":"product-type-simple"},"acf":{"jaargang":"2020","volume":75,"alcohol":13,"schenktemperatuur":"8\u00b0C - 11\u00b0C","Producent":[13086],"producent_search":"Lenzmark wines","cuvee":"New Chapter","land":"Oostenrijk","regio":"Nieder\u00f6sterreich","appellatie":"Nidder\u00f6sterreich","Kracht":3,"intensiteit":3,"Verouderingspotentieel":3,"smaakprofiel":["Bloemig","Rijk","Smaakvol"],"aromas":["Appel","Limoen","Witte Peper"],"Auteur":"Antoine","quote":"Markus en Lenz waren op zoek naar de benchmark Gr\u00fcner, en hebben hem gecre\u00eberd. Wat een wijn! Je herkent onmiddellijk zijn Oostenrijkse roots in een schitterend glas wijn.","druif":["Gr\u00fcner Veltliner"],"awards":"","bio":false},"_links":{"self":[{"href":"https:\/\/finewinegang.be\/nl\/wp-json\/wp\/v2\/product\/13415","targetHints":{"allow":["GET"]}}],"collection":[{"href":"https:\/\/finewinegang.be\/nl\/wp-json\/wp\/v2\/product"}],"about":[{"href":"https:\/\/finewinegang.be\/nl\/wp-json\/wp\/v2\/types\/product"}],"version-history":[{"count":2,"href":"https:\/\/finewinegang.be\/nl\/wp-json\/wp\/v2\/product\/13415\/revisions"}],"predecessor-version":[{"id":14243,"href":"https:\/\/finewinegang.be\/nl\/wp-json\/wp\/v2\/product\/13415\/revisions\/14243"}],"acf:post":[{"embeddable":true,"href":"https:\/\/finewinegang.be\/nl\/wp-json\/wp\/v2\/producent\/13086"}],"wp:featuredmedia":[{"embeddable":true,"href":"https:\/\/finewinegang.be\/nl\/wp-json\/wp\/v2\/media\/13921"}],"wp:attachment":[{"href":"https:\/\/finewinegang.be\/nl\/wp-json\/wp\/v2\/media?parent=13415"}],"wp:term":[{"taxonomy":"product_brand","embeddable":true,"href":"https:\/\/finewinegang.be\/nl\/wp-json\/wp\/v2\/product_brand?post=13415"},{"taxonomy":"product_cat","embeddable":true,"href":"https:\/\/finewinegang.be\/nl\/wp-json\/wp\/v2\/product_cat?post=13415"},{"taxonomy":"product_tag","embeddable":true,"href":"https:\/\/finewinegang.be\/nl\/wp-json\/wp\/v2\/product_tag?post=13415"}],"curies":[{"name":"wp","href":"https:\/\/api.w.org\/{rel}","templated":true}]}}