{"id":13412,"date":"2024-05-28T22:09:09","date_gmt":"2024-05-28T20:09:09","guid":{"rendered":"https:\/\/finewinegang.be\/?post_type=product&#038;p=13412"},"modified":"2026-04-22T13:32:43","modified_gmt":"2026-04-22T11:32:43","slug":"raices-ibericas-albarin-2022","status":"publish","type":"product","link":"https:\/\/finewinegang.be\/nl\/product\/raices-ibericas-albarin-2022\/","title":{"rendered":"Ra\u00edces Ib\u00e9ricas Albarin 2022"},"content":{"rendered":"","protected":false},"excerpt":{"rendered":"<p>Verken de unieke karakteristieken van Raices Ibericas Albarin, een Spaanse wijn die de essentie van het land vastlegt<\/p>\n","protected":false},"featured_media":13935,"template":"","meta":{"_acf_changed":false,"subtitle":"","day_of_the_week":"Monday","starting_time":0,"location":"ANTWERP","other_location_name":"","other_location_street_number":"","other_location_zip":"","other_location_city":"","other_location_address_itinerary_link":"","other_location_email_to_keep_updated":""},"product_brand":[],"product_cat":[391,255,596],"product_tag":[595,397],"class_list":{"0":"post-13412","1":"product","2":"type-product","3":"status-publish","4":"has-post-thumbnail","6":"product_cat-witte-wijn","7":"product_cat-flessen","8":"product_cat-local-friday-2025","9":"product_tag-local-friday-2025","10":"product_tag-raices-ibericas","11":"product_shipping_class-flessen","13":"first","14":"instock","15":"taxable","16":"shipping-taxable","17":"purchasable","18":"product-type-simple"},"acf":{"jaargang":"2022","volume":75,"alcohol":13.5,"schenktemperatuur":"9\u00b0C - 11\u00b0C","Producent":[12943],"producent_search":"Ra\u00edces Ib\u00e9ricas","cuvee":"Albarin","land":"Spanje","regio":"Cantabria &amp; Castilla y Le\u00f3n","appellatie":"Tierra de Le\u00f3n","Kracht":3,"intensiteit":3,"Verouderingspotentieel":4,"smaakprofiel":["Citrus","Fris","Rond"],"aromas":["Groene Kruiden","Pompelmoes","Vuursteen"],"Auteur":"Stijn","quote":"Nee, nee, en nog eens nee, we hebben het niet over albari\u00f1o maar over albarin! Een druivensoort uit Asturias die bijna verdwenen was tot het moment dat een paar wijnboeren met nieuwe aanplantingen van start gingen. Vooral te vinden in het zuidwesten in de buurt van Cangas de Narcea. Maar veel belangrijker..... schitterende wijn.","druif":["Albarin"],"awards":"","bio":false},"_links":{"self":[{"href":"https:\/\/finewinegang.be\/nl\/wp-json\/wp\/v2\/product\/13412","targetHints":{"allow":["GET"]}}],"collection":[{"href":"https:\/\/finewinegang.be\/nl\/wp-json\/wp\/v2\/product"}],"about":[{"href":"https:\/\/finewinegang.be\/nl\/wp-json\/wp\/v2\/types\/product"}],"version-history":[{"count":3,"href":"https:\/\/finewinegang.be\/nl\/wp-json\/wp\/v2\/product\/13412\/revisions"}],"predecessor-version":[{"id":14261,"href":"https:\/\/finewinegang.be\/nl\/wp-json\/wp\/v2\/product\/13412\/revisions\/14261"}],"acf:post":[{"embeddable":true,"href":"https:\/\/finewinegang.be\/nl\/wp-json\/wp\/v2\/producent\/12943"}],"wp:featuredmedia":[{"embeddable":true,"href":"https:\/\/finewinegang.be\/nl\/wp-json\/wp\/v2\/media\/13935"}],"wp:attachment":[{"href":"https:\/\/finewinegang.be\/nl\/wp-json\/wp\/v2\/media?parent=13412"}],"wp:term":[{"taxonomy":"product_brand","embeddable":true,"href":"https:\/\/finewinegang.be\/nl\/wp-json\/wp\/v2\/product_brand?post=13412"},{"taxonomy":"product_cat","embeddable":true,"href":"https:\/\/finewinegang.be\/nl\/wp-json\/wp\/v2\/product_cat?post=13412"},{"taxonomy":"product_tag","embeddable":true,"href":"https:\/\/finewinegang.be\/nl\/wp-json\/wp\/v2\/product_tag?post=13412"}],"curies":[{"name":"wp","href":"https:\/\/api.w.org\/{rel}","templated":true}]}}