{"id":10645,"date":"2024-03-28T09:35:05","date_gmt":"2024-03-28T08:35:05","guid":{"rendered":"https:\/\/dev.finewinegang.be\/?post_type=product&#038;p=10645"},"modified":"2026-04-07T15:03:58","modified_gmt":"2026-04-07T13:03:58","slug":"berte-cordini-cuvee-della-casa-extra-brut","status":"publish","type":"product","link":"https:\/\/finewinegang.be\/nl\/product\/berte-cordini-cuvee-della-casa-extra-brut\/","title":{"rendered":"Bert\u00e8 &#038; Cordini Cuv\u00e9e della Casa Extra-Brut"},"content":{"rendered":"","protected":false},"excerpt":{"rendered":"<p><span data-sheets-root=\"1\" data-sheets-value=\"{&quot;1&quot;:2,&quot;2&quot;:&quot;Ontdek de verfijnde elegantie van Bert\u00e9 &amp; Cordini Cuv\u00e9e della Casa Extra-Brut, een sprankelende viering van smaak en vakmanschap.&quot;}\" data-sheets-userformat=\"{&quot;2&quot;:8961,&quot;3&quot;:{&quot;1&quot;:0},&quot;11&quot;:4,&quot;12&quot;:0,&quot;16&quot;:10}\">Ontdek de verfijnde elegantie van Bert\u00e9 &amp; Cordini Cuv\u00e9e della Casa Extra-Brut, een sprankelende viering van smaak en vakmanschap.<\/span><\/p>\n","protected":false},"featured_media":10979,"template":"","meta":{"_acf_changed":false,"subtitle":"","day_of_the_week":"Monday","starting_time":0,"location":"ANTWERP","other_location_name":"","other_location_street_number":"","other_location_zip":"","other_location_city":"","other_location_address_itinerary_link":"","other_location_email_to_keep_updated":""},"product_brand":[],"product_cat":[267,255],"product_tag":[],"class_list":{"0":"post-10645","1":"product","2":"type-product","3":"status-publish","4":"has-post-thumbnail","6":"product_cat-mousserende-wijn","7":"product_cat-flessen","8":"product_shipping_class-flessen","10":"first","11":"instock","12":"taxable","13":"shipping-taxable","14":"purchasable","15":"product-type-simple"},"acf":{"jaargang":"Non Vintage","volume":75,"alcohol":12.5,"schenktemperatuur":"4\u00b0C - 7\u00b0C","Producent":[12926],"producent_search":"Bert\u00e9 & Cordini","cuvee":"Cuv\u00e9e della Casa Extra-Brut","land":"Itali\u00eb","regio":"Lombardia","appellatie":"Oltrepo Pavese metodo classico","Kracht":2,"intensiteit":2,"Verouderingspotentieel":1,"smaakprofiel":["Complex","Fijne Pareling","Mineraal"],"aromas":["Appel","Brioche","Perzik"],"Auteur":"Stijn","quote":"Denk aan de beste sparkling wijn die je kent, mooi in balans en behoorlijk complex. Denk aan feest en speciale momenten.","druif":["Pinot Noir"],"awards":"","bio":false},"_links":{"self":[{"href":"https:\/\/finewinegang.be\/nl\/wp-json\/wp\/v2\/product\/10645","targetHints":{"allow":["GET"]}}],"collection":[{"href":"https:\/\/finewinegang.be\/nl\/wp-json\/wp\/v2\/product"}],"about":[{"href":"https:\/\/finewinegang.be\/nl\/wp-json\/wp\/v2\/types\/product"}],"version-history":[{"count":6,"href":"https:\/\/finewinegang.be\/nl\/wp-json\/wp\/v2\/product\/10645\/revisions"}],"predecessor-version":[{"id":22660,"href":"https:\/\/finewinegang.be\/nl\/wp-json\/wp\/v2\/product\/10645\/revisions\/22660"}],"acf:post":[{"embeddable":true,"href":"https:\/\/finewinegang.be\/nl\/wp-json\/wp\/v2\/producent\/12926"}],"wp:featuredmedia":[{"embeddable":true,"href":"https:\/\/finewinegang.be\/nl\/wp-json\/wp\/v2\/media\/10979"}],"wp:attachment":[{"href":"https:\/\/finewinegang.be\/nl\/wp-json\/wp\/v2\/media?parent=10645"}],"wp:term":[{"taxonomy":"product_brand","embeddable":true,"href":"https:\/\/finewinegang.be\/nl\/wp-json\/wp\/v2\/product_brand?post=10645"},{"taxonomy":"product_cat","embeddable":true,"href":"https:\/\/finewinegang.be\/nl\/wp-json\/wp\/v2\/product_cat?post=10645"},{"taxonomy":"product_tag","embeddable":true,"href":"https:\/\/finewinegang.be\/nl\/wp-json\/wp\/v2\/product_tag?post=10645"}],"curies":[{"name":"wp","href":"https:\/\/api.w.org\/{rel}","templated":true}]}}