{"id":10641,"date":"2024-03-28T09:24:31","date_gmt":"2024-03-28T08:24:31","guid":{"rendered":"https:\/\/dev.finewinegang.be\/?post_type=product&#038;p=10641"},"modified":"2026-04-22T13:30:18","modified_gmt":"2026-04-22T11:30:18","slug":"berte-cordini-pinot-nero-bianco-frizzante-2020","status":"publish","type":"product","link":"https:\/\/finewinegang.be\/nl\/product\/berte-cordini-pinot-nero-bianco-frizzante-2020\/","title":{"rendered":"Bert\u00e9 &#038; Cordini Pinot Nero Bianco Frizzante 2020"},"content":{"rendered":"","protected":false},"excerpt":{"rendered":"<p>Geniet van de sprankelende verrukking van de Pinot Nero Bianco Frizzante 2020 van Bert\u00e9 en Cordini. Een verfrissende wijn met subtiele aroma&#8217;s.<\/p>\n","protected":false},"featured_media":14793,"template":"","meta":{"_acf_changed":false,"subtitle":"","day_of_the_week":"Monday","starting_time":0,"location":"ANTWERP","other_location_name":"","other_location_street_number":"","other_location_zip":"","other_location_city":"","other_location_address_itinerary_link":"","other_location_email_to_keep_updated":""},"product_brand":[],"product_cat":[267,255,596],"product_tag":[595],"class_list":{"0":"post-10641","1":"product","2":"type-product","3":"status-publish","4":"has-post-thumbnail","6":"product_cat-mousserende-wijn","7":"product_cat-flessen","8":"product_cat-local-friday-2025","9":"product_tag-local-friday-2025","11":"first","12":"instock","13":"taxable","14":"shipping-taxable","15":"purchasable","16":"product-type-simple"},"acf":{"jaargang":"2020","volume":75,"alcohol":11.5,"schenktemperatuur":"4\u00b0C - 7\u00b0C","Producent":[12926],"producent_search":"Bert\u00e9 & Cordini","cuvee":"Pinot Nero Bianco Frizzante","land":"Itali\u00eb","regio":"Lombardia","appellatie":"Oltrep\u00f2 Pavese DOC Frizzante","Kracht":1,"intensiteit":3,"Verouderingspotentieel":1,"smaakprofiel":["Aangenaam","Easy Drinking","Fruitig"],"aromas":["Citrus","Peer","Rode Vruchten"],"Auteur":"Antoine","quote":"Het is een pinot uit de duizend: wit, met heel fijne bubbels, vol fruit en een lichtzoetige toets. Onweerstaanbaar!","druif":["Pinot Noir"],"awards":"","bio":false},"_links":{"self":[{"href":"https:\/\/finewinegang.be\/nl\/wp-json\/wp\/v2\/product\/10641","targetHints":{"allow":["GET"]}}],"collection":[{"href":"https:\/\/finewinegang.be\/nl\/wp-json\/wp\/v2\/product"}],"about":[{"href":"https:\/\/finewinegang.be\/nl\/wp-json\/wp\/v2\/types\/product"}],"version-history":[{"count":8,"href":"https:\/\/finewinegang.be\/nl\/wp-json\/wp\/v2\/product\/10641\/revisions"}],"predecessor-version":[{"id":14502,"href":"https:\/\/finewinegang.be\/nl\/wp-json\/wp\/v2\/product\/10641\/revisions\/14502"}],"acf:post":[{"embeddable":true,"href":"https:\/\/finewinegang.be\/nl\/wp-json\/wp\/v2\/producent\/12926"}],"wp:featuredmedia":[{"embeddable":true,"href":"https:\/\/finewinegang.be\/nl\/wp-json\/wp\/v2\/media\/14793"}],"wp:attachment":[{"href":"https:\/\/finewinegang.be\/nl\/wp-json\/wp\/v2\/media?parent=10641"}],"wp:term":[{"taxonomy":"product_brand","embeddable":true,"href":"https:\/\/finewinegang.be\/nl\/wp-json\/wp\/v2\/product_brand?post=10641"},{"taxonomy":"product_cat","embeddable":true,"href":"https:\/\/finewinegang.be\/nl\/wp-json\/wp\/v2\/product_cat?post=10641"},{"taxonomy":"product_tag","embeddable":true,"href":"https:\/\/finewinegang.be\/nl\/wp-json\/wp\/v2\/product_tag?post=10641"}],"curies":[{"name":"wp","href":"https:\/\/api.w.org\/{rel}","templated":true}]}}