{"id":12121,"date":"2024-04-29T13:38:24","date_gmt":"2024-04-29T11:38:24","guid":{"rendered":"https:\/\/finewinegang.be\/?page_id=12121"},"modified":"2024-05-22T13:34:00","modified_gmt":"2024-05-22T11:34:00","slug":"nieuwe-webshop","status":"publish","type":"page","link":"https:\/\/finewinegang.be\/nl\/nieuwe-webshop\/","title":{"rendered":"Nieuwe webshop"},"content":{"rendered":"\t\t<div data-elementor-type=\"wp-page\" data-elementor-id=\"12121\" class=\"elementor elementor-12121\" data-elementor-post-type=\"page\">\n\t\t\t\t<div class=\"wd-negative-gap elementor-element elementor-element-e8969ff e-flex e-con-boxed e-con e-parent\" data-id=\"e8969ff\" data-element_type=\"container\" data-e-type=\"container\" data-settings=\"{&quot;jet_parallax_layout_list&quot;:[]}\">\n\t\t\t\t\t<div class=\"e-con-inner\">\n\t\t<div class=\"wd-negative-gap elementor-element elementor-element-c0254dc e-flex e-con-boxed e-con e-child\" data-id=\"c0254dc\" data-element_type=\"container\" data-e-type=\"container\" data-settings=\"{&quot;jet_parallax_layout_list&quot;:[]}\">\n\t\t\t\t\t<div class=\"e-con-inner\">\n\t\t<div class=\"elementor-element elementor-element-a0f3a98 e-con-full e-flex e-con e-child\" data-id=\"a0f3a98\" data-element_type=\"container\" data-e-type=\"container\" data-settings=\"{&quot;jet_parallax_layout_list&quot;:[]}\">\n\t\t\t\t<div class=\"elementor-element elementor-element-472b024 wd-width-100 elementor-widget elementor-widget-wd_title\" data-id=\"472b024\" data-element_type=\"widget\" data-e-type=\"widget\" data-widget_type=\"wd_title.default\">\n\t\t\t\t<div class=\"elementor-widget-container\">\n\t\t\t\t\t\t\t<div class=\"title-wrapper wd-set-mb reset-last-child wd-title-color-default wd-title-style-bordered wd-title-size-default text-left\">\n\n\t\t\t\n\t\t\t<div class=\"liner-continer\">\n\t\t\t\t<h1 class=\"woodmart-title-container title wd-fontsize-l\">Schrijf je nu in en krijg 10% korting op je eerste bestelling <br>in onze webshop<\/h1> \n\t\t\t\t\t\t\t<\/div>\n\n\t\t\t\t\t<\/div>\n\t\t\t\t\t\t<\/div>\n\t\t\t\t<\/div>\n\t\t\t\t<\/div>\n\t\t<div class=\"elementor-element elementor-element-d0c7366 e-con-full e-flex e-con e-child\" data-id=\"d0c7366\" data-element_type=\"container\" data-e-type=\"container\" data-settings=\"{&quot;jet_parallax_layout_list&quot;:[]}\">\n\t\t\t\t<div class=\"elementor-element elementor-element-78b6661 elementor-countdown--label-block elementor-widget elementor-widget-countdown\" data-id=\"78b6661\" data-element_type=\"widget\" data-e-type=\"widget\" data-widget_type=\"countdown.default\">\n\t\t\t\t<div class=\"elementor-widget-container\">\n\t\t\t\t\t\t\t<div data-expire-actions=\"[{&quot;type&quot;:&quot;hide&quot;}]\" class=\"elementor-countdown-wrapper\" data-date=\"1717149600\">\n\t\t\t<div class=\"elementor-countdown-item\"><span class=\"elementor-countdown-digits elementor-countdown-days\"><\/span> <span class=\"elementor-countdown-label\">Dagen<\/span><\/div><div class=\"elementor-countdown-item\"><span class=\"elementor-countdown-digits elementor-countdown-hours\"><\/span> <span class=\"elementor-countdown-label\">Uren<\/span><\/div><div class=\"elementor-countdown-item\"><span class=\"elementor-countdown-digits elementor-countdown-minutes\"><\/span> <span class=\"elementor-countdown-label\">Minuten<\/span><\/div><div class=\"elementor-countdown-item\"><span class=\"elementor-countdown-digits elementor-countdown-seconds\"><\/span> <span class=\"elementor-countdown-label\">Seconden<\/span><\/div>\t\t<\/div>\n\t\t\t\t\t\t<\/div>\n\t\t\t\t<\/div>\n\t\t\t\t<div class=\"elementor-element elementor-element-7770d9c elementor-widget elementor-widget-wd_text_block\" data-id=\"7770d9c\" data-element_type=\"widget\" data-e-type=\"widget\" data-widget_type=\"wd_text_block.default\">\n\t\t\t\t<div class=\"elementor-widget-container\">\n\t\t\t\t\t\t\t<div class=\"wd-text-block reset-last-child text-left\">\n\t\t\t\n\t\t\t<p><span class=\"TextRun SCXW85946650 BCX0\" lang=\"NL-BE\" xml:lang=\"NL-BE\" data-contrast=\"auto\"><span class=\"NormalTextRun SCXW85946650 BCX0\">Binnenkort lanceren wij onze webshop. Een unieke selectie van bijzondere wijn en spirits die we tot aan je deur leveren. <\/span><\/span><\/p><p><span class=\"TextRun SCXW85946650 BCX0\" lang=\"NL-BE\" xml:lang=\"NL-BE\" data-contrast=\"auto\"><span class=\"NormalTextRun SCXW85946650 BCX0\">Schrijf je nu in en krijg 10% korting op je eerste bestelling. Je krijgt de code toegestuurd via e-mail van zodra onze webshop open is.<\/span><\/span><span class=\"EOP SCXW85946650 BCX0\" data-ccp-props=\"{&quot;201341983&quot;:0,&quot;335559739&quot;:160,&quot;335559740&quot;:259}\">\u00a0<\/span><\/p>\n\t\t\t\t\t<\/div>\n\t\t\t\t\t\t<\/div>\n\t\t\t\t<\/div>\n\t\t\t\t<\/div>\n\t\t<div class=\"elementor-element elementor-element-1407356 e-con-full e-flex e-con e-child\" data-id=\"1407356\" data-element_type=\"container\" data-e-type=\"container\" data-settings=\"{&quot;jet_parallax_layout_list&quot;:[]}\">\n\t\t\t\t<div class=\"elementor-element elementor-element-39f2d2b elementor-button-align-stretch elementor-widget elementor-widget-form\" data-id=\"39f2d2b\" data-element_type=\"widget\" data-e-type=\"widget\" data-settings=\"{&quot;step_next_label&quot;:&quot;Volgende&quot;,&quot;step_previous_label&quot;:&quot;Vorige&quot;,&quot;button_width&quot;:&quot;100&quot;,&quot;step_type&quot;:&quot;number_text&quot;,&quot;step_icon_shape&quot;:&quot;circle&quot;}\" data-widget_type=\"form.default\">\n\t\t\t\t<div class=\"elementor-widget-container\">\n\t\t\t\t\t\t\t<form class=\"elementor-form\" method=\"post\" name=\"Contactform NL\" aria-label=\"Contactform NL\" novalidate=\"\">\n\t\t\t<input type=\"hidden\" name=\"post_id\" value=\"12121\"\/>\n\t\t\t<input type=\"hidden\" name=\"form_id\" value=\"39f2d2b\"\/>\n\t\t\t<input type=\"hidden\" name=\"referer_title\" value=\"Nieuwe webshop - The Fine Wine Gang\" \/>\n\n\t\t\t\t\t\t\t<input type=\"hidden\" name=\"queried_id\" value=\"12121\"\/>\n\t\t\t\n\t\t\t<div class=\"elementor-form-fields-wrapper elementor-labels-above\">\n\t\t\t\t\t\t\t\t<div class=\"elementor-field-type-text elementor-field-group elementor-column elementor-field-group-first_name elementor-col-50 elementor-field-required elementor-mark-required\">\n\t\t\t\t\t\t\t\t\t\t\t\t<label for=\"form-field-first_name\" class=\"elementor-field-label\">\n\t\t\t\t\t\t\t\tVoornaam\t\t\t\t\t\t\t<\/label>\n\t\t\t\t\t\t\t\t\t\t\t\t\t\t<input size=\"1\" type=\"text\" name=\"form_fields[first_name]\" id=\"form-field-first_name\" class=\"elementor-field elementor-size-md  elementor-field-textual\" required=\"required\">\n\t\t\t\t\t\t\t\t\t\t\t<\/div>\n\t\t\t\t\t\t\t\t<div class=\"elementor-field-type-text elementor-field-group elementor-column elementor-field-group-last_name elementor-col-50 elementor-field-required elementor-mark-required\">\n\t\t\t\t\t\t\t\t\t\t\t\t<label for=\"form-field-last_name\" class=\"elementor-field-label\">\n\t\t\t\t\t\t\t\tAchternaam\t\t\t\t\t\t\t<\/label>\n\t\t\t\t\t\t\t\t\t\t\t\t\t\t<input size=\"1\" type=\"text\" name=\"form_fields[last_name]\" id=\"form-field-last_name\" class=\"elementor-field elementor-size-md  elementor-field-textual\" required=\"required\">\n\t\t\t\t\t\t\t\t\t\t\t<\/div>\n\t\t\t\t\t\t\t\t<div class=\"elementor-field-type-email elementor-field-group elementor-column elementor-field-group-email elementor-col-100 elementor-field-required elementor-mark-required\">\n\t\t\t\t\t\t\t\t\t\t\t\t<label for=\"form-field-email\" class=\"elementor-field-label\">\n\t\t\t\t\t\t\t\tEmail\t\t\t\t\t\t\t<\/label>\n\t\t\t\t\t\t\t\t\t\t\t\t\t\t<input size=\"1\" type=\"email\" name=\"form_fields[email]\" id=\"form-field-email\" class=\"elementor-field elementor-size-md  elementor-field-textual\" required=\"required\">\n\t\t\t\t\t\t\t\t\t\t\t<\/div>\n\t\t\t\t\t\t\t\t<div class=\"elementor-field-type-hidden elementor-field-group elementor-column elementor-field-group-language elementor-col-100\">\n\t\t\t\t\t\t\t\t\t\t\t\t\t<input size=\"1\" type=\"hidden\" name=\"form_fields[language]\" id=\"form-field-language\" class=\"elementor-field elementor-size-md  elementor-field-textual\" value=\"nl\">\n\t\t\t\t\t\t\t\t\t\t\t<\/div>\n\t\t\t\t\t\t\t\t<div class=\"elementor-field-type-acceptance elementor-field-group elementor-column elementor-field-group-field_7e8b034 elementor-col-100 elementor-field-required elementor-mark-required\">\n\t\t\t\t\t\t\t<div class=\"elementor-field-subgroup\">\n\t\t\t<span class=\"elementor-field-option\">\n\t\t\t\t<input type=\"checkbox\" name=\"form_fields[field_7e8b034]\" id=\"form-field-field_7e8b034\" class=\"elementor-field elementor-size-md  elementor-acceptance-field\" required=\"required\">\n\t\t\t\t<label for=\"form-field-field_7e8b034\">Ik heb het <u><a href=\"http:\/\/16c.de0.myftpupload.com\/privacybeleid\/\" target=\"_blank\" rel=\"noopener\">privacybeleid<\/a><\/u> gelezen en ga hiermee akkoord.<\/label>\t\t\t<\/span>\n\t\t<\/div>\n\t\t\t\t\t\t<\/div>\n\t\t\t\t\t\t\t\t<div class=\"elementor-field-type-acceptance elementor-field-group elementor-column elementor-field-group-newsletter elementor-col-100\">\n\t\t\t\t\t\t\t<div class=\"elementor-field-subgroup\">\n\t\t\t<span class=\"elementor-field-option\">\n\t\t\t\t<input type=\"checkbox\" name=\"form_fields[newsletter]\" id=\"form-field-newsletter\" class=\"elementor-field elementor-size-md  elementor-acceptance-field\">\n\t\t\t\t<label for=\"form-field-newsletter\">Ik wens mij te abonneren op de nieuwsbrief.<\/label>\t\t\t<\/span>\n\t\t<\/div>\n\t\t\t\t\t\t<\/div>\n\t\t\t\t\t\t\t\t<div class=\"elementor-field-group elementor-column elementor-field-type-submit elementor-col-100 e-form__buttons\">\n\t\t\t\t\t<button class=\"elementor-button elementor-size-sm\" type=\"submit\">\n\t\t\t\t\t\t<span class=\"elementor-button-content-wrapper\">\n\t\t\t\t\t\t\t\t\t\t\t\t\t\t\t\t\t\t\t\t\t\t<span class=\"elementor-button-text\">Verzenden<\/span>\n\t\t\t\t\t\t\t\t\t\t\t\t\t<\/span>\n\t\t\t\t\t<\/button>\n\t\t\t\t<\/div>\n\t\t\t<\/div>\n\t\t<\/form>\n\t\t\t\t\t\t<\/div>\n\t\t\t\t<\/div>\n\t\t\t\t<\/div>\n\t\t\t\t\t<\/div>\n\t\t\t\t<\/div>\n\t\t\t\t\t<\/div>\n\t\t\t\t<\/div>\n\t\t<div class=\"wd-negative-gap elementor-element elementor-element-610068a e-flex e-con-boxed e-con e-parent\" data-id=\"610068a\" data-element_type=\"container\" data-e-type=\"container\" data-settings=\"{&quot;jet_parallax_layout_list&quot;:[]}\">\n\t\t\t\t\t<div class=\"e-con-inner\">\n\t\t\t\t<div class=\"elementor-element elementor-element-f5a49ef wd-width-100 elementor-widget elementor-widget-wd_title\" data-id=\"f5a49ef\" data-element_type=\"widget\" data-e-type=\"widget\" data-widget_type=\"wd_title.default\">\n\t\t\t\t<div class=\"elementor-widget-container\">\n\t\t\t\t\t\t\t<div class=\"title-wrapper wd-set-mb reset-last-child wd-title-color-default wd-title-style-default wd-title-size-default text-center\">\n\n\t\t\t\n\t\t\t<div class=\"liner-continer\">\n\t\t\t\t<h1 class=\"woodmart-title-container title wd-fontsize-l\">Onze webshop: een schat vol unieke wijn en spirits<\/h1> \n\t\t\t\t\t\t\t<\/div>\n\n\t\t\t\t\t<\/div>\n\t\t\t\t\t\t<\/div>\n\t\t\t\t<\/div>\n\t\t\t\t\t<\/div>\n\t\t\t\t<\/div>\n\t\t<div class=\"wd-negative-gap elementor-element elementor-element-4e7540e e-flex e-con-boxed e-con e-parent\" data-id=\"4e7540e\" data-element_type=\"container\" data-e-type=\"container\" data-settings=\"{&quot;jet_parallax_layout_list&quot;:[]}\">\n\t\t\t\t\t<div class=\"e-con-inner\">\n\t\t\t\t<div class=\"elementor-element elementor-element-50b0956 elementor-widget elementor-widget-wd_text_block\" data-id=\"50b0956\" data-element_type=\"widget\" data-e-type=\"widget\" data-widget_type=\"wd_text_block.default\">\n\t\t\t\t<div class=\"elementor-widget-container\">\n\t\t\t\t\t\t\t<div class=\"wd-text-block reset-last-child text-left\">\n\t\t\t\n\t\t\t<p>Je vindt volgende merken in onze webshop: Bert\u00e9 &amp; Cordini, Fleur de Miraval, Gusbourne, Vignobles Berthier, Maisons Les Alexandrins, I Campi, Garofoli, Ra\u00edces Ib\u00e9ricas, Abadia Retuarta, CVNE, Lenzmark Wines, Casa Ferreirinha, Quinta dos Carvalhais, Miguel Torres Chile, Agostino, Marimar Estate, Vinultra, Yalumba, Hecht &amp; Bannier, Gratavinum, Huber, Marimar Estate, Ferreira, Tanaka Chartier, Spiritus Rex, B\u00f4tan, Opius.<\/p>\n\t\t\t\t\t<\/div>\n\t\t\t\t\t\t<\/div>\n\t\t\t\t<\/div>\n\t\t\t\t<div class=\"elementor-element elementor-element-cacbfcd wd-width-100 elementor-widget elementor-widget-wd_images_gallery\" data-id=\"cacbfcd\" data-element_type=\"widget\" data-e-type=\"widget\" data-widget_type=\"wd_images_gallery.default\">\n\t\t\t\t<div class=\"elementor-widget-container\">\n\t\t\t\t\t\t\t<div class=\"wd-images-gallery photoswipe-images\" style=\"--wd-align-items:center; --wd-justify-content:center;\">\n\t\t\t\t\t\t<div class=\"wd-grid-g\" style=\"--wd-col-lg:3;--wd-col-md:3;--wd-col-sm:1;--wd-gap-lg:0px;\" >\n\t\t\t\t\t\t\t\t\t\t\t\t\t\t\t\t\t\t<div class=\"wd-gallery-item wd-col\">\n\t\t\t\t\t\t\t\t\t\t\t\t\t<a href=\"https:\/\/finewinegang.be\/wp-content\/uploads\/2024\/05\/The-Fine-Wine-Gang-Packshots11-3-min-scaled.jpg\" data-width=\"1707\" data-height=\"2560\" data-index=\"1\" data-elementor-open-lightbox=\"no\">\n\t\t\t\t\t\t\n\t\t\t\t\t\t<img loading=\"lazy\" decoding=\"async\" width=\"768\" height=\"1152\" src=\"https:\/\/finewinegang.be\/wp-content\/uploads\/2024\/05\/The-Fine-Wine-Gang-Packshots11-3-min-768x1152.jpg\" class=\"attachment-medium_large size-medium_large\" alt=\"The Fine Wine Gang - Packshots11 3-min\" srcset=\"https:\/\/finewinegang.be\/wp-content\/uploads\/2024\/05\/The-Fine-Wine-Gang-Packshots11-3-min-768x1152.jpg 768w, https:\/\/finewinegang.be\/wp-content\/uploads\/2024\/05\/The-Fine-Wine-Gang-Packshots11-3-min-200x300.jpg 200w, https:\/\/finewinegang.be\/wp-content\/uploads\/2024\/05\/The-Fine-Wine-Gang-Packshots11-3-min-683x1024.jpg 683w, https:\/\/finewinegang.be\/wp-content\/uploads\/2024\/05\/The-Fine-Wine-Gang-Packshots11-3-min-1024x1536.jpg 1024w, https:\/\/finewinegang.be\/wp-content\/uploads\/2024\/05\/The-Fine-Wine-Gang-Packshots11-3-min-1365x2048.jpg 1365w, https:\/\/finewinegang.be\/wp-content\/uploads\/2024\/05\/The-Fine-Wine-Gang-Packshots11-3-min-150x225.jpg 150w, https:\/\/finewinegang.be\/wp-content\/uploads\/2024\/05\/The-Fine-Wine-Gang-Packshots11-3-min-scaled.jpg 1707w\" sizes=\"auto, (max-width: 768px) 100vw, 768px\" \/>\n\t\t\t\t\t\t\t\t\t\t\t\t\t<\/a>\n\t\t\t\t\t\t\t\t\t\t\t<\/div>\n\t\t\t\t\t\t\t\t\t\t\t\t\t\t\t<div class=\"wd-gallery-item wd-col\">\n\t\t\t\t\t\t\t\t\t\t\t\t\t<a href=\"https:\/\/finewinegang.be\/wp-content\/uploads\/2024\/05\/Maison-Les-Alexandrins-MLA-Crozes-rouge-min-scaled.jpg\" data-width=\"1707\" data-height=\"2560\" data-index=\"2\" data-elementor-open-lightbox=\"no\">\n\t\t\t\t\t\t\n\t\t\t\t\t\t<img loading=\"lazy\" decoding=\"async\" width=\"768\" height=\"1152\" src=\"https:\/\/finewinegang.be\/wp-content\/uploads\/2024\/05\/Maison-Les-Alexandrins-MLA-Crozes-rouge-min-768x1152.jpg\" class=\"attachment-medium_large size-medium_large\" alt=\"Maison Les Alexandrins MLA Crozes rouge-min\" srcset=\"https:\/\/finewinegang.be\/wp-content\/uploads\/2024\/05\/Maison-Les-Alexandrins-MLA-Crozes-rouge-min-768x1152.jpg 768w, https:\/\/finewinegang.be\/wp-content\/uploads\/2024\/05\/Maison-Les-Alexandrins-MLA-Crozes-rouge-min-200x300.jpg 200w, https:\/\/finewinegang.be\/wp-content\/uploads\/2024\/05\/Maison-Les-Alexandrins-MLA-Crozes-rouge-min-683x1024.jpg 683w, https:\/\/finewinegang.be\/wp-content\/uploads\/2024\/05\/Maison-Les-Alexandrins-MLA-Crozes-rouge-min-1024x1536.jpg 1024w, https:\/\/finewinegang.be\/wp-content\/uploads\/2024\/05\/Maison-Les-Alexandrins-MLA-Crozes-rouge-min-1365x2048.jpg 1365w, https:\/\/finewinegang.be\/wp-content\/uploads\/2024\/05\/Maison-Les-Alexandrins-MLA-Crozes-rouge-min-150x225.jpg 150w, https:\/\/finewinegang.be\/wp-content\/uploads\/2024\/05\/Maison-Les-Alexandrins-MLA-Crozes-rouge-min-scaled.jpg 1707w\" sizes=\"auto, (max-width: 768px) 100vw, 768px\" \/>\n\t\t\t\t\t\t\t\t\t\t\t\t\t<\/a>\n\t\t\t\t\t\t\t\t\t\t\t<\/div>\n\t\t\t\t\t\t\t\t\t\t\t\t\t\t\t<div class=\"wd-gallery-item wd-col\">\n\t\t\t\t\t\t\t\t\t\t\t\t\t<a href=\"https:\/\/finewinegang.be\/wp-content\/uploads\/2024\/05\/The-Fine-Wine-Gang-Packshots7-3-min-scaled.jpg\" data-width=\"1707\" data-height=\"2560\" data-index=\"3\" data-elementor-open-lightbox=\"no\">\n\t\t\t\t\t\t\n\t\t\t\t\t\t<img loading=\"lazy\" decoding=\"async\" width=\"768\" height=\"1152\" src=\"https:\/\/finewinegang.be\/wp-content\/uploads\/2024\/05\/The-Fine-Wine-Gang-Packshots7-3-min-768x1152.jpg\" class=\"attachment-medium_large size-medium_large\" alt=\"The Fine Wine Gang - Packshots7 3-min\" srcset=\"https:\/\/finewinegang.be\/wp-content\/uploads\/2024\/05\/The-Fine-Wine-Gang-Packshots7-3-min-768x1152.jpg 768w, https:\/\/finewinegang.be\/wp-content\/uploads\/2024\/05\/The-Fine-Wine-Gang-Packshots7-3-min-200x300.jpg 200w, https:\/\/finewinegang.be\/wp-content\/uploads\/2024\/05\/The-Fine-Wine-Gang-Packshots7-3-min-683x1024.jpg 683w, https:\/\/finewinegang.be\/wp-content\/uploads\/2024\/05\/The-Fine-Wine-Gang-Packshots7-3-min-1024x1536.jpg 1024w, https:\/\/finewinegang.be\/wp-content\/uploads\/2024\/05\/The-Fine-Wine-Gang-Packshots7-3-min-1365x2048.jpg 1365w, https:\/\/finewinegang.be\/wp-content\/uploads\/2024\/05\/The-Fine-Wine-Gang-Packshots7-3-min-150x225.jpg 150w, https:\/\/finewinegang.be\/wp-content\/uploads\/2024\/05\/The-Fine-Wine-Gang-Packshots7-3-min-scaled.jpg 1707w\" sizes=\"auto, (max-width: 768px) 100vw, 768px\" \/>\n\t\t\t\t\t\t\t\t\t\t\t\t\t<\/a>\n\t\t\t\t\t\t\t\t\t\t\t<\/div>\n\t\t\t\t\t\t\t\t\t\t\t\t\t<\/div>\n\t\t\t\t\t<\/div>\n\t\t\t\t\t\t<\/div>\n\t\t\t\t<\/div>\n\t\t\t\t<div class=\"elementor-element elementor-element-1fd770f wd-width-100 elementor-widget elementor-widget-wd_images_gallery\" data-id=\"1fd770f\" data-element_type=\"widget\" data-e-type=\"widget\" data-widget_type=\"wd_images_gallery.default\">\n\t\t\t\t<div class=\"elementor-widget-container\">\n\t\t\t\t\t\t\t<div class=\"wd-images-gallery photoswipe-images\" style=\"--wd-align-items:center; --wd-justify-content:center;\">\n\t\t\t\t\t\t<div class=\"wd-grid-g\" style=\"--wd-col-lg:3;--wd-col-md:3;--wd-col-sm:1;--wd-gap-lg:0px;\" >\n\t\t\t\t\t\t\t\t\t\t\t\t\t\t\t\t\t\t<div class=\"wd-gallery-item wd-col\">\n\t\t\t\t\t\t\t\t\t\t\t\t\t<a href=\"https:\/\/finewinegang.be\/wp-content\/uploads\/2024\/05\/The-Fine-Wine-Gang-Packshots8-min-scaled.jpg\" data-width=\"1707\" data-height=\"2560\" data-index=\"1\" data-elementor-open-lightbox=\"no\">\n\t\t\t\t\t\t\n\t\t\t\t\t\t<img loading=\"lazy\" decoding=\"async\" width=\"768\" height=\"1152\" src=\"https:\/\/finewinegang.be\/wp-content\/uploads\/2024\/05\/The-Fine-Wine-Gang-Packshots8-min-768x1152.jpg\" class=\"attachment-medium_large size-medium_large\" alt=\"The Fine Wine Gang - Packshots8-min\" srcset=\"https:\/\/finewinegang.be\/wp-content\/uploads\/2024\/05\/The-Fine-Wine-Gang-Packshots8-min-768x1152.jpg 768w, https:\/\/finewinegang.be\/wp-content\/uploads\/2024\/05\/The-Fine-Wine-Gang-Packshots8-min-200x300.jpg 200w, https:\/\/finewinegang.be\/wp-content\/uploads\/2024\/05\/The-Fine-Wine-Gang-Packshots8-min-683x1024.jpg 683w, https:\/\/finewinegang.be\/wp-content\/uploads\/2024\/05\/The-Fine-Wine-Gang-Packshots8-min-1024x1536.jpg 1024w, https:\/\/finewinegang.be\/wp-content\/uploads\/2024\/05\/The-Fine-Wine-Gang-Packshots8-min-1365x2048.jpg 1365w, https:\/\/finewinegang.be\/wp-content\/uploads\/2024\/05\/The-Fine-Wine-Gang-Packshots8-min-150x225.jpg 150w, https:\/\/finewinegang.be\/wp-content\/uploads\/2024\/05\/The-Fine-Wine-Gang-Packshots8-min-scaled.jpg 1707w\" sizes=\"auto, (max-width: 768px) 100vw, 768px\" \/>\n\t\t\t\t\t\t\t\t\t\t\t\t\t<\/a>\n\t\t\t\t\t\t\t\t\t\t\t<\/div>\n\t\t\t\t\t\t\t\t\t\t\t\t\t\t\t<div class=\"wd-gallery-item wd-col\">\n\t\t\t\t\t\t\t\t\t\t\t\t\t<a href=\"https:\/\/finewinegang.be\/wp-content\/uploads\/2024\/05\/The-Fine-Wine-Gang-Packshots58-3-min-scaled.jpg\" data-width=\"1707\" data-height=\"2560\" data-index=\"2\" data-elementor-open-lightbox=\"no\">\n\t\t\t\t\t\t\n\t\t\t\t\t\t<img loading=\"lazy\" decoding=\"async\" width=\"768\" height=\"1152\" src=\"https:\/\/finewinegang.be\/wp-content\/uploads\/2024\/05\/The-Fine-Wine-Gang-Packshots58-3-min-768x1152.jpg\" class=\"attachment-medium_large size-medium_large\" alt=\"The Fine Wine Gang - Packshots58 3-min\" srcset=\"https:\/\/finewinegang.be\/wp-content\/uploads\/2024\/05\/The-Fine-Wine-Gang-Packshots58-3-min-768x1152.jpg 768w, https:\/\/finewinegang.be\/wp-content\/uploads\/2024\/05\/The-Fine-Wine-Gang-Packshots58-3-min-200x300.jpg 200w, https:\/\/finewinegang.be\/wp-content\/uploads\/2024\/05\/The-Fine-Wine-Gang-Packshots58-3-min-683x1024.jpg 683w, https:\/\/finewinegang.be\/wp-content\/uploads\/2024\/05\/The-Fine-Wine-Gang-Packshots58-3-min-1024x1536.jpg 1024w, https:\/\/finewinegang.be\/wp-content\/uploads\/2024\/05\/The-Fine-Wine-Gang-Packshots58-3-min-1365x2048.jpg 1365w, https:\/\/finewinegang.be\/wp-content\/uploads\/2024\/05\/The-Fine-Wine-Gang-Packshots58-3-min-150x225.jpg 150w, https:\/\/finewinegang.be\/wp-content\/uploads\/2024\/05\/The-Fine-Wine-Gang-Packshots58-3-min-scaled.jpg 1707w\" sizes=\"auto, (max-width: 768px) 100vw, 768px\" \/>\n\t\t\t\t\t\t\t\t\t\t\t\t\t<\/a>\n\t\t\t\t\t\t\t\t\t\t\t<\/div>\n\t\t\t\t\t\t\t\t\t\t\t\t\t\t\t<div class=\"wd-gallery-item wd-col\">\n\t\t\t\t\t\t\t\t\t\t\t\t\t<a href=\"https:\/\/finewinegang.be\/wp-content\/uploads\/2024\/05\/Garofoli-Sierra-Fiorese-min-scaled.jpg\" data-width=\"1693\" data-height=\"2560\" data-index=\"3\" data-elementor-open-lightbox=\"no\">\n\t\t\t\t\t\t\n\t\t\t\t\t\t<img loading=\"lazy\" decoding=\"async\" width=\"768\" height=\"1161\" src=\"https:\/\/finewinegang.be\/wp-content\/uploads\/2024\/05\/Garofoli-Sierra-Fiorese-min-768x1161.jpg\" class=\"attachment-medium_large size-medium_large\" alt=\"Garofoli Sierra Fiorese-min\" srcset=\"https:\/\/finewinegang.be\/wp-content\/uploads\/2024\/05\/Garofoli-Sierra-Fiorese-min-768x1161.jpg 768w, https:\/\/finewinegang.be\/wp-content\/uploads\/2024\/05\/Garofoli-Sierra-Fiorese-min-198x300.jpg 198w, https:\/\/finewinegang.be\/wp-content\/uploads\/2024\/05\/Garofoli-Sierra-Fiorese-min-677x1024.jpg 677w, https:\/\/finewinegang.be\/wp-content\/uploads\/2024\/05\/Garofoli-Sierra-Fiorese-min-1016x1536.jpg 1016w, https:\/\/finewinegang.be\/wp-content\/uploads\/2024\/05\/Garofoli-Sierra-Fiorese-min-1355x2048.jpg 1355w, https:\/\/finewinegang.be\/wp-content\/uploads\/2024\/05\/Garofoli-Sierra-Fiorese-min-150x227.jpg 150w, https:\/\/finewinegang.be\/wp-content\/uploads\/2024\/05\/Garofoli-Sierra-Fiorese-min-scaled.jpg 1693w\" sizes=\"auto, (max-width: 768px) 100vw, 768px\" \/>\n\t\t\t\t\t\t\t\t\t\t\t\t\t<\/a>\n\t\t\t\t\t\t\t\t\t\t\t<\/div>\n\t\t\t\t\t\t\t\t\t\t\t\t\t<\/div>\n\t\t\t\t\t<\/div>\n\t\t\t\t\t\t<\/div>\n\t\t\t\t<\/div>\n\t\t\t\t<div class=\"elementor-element elementor-element-89091b7 wd-width-100 elementor-widget elementor-widget-wd_title\" data-id=\"89091b7\" data-element_type=\"widget\" data-e-type=\"widget\" data-widget_type=\"wd_title.default\">\n\t\t\t\t<div class=\"elementor-widget-container\">\n\t\t\t\t\t\t\t<div class=\"title-wrapper wd-set-mb reset-last-child wd-title-color-default wd-title-style-default wd-title-size-default text-center\">\n\n\t\t\t\n\t\t\t<div class=\"liner-continer\">\n\t\t\t\t<h4 class=\"woodmart-title-container title wd-fontsize-l\">Ongewone wijn, buitengewone kennis<\/h4> \n\t\t\t\t\t\t\t<\/div>\n\n\t\t\t\t\t<\/div>\n\t\t\t\t\t\t<\/div>\n\t\t\t\t<\/div>\n\t\t\t\t<div class=\"elementor-element elementor-element-c3cd942 elementor-widget elementor-widget-wd_text_block\" data-id=\"c3cd942\" data-element_type=\"widget\" data-e-type=\"widget\" data-widget_type=\"wd_text_block.default\">\n\t\t\t\t<div class=\"elementor-widget-container\">\n\t\t\t\t\t\t\t<div class=\"wd-text-block reset-last-child text-left\">\n\t\t\t\n\t\t\t<p><span class=\"TextRun SCXW129199905 BCX0\" lang=\"NL-BE\" xml:lang=\"NL-BE\" data-contrast=\"auto\"><span class=\"NormalTextRun SCXW129199905 BCX0\">Wie stelt deze selectie samen? Dat zijn Antoine <\/span><span class=\"NormalTextRun SpellingErrorV2Themed SCXW129199905 BCX0\">Lehebel<\/span><span class=\"NormalTextRun SCXW129199905 BCX0\"> en Stijn Van Der Beken. Twee grand cru sommeliers die hun strepen hebben verdiend in sterrenrestaurants in binnen- en buitenland: De Karmeliet, Hof Van <\/span><span class=\"NormalTextRun SpellingErrorV2Themed SCXW129199905 BCX0\">Cleve<\/span><span class=\"NormalTextRun SCXW129199905 BCX0\">, Villa <\/span><span class=\"NormalTextRun SpellingErrorV2Themed SCXW129199905 BCX0\">Lorraine<\/span><span class=\"NormalTextRun SCXW129199905 BCX0\"> en Restaurant Bonbon om er enkele op te noemen. Wijn stroomt door hun aderen en drijft hen naar <\/span><span class=\"NormalTextRun SpellingErrorV2Themed SCXW129199905 BCX0\">onbewandelde<\/span><span class=\"NormalTextRun SCXW129199905 BCX0\"> paden, op zoek naar eigenzinnige parels die je op een andere manier naar wijn doet kijken.<\/span><\/span><span class=\"EOP SCXW129199905 BCX0\" data-ccp-props=\"{&quot;201341983&quot;:0,&quot;335559739&quot;:160,&quot;335559740&quot;:259}\">\u00a0<\/span><\/p>\n\t\t\t\t\t<\/div>\n\t\t\t\t\t\t<\/div>\n\t\t\t\t<\/div>\n\t\t\t\t\t<\/div>\n\t\t\t\t<\/div>\n\t\t\t\t<\/div>\n\t\t","protected":false},"excerpt":{"rendered":"<p>Schrijf je nu in en krijg 10% korting op je eerste bestelling in onze webshop Dagen Uren Minuten Seconden Binnenkort<\/p>\n","protected":false},"author":1,"featured_media":10981,"parent":0,"menu_order":0,"comment_status":"closed","ping_status":"closed","template":"elementor_header_footer","meta":{"_acf_changed":false,"footnotes":""},"class_list":["post-12121","page","type-page","status-publish","has-post-thumbnail","hentry"],"acf":[],"_links":{"self":[{"href":"https:\/\/finewinegang.be\/nl\/wp-json\/wp\/v2\/pages\/12121","targetHints":{"allow":["GET"]}}],"collection":[{"href":"https:\/\/finewinegang.be\/nl\/wp-json\/wp\/v2\/pages"}],"about":[{"href":"https:\/\/finewinegang.be\/nl\/wp-json\/wp\/v2\/types\/page"}],"author":[{"embeddable":true,"href":"https:\/\/finewinegang.be\/nl\/wp-json\/wp\/v2\/users\/1"}],"replies":[{"embeddable":true,"href":"https:\/\/finewinegang.be\/nl\/wp-json\/wp\/v2\/comments?post=12121"}],"version-history":[{"count":45,"href":"https:\/\/finewinegang.be\/nl\/wp-json\/wp\/v2\/pages\/12121\/revisions"}],"predecessor-version":[{"id":13370,"href":"https:\/\/finewinegang.be\/nl\/wp-json\/wp\/v2\/pages\/12121\/revisions\/13370"}],"wp:featuredmedia":[{"embeddable":true,"href":"https:\/\/finewinegang.be\/nl\/wp-json\/wp\/v2\/media\/10981"}],"wp:attachment":[{"href":"https:\/\/finewinegang.be\/nl\/wp-json\/wp\/v2\/media?parent=12121"}],"curies":[{"name":"wp","href":"https:\/\/api.w.org\/{rel}","templated":true}]}}