{"id":25086,"date":"2026-03-31T14:29:38","date_gmt":"2026-03-31T12:29:38","guid":{"rendered":"https:\/\/finewinegang.be\/?post_type=product&#038;p=25086"},"modified":"2026-03-31T14:53:27","modified_gmt":"2026-03-31T12:53:27","slug":"raices-ibericas-las-pizarras-vina-alarba-2021","status":"publish","type":"product","link":"https:\/\/finewinegang.be\/fr\/produit\/raices-ibericas-las-pizarras-vina-alarba-2021\/","title":{"rendered":"LAS PIZARRAS Vi\u00f1a Alarba"},"content":{"rendered":"","protected":false},"excerpt":{"rendered":"<div class=\"text-base my-auto mx-auto [--thread-content-margin:var(--thread-content-margin-xs,calc(var(--spacing)*4))] @w-sm\/main:[--thread-content-margin:var(--thread-content-margin-sm,calc(var(--spacing)*6))] @w-lg\/main:[--thread-content-margin:var(--thread-content-margin-lg,calc(var(--spacing)*16))] px-(--thread-content-margin)\">\n<div class=\"[--thread-content-max-width:40rem] @w-lg\/main:[--thread-content-max-width:48rem] mx-auto max-w-(--thread-content-max-width) flex-1 group\/turn-messages focus-visible:outline-hidden relative flex w-full min-w-0 flex-col agent-turn\">\n<div class=\"flex max-w-full flex-col gap-4 grow\">\n<div class=\"min-h-8 text-message relative flex w-full flex-col items-end gap-2 text-start break-words whitespace-normal outline-none keyboard-focused:focus-ring [.text-message+&amp;]:mt-1\" dir=\"auto\" data-message-author-role=\"assistant\" data-message-id=\"6efc29cd-89f1-4e0b-b764-2e3d9ff732e5\" data-message-model-slug=\"gpt-5-3\">\n<div class=\"flex w-full flex-col gap-1 empty:hidden\">\n<div class=\"markdown prose dark:prose-invert w-full wrap-break-word light markdown-new-styling\">\n<p data-start=\"335\" data-end=\"557\" data-is-last-node=\"\" data-is-only-node=\"\">Las Pizzarras Vi\u00f1a Alarba 2021 de Ra\u00edces Ib\u00e9ricas est un Garnacha min\u00e9ral aux notes de cerise noire, d\u2019\u00e9pices et d\u2019une belle fra\u00eecheur, refl\u00e9tant avec pr\u00e9cision le terroir espagnol.<\/p>\n<\/div>\n<\/div>\n<\/div>\n<\/div>\n<div class=\"z-0 flex min-h-[46px] justify-start\"><\/div>\n<\/div>\n<\/div>\n","protected":false},"featured_media":25090,"template":"","meta":{"_acf_changed":false,"subtitle":"","day_of_the_week":"Monday","starting_time":0,"location":"ANTWERP","other_location_name":"","other_location_street_number":"","other_location_zip":"","other_location_city":"","other_location_address_itinerary_link":"","other_location_email_to_keep_updated":""},"product_brand":[],"product_cat":[373,597,390],"product_tag":[517,607],"class_list":{"0":"post-25086","1":"product","2":"type-product","3":"status-publish","4":"has-post-thumbnail","6":"product_cat-bouteilles","7":"product_cat-local-friday-2025","8":"product_cat-vin-rouge","9":"product_tag-raices-ibericas-fr","10":"product_tag-silver-tasting","11":"product_shipping_class-flessen-fr","13":"first","14":"instock","15":"taxable","16":"shipping-taxable","17":"purchasable","18":"product-type-simple"},"acf":{"jaargang":"2021","volume":75,"alcohol":14.42,"schenktemperatuur":"16\u00b0C - 18\u00b0C","Producent":[12943],"producent_search":"Ra\u00edces Ib\u00e9ricas","cuvee":"Prieto Picudo","land":"Spanje","regio":"Tierra de Le\u00f3n","appellatie":"Vino Tinto Varietal UE","Kracht":3,"intensiteit":3,"Verouderingspotentieel":4,"smaakprofiel":["Fruitig","Mineraal","Gebalanceerd"],"aromas":["Mediterraanse Kruiden","Rood Fruit","Violet","Witte Peper"],"Auteur":"Antoine","quote":"Las Pizzarras 2021, c\u2019est du Garnacha avec du caract\u00e8re : cerise noire m\u00fbre, \u00e9pices et cette touche min\u00e9rale typique de l\u2019ardoise. C\u2019est g\u00e9n\u00e9reux, mais tenu par une belle fra\u00eecheur. L\u2019Espagne en pr\u00e9cision plut\u00f4t qu\u2019en puissance \u2014 et \u00e7a le rend dangereusement bon. ","druif":["Grenache \/ Garnacha"],"awards":"","bio":false},"_links":{"self":[{"href":"https:\/\/finewinegang.be\/fr\/wp-json\/wp\/v2\/product\/25086","targetHints":{"allow":["GET"]}}],"collection":[{"href":"https:\/\/finewinegang.be\/fr\/wp-json\/wp\/v2\/product"}],"about":[{"href":"https:\/\/finewinegang.be\/fr\/wp-json\/wp\/v2\/types\/product"}],"version-history":[{"count":4,"href":"https:\/\/finewinegang.be\/fr\/wp-json\/wp\/v2\/product\/25086\/revisions"}],"predecessor-version":[{"id":25093,"href":"https:\/\/finewinegang.be\/fr\/wp-json\/wp\/v2\/product\/25086\/revisions\/25093"}],"acf:post":[{"embeddable":true,"href":"https:\/\/finewinegang.be\/fr\/wp-json\/wp\/v2\/producent\/12943"}],"wp:featuredmedia":[{"embeddable":true,"href":"https:\/\/finewinegang.be\/fr\/wp-json\/wp\/v2\/media\/25090"}],"wp:attachment":[{"href":"https:\/\/finewinegang.be\/fr\/wp-json\/wp\/v2\/media?parent=25086"}],"wp:term":[{"taxonomy":"product_brand","embeddable":true,"href":"https:\/\/finewinegang.be\/fr\/wp-json\/wp\/v2\/product_brand?post=25086"},{"taxonomy":"product_cat","embeddable":true,"href":"https:\/\/finewinegang.be\/fr\/wp-json\/wp\/v2\/product_cat?post=25086"},{"taxonomy":"product_tag","embeddable":true,"href":"https:\/\/finewinegang.be\/fr\/wp-json\/wp\/v2\/product_tag?post=25086"}],"curies":[{"name":"wp","href":"https:\/\/api.w.org\/{rel}","templated":true}]}}