{"id":25079,"date":"2026-03-31T14:10:38","date_gmt":"2026-03-31T12:10:38","guid":{"rendered":"https:\/\/finewinegang.be\/?post_type=product&#038;p=25079"},"modified":"2026-03-31T14:27:38","modified_gmt":"2026-03-31T12:27:38","slug":"prunotto-occhetti-langhe-nebbiolo","status":"publish","type":"product","link":"https:\/\/finewinegang.be\/fr\/produit\/prunotto-occhetti-langhe-nebbiolo\/","title":{"rendered":"Prunotto Occhetti Langhe Nebbiolo"},"content":{"rendered":"","protected":false},"excerpt":{"rendered":"<p>Occhetti, c\u2019est du Nebbiolo pur : rose, cerise, une touche d\u2019\u00e9pices et cette fra\u00eecheur l\u00e9g\u00e8rement mordante. Tout ce que tu cherches dans le Pi\u00e9mont, sans le temps d\u2019attente ni le prix d\u2019un Barolo. <\/p>\n","protected":false},"featured_media":25081,"template":"","meta":{"subtitle":"","day_of_the_week":"Monday","starting_time":0,"location":"ANTWERP","other_location_name":"","other_location_street_number":"","other_location_zip":"","other_location_city":"","other_location_address_itinerary_link":"","other_location_email_to_keep_updated":""},"product_brand":[],"product_cat":[373,394],"product_tag":[497,607],"class_list":{"0":"post-25079","1":"product","2":"type-product","3":"status-publish","4":"has-post-thumbnail","6":"product_cat-bouteilles","7":"product_cat-vin-rose","8":"product_tag-garofoli-fr","9":"product_tag-silver-tasting","10":"product_shipping_class-flessen-fr","12":"first","13":"instock","14":"taxable","15":"shipping-taxable","16":"purchasable","17":"product-type-simple"},"_links":{"self":[{"href":"https:\/\/finewinegang.be\/fr\/wp-json\/wp\/v2\/product\/25079","targetHints":{"allow":["GET"]}}],"collection":[{"href":"https:\/\/finewinegang.be\/fr\/wp-json\/wp\/v2\/product"}],"about":[{"href":"https:\/\/finewinegang.be\/fr\/wp-json\/wp\/v2\/types\/product"}],"version-history":[{"count":2,"href":"https:\/\/finewinegang.be\/fr\/wp-json\/wp\/v2\/product\/25079\/revisions"}],"predecessor-version":[{"id":25084,"href":"https:\/\/finewinegang.be\/fr\/wp-json\/wp\/v2\/product\/25079\/revisions\/25084"}],"wp:featuredmedia":[{"embeddable":true,"href":"https:\/\/finewinegang.be\/fr\/wp-json\/wp\/v2\/media\/25081"}],"wp:attachment":[{"href":"https:\/\/finewinegang.be\/fr\/wp-json\/wp\/v2\/media?parent=25079"}],"wp:term":[{"taxonomy":"product_brand","embeddable":true,"href":"https:\/\/finewinegang.be\/fr\/wp-json\/wp\/v2\/product_brand?post=25079"},{"taxonomy":"product_cat","embeddable":true,"href":"https:\/\/finewinegang.be\/fr\/wp-json\/wp\/v2\/product_cat?post=25079"},{"taxonomy":"product_tag","embeddable":true,"href":"https:\/\/finewinegang.be\/fr\/wp-json\/wp\/v2\/product_tag?post=25079"}],"curies":[{"name":"wp","href":"https:\/\/api.w.org\/{rel}","templated":true}]}}