{"id":25070,"date":"2026-03-31T13:49:47","date_gmt":"2026-03-31T11:49:47","guid":{"rendered":"https:\/\/finewinegang.be\/?post_type=product&#038;p=25070"},"modified":"2026-03-31T13:53:53","modified_gmt":"2026-03-31T11:53:53","slug":"garofoli-komaros-2025","status":"publish","type":"product","link":"https:\/\/finewinegang.be\/fr\/produit\/garofoli-komaros-2025\/","title":{"rendered":"Garofoli Komaros 2025"},"content":{"rendered":"","protected":false},"excerpt":{"rendered":"<p>D\u00e9couvrez ce d\u00e9licieux ros\u00e9 100% Montepulciano de Garofoli.<\/p>\n","protected":false},"featured_media":22466,"template":"","meta":{"subtitle":"","day_of_the_week":"Monday","starting_time":0,"location":"ANTWERP","other_location_name":"","other_location_street_number":"","other_location_zip":"","other_location_city":"","other_location_address_itinerary_link":"","other_location_email_to_keep_updated":""},"product_brand":[],"product_cat":[373,394],"product_tag":[497,611,607],"class_list":{"0":"post-25070","1":"product","2":"type-product","3":"status-publish","4":"has-post-thumbnail","6":"product_cat-bouteilles","7":"product_cat-vin-rose","8":"product_tag-garofoli-fr","9":"product_tag-gold-tasting","10":"product_tag-silver-tasting","11":"product_shipping_class-flessen-fr","13":"first","14":"instock","15":"taxable","16":"shipping-taxable","17":"purchasable","18":"product-type-simple"},"_links":{"self":[{"href":"https:\/\/finewinegang.be\/fr\/wp-json\/wp\/v2\/product\/25070","targetHints":{"allow":["GET"]}}],"collection":[{"href":"https:\/\/finewinegang.be\/fr\/wp-json\/wp\/v2\/product"}],"about":[{"href":"https:\/\/finewinegang.be\/fr\/wp-json\/wp\/v2\/types\/product"}],"version-history":[{"count":2,"href":"https:\/\/finewinegang.be\/fr\/wp-json\/wp\/v2\/product\/25070\/revisions"}],"predecessor-version":[{"id":25073,"href":"https:\/\/finewinegang.be\/fr\/wp-json\/wp\/v2\/product\/25070\/revisions\/25073"}],"wp:featuredmedia":[{"embeddable":true,"href":"https:\/\/finewinegang.be\/fr\/wp-json\/wp\/v2\/media\/22466"}],"wp:attachment":[{"href":"https:\/\/finewinegang.be\/fr\/wp-json\/wp\/v2\/media?parent=25070"}],"wp:term":[{"taxonomy":"product_brand","embeddable":true,"href":"https:\/\/finewinegang.be\/fr\/wp-json\/wp\/v2\/product_brand?post=25070"},{"taxonomy":"product_cat","embeddable":true,"href":"https:\/\/finewinegang.be\/fr\/wp-json\/wp\/v2\/product_cat?post=25070"},{"taxonomy":"product_tag","embeddable":true,"href":"https:\/\/finewinegang.be\/fr\/wp-json\/wp\/v2\/product_tag?post=25070"}],"curies":[{"name":"wp","href":"https:\/\/api.w.org\/{rel}","templated":true}]}}