{"id":24493,"date":"2025-11-27T11:21:31","date_gmt":"2025-11-27T10:21:31","guid":{"rendered":"https:\/\/finewinegang.be\/product\/giftcard-tasting-sparkling\/"},"modified":"2025-12-17T14:12:58","modified_gmt":"2025-12-17T13:12:58","slug":"giftcard-tasting-sparkling","status":"publish","type":"product","link":"https:\/\/finewinegang.be\/fr\/produit\/giftcard-tasting-sparkling\/","title":{"rendered":"Bon cadeau D\u00e9gustation SPARKLING @ DURBUY avec amuse-bouches pour 2 personnes"},"content":{"rendered":"","protected":false},"excerpt":{"rendered":"<p data-start=\"256\" data-end=\"520\">Un moment \u00e0 partager, existe-t-il un plus beau cadeau ?<br \/>\nAvec le <em data-start=\"307\" data-end=\"336\">ch\u00e8que-cadeau TASTING SPARKLING<\/em>, vous offrez une d\u00e9gustation de vins effervescents. Pour c\u00e9l\u00e9brer quelque chose ensemble, ou simplement parce que vous en avez envie. <\/p>\n<p data-start=\"522\" data-end=\"763\"><strong data-start=\"524\" data-end=\"545\">\ud83e\udd42TASTING SPARKLING<\/strong><br \/>\n\u2713 5 cuv\u00e9es mousseuses \u2013 des classiques \u00e9l\u00e9gants aux excentriques audacieux<br data-start=\"545\" data-end=\"548\">\u2713 Accompagn\u00e9 par un sommelier exp\u00e9riment\u00e9<br data-start=\"625\" data-end=\"628\">\u2713 Petites bouch\u00e9es raffin\u00e9es assorties<br data-start=\"680\" data-end=\"683\">\u2713 90 minutes de bulles, de discussions et d\u2019anecdotes p\u00e9tillantes<br data-start=\"708\" data-end=\"711\">\u2713 Servi avec panache dans notre ambiance unique \u00e0 Durbuy<\/p>\n","protected":false},"featured_media":24488,"template":"","meta":{"_acf_changed":false,"subtitle":"","day_of_the_week":"Monday","starting_time":0,"location":"ANTWERP","other_location_name":"","other_location_street_number":"","other_location_zip":"","other_location_city":"","other_location_address_itinerary_link":"","other_location_email_to_keep_updated":""},"product_brand":[],"product_cat":[554],"product_tag":[],"class_list":{"0":"post-24493","1":"product","2":"type-product","3":"status-publish","4":"has-post-thumbnail","6":"product_cat-cadeau-fr","8":"first","9":"instock","10":"purchasable","11":"product-type-pw-gift-card","12":"has-default-attributes"},"acf":[],"_links":{"self":[{"href":"https:\/\/finewinegang.be\/fr\/wp-json\/wp\/v2\/product\/24493","targetHints":{"allow":["GET"]}}],"collection":[{"href":"https:\/\/finewinegang.be\/fr\/wp-json\/wp\/v2\/product"}],"about":[{"href":"https:\/\/finewinegang.be\/fr\/wp-json\/wp\/v2\/types\/product"}],"version-history":[{"count":3,"href":"https:\/\/finewinegang.be\/fr\/wp-json\/wp\/v2\/product\/24493\/revisions"}],"predecessor-version":[{"id":24718,"href":"https:\/\/finewinegang.be\/fr\/wp-json\/wp\/v2\/product\/24493\/revisions\/24718"}],"wp:featuredmedia":[{"embeddable":true,"href":"https:\/\/finewinegang.be\/fr\/wp-json\/wp\/v2\/media\/24488"}],"wp:attachment":[{"href":"https:\/\/finewinegang.be\/fr\/wp-json\/wp\/v2\/media?parent=24493"}],"wp:term":[{"taxonomy":"product_brand","embeddable":true,"href":"https:\/\/finewinegang.be\/fr\/wp-json\/wp\/v2\/product_brand?post=24493"},{"taxonomy":"product_cat","embeddable":true,"href":"https:\/\/finewinegang.be\/fr\/wp-json\/wp\/v2\/product_cat?post=24493"},{"taxonomy":"product_tag","embeddable":true,"href":"https:\/\/finewinegang.be\/fr\/wp-json\/wp\/v2\/product_tag?post=24493"}],"curies":[{"name":"wp","href":"https:\/\/api.w.org\/{rel}","templated":true}]}}