{"id":24131,"date":"2025-11-12T14:00:27","date_gmt":"2025-11-12T13:00:27","guid":{"rendered":"https:\/\/finewinegang.be\/?post_type=product&#038;p=24131"},"modified":"2026-01-08T19:26:37","modified_gmt":"2026-01-08T18:26:37","slug":"casals-vermouth-torres","status":"publish","type":"product","link":"https:\/\/finewinegang.be\/fr\/produit\/casals-vermouth-torres\/","title":{"rendered":"Casals Vermouth Torres"},"content":{"rendered":"","protected":false},"excerpt":{"rendered":"<p>Ferreira Late Bottled Vintage, un porto LBV portugais puissant aux ar\u00f4mes intenses de fruits m\u00fbrs et d\u2019\u00e9pices.<\/p>\n<p><\/p>\n","protected":false},"featured_media":24135,"template":"","meta":{"_acf_changed":false,"subtitle":"","day_of_the_week":"Monday","starting_time":0,"location":"ANTWERP","other_location_name":"","other_location_street_number":"","other_location_zip":"","other_location_city":"","other_location_address_itinerary_link":"","other_location_email_to_keep_updated":""},"product_brand":[],"product_cat":[559,584,373],"product_tag":[],"class_list":{"0":"post-24131","1":"product","2":"type-product","3":"status-publish","4":"has-post-thumbnail","6":"product_cat-alcools","7":"product_cat-aperitive","8":"product_cat-bouteilles","9":"product_shipping_class-flessen-fr","11":"first","12":"instock","13":"taxable","14":"shipping-taxable","15":"purchasable","16":"product-type-simple"},"acf":{"jaargang":"2019","volume":75,"alcohol":16,"schenktemperatuur":"14\u00b0C - 18\u00b0C","Producent":[18859],"producent_search":"Torres","cuvee":"Casals Mediterranean Vermouth","land":"Spanje","regio":"Penedes","appellatie":"DO Porto","Kracht":5,"intensiteit":5,"Verouderingspotentieel":2,"smaakprofiel":["Complex","Smaakvol","Mediterraans"],"aromas":["Zoete Kruiden","olijven"],"Auteur":"Antoine","quote":"Excellent nouveau venu sur le march\u00e9, un raffinement de saveurs complexes \u00e9voquant la fra\u00eecheur, la chaleur et les longues soir\u00e9es d'hiver pass\u00e9es \u00e0 se d\u00e9tendre pr\u00e8s de la chemin\u00e9e... ","druif":["Touriga Nacional","selma"],"awards":"","bio":false},"_links":{"self":[{"href":"https:\/\/finewinegang.be\/fr\/wp-json\/wp\/v2\/product\/24131","targetHints":{"allow":["GET"]}}],"collection":[{"href":"https:\/\/finewinegang.be\/fr\/wp-json\/wp\/v2\/product"}],"about":[{"href":"https:\/\/finewinegang.be\/fr\/wp-json\/wp\/v2\/types\/product"}],"version-history":[{"count":2,"href":"https:\/\/finewinegang.be\/fr\/wp-json\/wp\/v2\/product\/24131\/revisions"}],"predecessor-version":[{"id":24137,"href":"https:\/\/finewinegang.be\/fr\/wp-json\/wp\/v2\/product\/24131\/revisions\/24137"}],"acf:post":[{"embeddable":true,"href":"https:\/\/finewinegang.be\/fr\/wp-json\/wp\/v2\/producent\/18859"}],"wp:featuredmedia":[{"embeddable":true,"href":"https:\/\/finewinegang.be\/fr\/wp-json\/wp\/v2\/media\/24135"}],"wp:attachment":[{"href":"https:\/\/finewinegang.be\/fr\/wp-json\/wp\/v2\/media?parent=24131"}],"wp:term":[{"taxonomy":"product_brand","embeddable":true,"href":"https:\/\/finewinegang.be\/fr\/wp-json\/wp\/v2\/product_brand?post=24131"},{"taxonomy":"product_cat","embeddable":true,"href":"https:\/\/finewinegang.be\/fr\/wp-json\/wp\/v2\/product_cat?post=24131"},{"taxonomy":"product_tag","embeddable":true,"href":"https:\/\/finewinegang.be\/fr\/wp-json\/wp\/v2\/product_tag?post=24131"}],"curies":[{"name":"wp","href":"https:\/\/api.w.org\/{rel}","templated":true}]}}