{"id":24125,"date":"2025-11-12T13:50:52","date_gmt":"2025-11-12T12:50:52","guid":{"rendered":"https:\/\/finewinegang.be\/?post_type=product&#038;p=24125"},"modified":"2026-01-08T19:26:36","modified_gmt":"2026-01-08T18:26:36","slug":"the-negroni-gift-box","status":"publish","type":"product","link":"https:\/\/finewinegang.be\/fr\/produit\/the-negroni-gift-box\/","title":{"rendered":"The Negroni Gift Box"},"content":{"rendered":"","protected":false},"excerpt":{"rendered":"<p><span class=\"TextRun SCXW201839464 BCX0\" lang=\"NL-NL\" xml:lang=\"NL-NL\" data-contrast=\"auto\"><span class=\"NormalTextRun SCXW201839464 BCX0\">Un classique plein de caract\u00e8re. C&rsquo;est comme \u00e7a qu&rsquo;on les aime. <\/span><\/span><span class=\"LineBreakBlob BlobObject DragDrop SCXW201839464 BCX0\"> <br class=\"SCXW201839464 BCX0\" \/><\/span><span class=\"TextRun SCXW201839464 BCX0\" lang=\"NL-NL\" xml:lang=\"NL-NL\" data-contrast=\"auto\"> Ce coffret contient tout ce dont vous avez besoin pour pr\u00e9parer un Negroni parfait.<span class=\"NormalTextRun SCXW201839464 BCX0\"> Puissant, doux-amer et \u00e9l\u00e9gant. Avec un gin \u00e9pic\u00e9 de Spiritus Rex, le riche <\/span>amaro de Nonino et un vermouth de caract\u00e8re de Casals Torres.<\/span><\/p>\n","protected":false},"featured_media":24441,"template":"","meta":{"_acf_changed":false,"subtitle":"","day_of_the_week":"Monday","starting_time":0,"location":"ANTWERP","other_location_name":"","other_location_street_number":"","other_location_zip":"","other_location_city":"","other_location_address_itinerary_link":"","other_location_email_to_keep_updated":""},"product_brand":[],"product_cat":[554,565],"product_tag":[],"class_list":{"0":"post-24125","1":"product","2":"type-product","3":"status-publish","4":"has-post-thumbnail","6":"product_cat-cadeau-fr","7":"product_cat-discovery-box-fr","8":"product_shipping_class-discovery-box-3-bottles-fr","10":"first","11":"instock","12":"taxable","13":"shipping-taxable","14":"purchasable","15":"product-type-woosb"},"acf":[],"_links":{"self":[{"href":"https:\/\/finewinegang.be\/fr\/wp-json\/wp\/v2\/product\/24125","targetHints":{"allow":["GET"]}}],"collection":[{"href":"https:\/\/finewinegang.be\/fr\/wp-json\/wp\/v2\/product"}],"about":[{"href":"https:\/\/finewinegang.be\/fr\/wp-json\/wp\/v2\/types\/product"}],"version-history":[{"count":3,"href":"https:\/\/finewinegang.be\/fr\/wp-json\/wp\/v2\/product\/24125\/revisions"}],"predecessor-version":[{"id":24481,"href":"https:\/\/finewinegang.be\/fr\/wp-json\/wp\/v2\/product\/24125\/revisions\/24481"}],"wp:featuredmedia":[{"embeddable":true,"href":"https:\/\/finewinegang.be\/fr\/wp-json\/wp\/v2\/media\/24441"}],"wp:attachment":[{"href":"https:\/\/finewinegang.be\/fr\/wp-json\/wp\/v2\/media?parent=24125"}],"wp:term":[{"taxonomy":"product_brand","embeddable":true,"href":"https:\/\/finewinegang.be\/fr\/wp-json\/wp\/v2\/product_brand?post=24125"},{"taxonomy":"product_cat","embeddable":true,"href":"https:\/\/finewinegang.be\/fr\/wp-json\/wp\/v2\/product_cat?post=24125"},{"taxonomy":"product_tag","embeddable":true,"href":"https:\/\/finewinegang.be\/fr\/wp-json\/wp\/v2\/product_tag?post=24125"}],"curies":[{"name":"wp","href":"https:\/\/api.w.org\/{rel}","templated":true}]}}