{"id":24116,"date":"2025-11-12T09:59:37","date_gmt":"2025-11-12T08:59:37","guid":{"rendered":"https:\/\/finewinegang.be\/?post_type=product&#038;p=24116"},"modified":"2025-11-12T10:27:47","modified_gmt":"2025-11-12T09:27:47","slug":"opius-gift-pack-rubedo","status":"publish","type":"product","link":"https:\/\/finewinegang.be\/fr\/produit\/opius-gift-pack-rubedo\/","title":{"rendered":"Opius Gift Pack Rubedo"},"content":{"rendered":"","protected":false},"excerpt":{"rendered":"<p data-start=\"145\" data-end=\"317\">Un \u00e9lixir intemporel aux ar\u00f4mes intenses et fruit\u00e9s d\u2019orange en nez, suivi de notes florales de gentiane en bouche et d\u2019une finale am\u00e8re puissante. <\/p>\n","protected":false},"featured_media":24120,"template":"","meta":{"_acf_changed":false,"subtitle":"","day_of_the_week":"Monday","starting_time":0,"location":"ANTWERP","other_location_name":"","other_location_street_number":"","other_location_zip":"","other_location_city":"","other_location_address_itinerary_link":"","other_location_email_to_keep_updated":""},"product_brand":[],"product_cat":[373,554,381],"product_tag":[],"class_list":{"0":"post-24116","1":"product","2":"type-product","3":"status-publish","4":"has-post-thumbnail","6":"product_cat-bouteilles","7":"product_cat-cadeau-fr","8":"product_cat-sans-alcool","10":"first","11":"instock","12":"taxable","13":"shipping-taxable","14":"purchasable","15":"product-type-simple"},"acf":{"jaargang":"Non Vintage","volume":50,"alcohol":0,"schenktemperatuur":"","Producent":[17578],"producent_search":"Opius","cuvee":"Opius Gift Pack Rubedo","land":"Belgi\u00eb","regio":"Gent","appellatie":"","Kracht":5,"intensiteit":5,"Verouderingspotentieel":1,"smaakprofiel":["Fris","bitter","Lente-achtig"],"aromas":["Citrus","Kruidig"],"Auteur":"Stijn","quote":"La premi\u00e8re fois que nous avons d\u00e9couvert ces produits, ce fut une r\u00e9v\u00e9lation : enfin une boisson sans alcool qui avait suffisamment de puissance, d'assurance et de caract\u00e8re pour rivaliser avec les meilleurs de leurs homologues alcoolis\u00e9s. \"A ne pas consommer de mani\u00e8re responsable !\" \n","druif":"","awards":"","bio":false},"_links":{"self":[{"href":"https:\/\/finewinegang.be\/fr\/wp-json\/wp\/v2\/product\/24116","targetHints":{"allow":["GET"]}}],"collection":[{"href":"https:\/\/finewinegang.be\/fr\/wp-json\/wp\/v2\/product"}],"about":[{"href":"https:\/\/finewinegang.be\/fr\/wp-json\/wp\/v2\/types\/product"}],"version-history":[{"count":2,"href":"https:\/\/finewinegang.be\/fr\/wp-json\/wp\/v2\/product\/24116\/revisions"}],"predecessor-version":[{"id":24123,"href":"https:\/\/finewinegang.be\/fr\/wp-json\/wp\/v2\/product\/24116\/revisions\/24123"}],"acf:post":[{"embeddable":true,"href":"https:\/\/finewinegang.be\/fr\/wp-json\/wp\/v2\/producent\/17578"}],"wp:featuredmedia":[{"embeddable":true,"href":"https:\/\/finewinegang.be\/fr\/wp-json\/wp\/v2\/media\/24120"}],"wp:attachment":[{"href":"https:\/\/finewinegang.be\/fr\/wp-json\/wp\/v2\/media?parent=24116"}],"wp:term":[{"taxonomy":"product_brand","embeddable":true,"href":"https:\/\/finewinegang.be\/fr\/wp-json\/wp\/v2\/product_brand?post=24116"},{"taxonomy":"product_cat","embeddable":true,"href":"https:\/\/finewinegang.be\/fr\/wp-json\/wp\/v2\/product_cat?post=24116"},{"taxonomy":"product_tag","embeddable":true,"href":"https:\/\/finewinegang.be\/fr\/wp-json\/wp\/v2\/product_tag?post=24116"}],"curies":[{"name":"wp","href":"https:\/\/api.w.org\/{rel}","templated":true}]}}