{"id":24102,"date":"2025-11-10T16:55:23","date_gmt":"2025-11-10T15:55:23","guid":{"rendered":"https:\/\/finewinegang.be\/?post_type=product&#038;p=24102"},"modified":"2025-11-29T16:11:46","modified_gmt":"2025-11-29T15:11:46","slug":"marimar-estate-mas-cavalls-dona-margarita-vineyard-2019","status":"publish","type":"product","link":"https:\/\/finewinegang.be\/fr\/produit\/marimar-estate-mas-cavalls-dona-margarita-vineyard-2019\/","title":{"rendered":"Marimar Estate Mas Cavalls &lsquo;Do\u00f1a Margarita Vineyard&rsquo; 2019"},"content":{"rendered":"","protected":false},"excerpt":{"rendered":"<p>D\u00e9couvrez le raffinement du Marimar Estate Mas Cavalls \u00ab Do\u00f1a Margarita Vineyard \u00bb, un vin rouge aux notes subtiles de fruits et d\u2019\u00e9pices, parfaitement \u00e9quilibr\u00e9.<\/p>\n","protected":false},"featured_media":13588,"template":"","meta":{"_acf_changed":false,"subtitle":"","day_of_the_week":"Monday","starting_time":0,"location":"ANTWERP","other_location_name":"","other_location_street_number":"","other_location_zip":"","other_location_city":"","other_location_address_itinerary_link":"","other_location_email_to_keep_updated":""},"product_brand":[],"product_cat":[373,390],"product_tag":[546],"class_list":{"0":"post-24102","1":"product","2":"type-product","3":"status-publish","4":"has-post-thumbnail","6":"product_cat-bouteilles","7":"product_cat-vin-rouge","8":"product_tag-marimar-estate-fr","9":"product_shipping_class-flessen-fr","11":"first","12":"instock","13":"taxable","14":"shipping-taxable","15":"purchasable","16":"product-type-simple"},"acf":{"jaargang":"2019","volume":75,"alcohol":13.5,"schenktemperatuur":"14\u00b0C - 16\u00b0C","Producent":[13109],"producent_search":"Marimar Estate","cuvee":"Mas Cavalls 'Do\u00f1a Margarita Vineyard'","land":"Verenigde Staten","regio":"California","appellatie":"AVA Sonoma Coast","Kracht":3,"intensiteit":3,"Verouderingspotentieel":3,"smaakprofiel":["Complex","Evenwichtig","Gastronomisch"],"aromas":["Kruidig","Rood Fruit","Zwart Fruit"],"Auteur":"Antoine","quote":"Le pinot noir am\u00e9ricain par excellence, avec tout ce qu'il faut o\u00f9 il faut ! ","druif":["Pinot Noir \/ Pinot Nero"],"awards":"","bio":false},"_links":{"self":[{"href":"https:\/\/finewinegang.be\/fr\/wp-json\/wp\/v2\/product\/24102","targetHints":{"allow":["GET"]}}],"collection":[{"href":"https:\/\/finewinegang.be\/fr\/wp-json\/wp\/v2\/product"}],"about":[{"href":"https:\/\/finewinegang.be\/fr\/wp-json\/wp\/v2\/types\/product"}],"version-history":[{"count":2,"href":"https:\/\/finewinegang.be\/fr\/wp-json\/wp\/v2\/product\/24102\/revisions"}],"predecessor-version":[{"id":24105,"href":"https:\/\/finewinegang.be\/fr\/wp-json\/wp\/v2\/product\/24102\/revisions\/24105"}],"acf:post":[{"embeddable":true,"href":"https:\/\/finewinegang.be\/fr\/wp-json\/wp\/v2\/producent\/13109"}],"wp:featuredmedia":[{"embeddable":true,"href":"https:\/\/finewinegang.be\/fr\/wp-json\/wp\/v2\/media\/13588"}],"wp:attachment":[{"href":"https:\/\/finewinegang.be\/fr\/wp-json\/wp\/v2\/media?parent=24102"}],"wp:term":[{"taxonomy":"product_brand","embeddable":true,"href":"https:\/\/finewinegang.be\/fr\/wp-json\/wp\/v2\/product_brand?post=24102"},{"taxonomy":"product_cat","embeddable":true,"href":"https:\/\/finewinegang.be\/fr\/wp-json\/wp\/v2\/product_cat?post=24102"},{"taxonomy":"product_tag","embeddable":true,"href":"https:\/\/finewinegang.be\/fr\/wp-json\/wp\/v2\/product_tag?post=24102"}],"curies":[{"name":"wp","href":"https:\/\/api.w.org\/{rel}","templated":true}]}}