{"id":24048,"date":"2025-11-05T14:12:04","date_gmt":"2025-11-05T13:12:04","guid":{"rendered":"https:\/\/finewinegang.be\/?post_type=product&#038;p=24048"},"modified":"2025-11-10T16:51:03","modified_gmt":"2025-11-10T15:51:03","slug":"tenimenti-civa-ribolla-gialla-spumante-extra-dry-millesimato-2024","status":"publish","type":"product","link":"https:\/\/finewinegang.be\/fr\/produit\/tenimenti-civa-ribolla-gialla-spumante-extra-dry-millesimato-2024\/","title":{"rendered":"Tenimenti Civa Ribolla Gialla spumante extra dry millesimato 2024"},"content":{"rendered":"","protected":false},"excerpt":{"rendered":"<p>Ribolla Gialla Millesimato Extra Dry : vin jaune paille \u00e0 la mousse fine. Ar\u00f4mes intenses de sauge, de fleurs blanches, de poire et de pomme. Frais et cr\u00e9meux en bouche.<\/p>\n<p>&nbsp;<\/p>\n","protected":false},"featured_media":18916,"template":"","meta":{"_acf_changed":false,"subtitle":"","day_of_the_week":"Monday","starting_time":0,"location":"ANTWERP","other_location_name":"","other_location_street_number":"","other_location_zip":"","other_location_city":"","other_location_address_itinerary_link":"","other_location_email_to_keep_updated":""},"product_brand":[],"product_cat":[373,375],"product_tag":[594,614,592],"class_list":{"0":"post-24048","1":"product","2":"type-product","3":"status-publish","4":"has-post-thumbnail","6":"product_cat-bouteilles","7":"product_cat-vin-mousseux","8":"product_tag-civa","9":"product_tag-sparkling-tasting","10":"product_tag-tenimenti-civa","11":"product_shipping_class-flessen-fr","13":"first","14":"instock","15":"taxable","16":"shipping-taxable","17":"purchasable","18":"product-type-simple"},"acf":{"jaargang":"2024","volume":75,"alcohol":12,"schenktemperatuur":"4\u00b0C - 7\u00b0C","Producent":[18867],"producent_search":"Tenimenti Civa","cuvee":"Tenimenti Civa Ribolla Gialla spumante extra dry millesimato","land":"Itali\u00eb","regio":"Friuli","appellatie":"Spumante","Kracht":2,"intensiteit":2,"Verouderingspotentieel":1,"smaakprofiel":["Delicaat","Droog","Fijne pareling"],"aromas":["Appel","Peer","Perzik"],"Auteur":"Antoine","quote":"Bouteille amusante, scintillante avec une bulle plus qu'agr\u00e9able \u00e0 l'int\u00e9rieur. Rafra\u00eechissant et facile \u00e0 boire, un p\u00e9tillant sans pr\u00e9tention \u00e0 un prix abordable. Rafra\u00eechissant et facile \u00e0 boire, un p\u00e9tillant sans pr\u00e9tention \u00e0 un prix abordable.","druif":["Ribolla Gialla"],"awards":"","bio":false},"_links":{"self":[{"href":"https:\/\/finewinegang.be\/fr\/wp-json\/wp\/v2\/product\/24048","targetHints":{"allow":["GET"]}}],"collection":[{"href":"https:\/\/finewinegang.be\/fr\/wp-json\/wp\/v2\/product"}],"about":[{"href":"https:\/\/finewinegang.be\/fr\/wp-json\/wp\/v2\/types\/product"}],"version-history":[{"count":2,"href":"https:\/\/finewinegang.be\/fr\/wp-json\/wp\/v2\/product\/24048\/revisions"}],"predecessor-version":[{"id":24100,"href":"https:\/\/finewinegang.be\/fr\/wp-json\/wp\/v2\/product\/24048\/revisions\/24100"}],"acf:post":[{"embeddable":true,"href":"https:\/\/finewinegang.be\/fr\/wp-json\/wp\/v2\/producent\/18867"}],"wp:featuredmedia":[{"embeddable":true,"href":"https:\/\/finewinegang.be\/fr\/wp-json\/wp\/v2\/media\/18916"}],"wp:attachment":[{"href":"https:\/\/finewinegang.be\/fr\/wp-json\/wp\/v2\/media?parent=24048"}],"wp:term":[{"taxonomy":"product_brand","embeddable":true,"href":"https:\/\/finewinegang.be\/fr\/wp-json\/wp\/v2\/product_brand?post=24048"},{"taxonomy":"product_cat","embeddable":true,"href":"https:\/\/finewinegang.be\/fr\/wp-json\/wp\/v2\/product_cat?post=24048"},{"taxonomy":"product_tag","embeddable":true,"href":"https:\/\/finewinegang.be\/fr\/wp-json\/wp\/v2\/product_tag?post=24048"}],"curies":[{"name":"wp","href":"https:\/\/api.w.org\/{rel}","templated":true}]}}