{"id":24020,"date":"2025-11-03T15:57:59","date_gmt":"2025-11-03T14:57:59","guid":{"rendered":"https:\/\/finewinegang.be\/?post_type=product&#038;p=24020"},"modified":"2025-11-03T16:14:03","modified_gmt":"2025-11-03T15:14:03","slug":"champagne-collard-picard-dom-picard-grand-cru-extra-brut","status":"publish","type":"product","link":"https:\/\/finewinegang.be\/fr\/produit\/champagne-collard-picard-dom-picard-grand-cru-extra-brut\/","title":{"rendered":"Champagne Collard-Picard \u00ab\u00a0Dom. Picard\u00a0\u00bb Grand Cru Extra Brut"},"content":{"rendered":"","protected":false},"excerpt":{"rendered":"<p>Un Champagne Grand Cru raffin\u00e9 sign\u00e9 Collard-Picard, \u00e9labor\u00e9 \u00e0 partir de Chardonnay de la C\u00f4te des Blancs. Fin, min\u00e9ral et \u00e9l\u00e9gant, avec des notes de fruits blancs, de brioche et une subtile touche saline. Extra Brut, pour les amateurs de finesse pure et s\u00e8che. Parfait \u00e0 l\u2019ap\u00e9ritif ou en accompagnement de mets d\u00e9licats.<\/p>\n","protected":false},"featured_media":24022,"template":"","meta":{"_acf_changed":false,"subtitle":"","day_of_the_week":"Monday","starting_time":0,"location":"ANTWERP","other_location_name":"","other_location_street_number":"","other_location_zip":"","other_location_city":"","other_location_address_itinerary_link":"","other_location_email_to_keep_updated":""},"product_brand":[],"product_cat":[373,375],"product_tag":[614],"class_list":{"0":"post-24020","1":"product","2":"type-product","3":"status-publish","4":"has-post-thumbnail","6":"product_cat-bouteilles","7":"product_cat-vin-mousseux","8":"product_tag-sparkling-tasting","9":"product_shipping_class-flessen-fr","11":"first","12":"instock","13":"taxable","14":"shipping-taxable","15":"purchasable","16":"product-type-simple"},"acf":{"jaargang":"2019","volume":75,"alcohol":12.5,"schenktemperatuur":"4\u00b0C - 10\u00b0C","Producent":"","producent_search":"Champagne Collard-Picard","cuvee":"\"Dom. Picard\" Grand Cru Extra Brut ","land":"Frankrijk","regio":"Champagne","appellatie":"Champagne","Kracht":3,"intensiteit":4,"Verouderingspotentieel":4,"smaakprofiel":["Elegant","Fijn","Fruitig"],"aromas":["Mineraal","Rozenblaadjes","floraal"],"Auteur":"Antoine","quote":"La d\u00e9couverte de l'ann\u00e9e! superbe petite maison familiale de Champagne, qui s'attache \u00e0 produire seulement le meilleur. Cette cuv\u00e9e vous renversera!  ","druif":["Chardonnay"],"awards":"","bio":false},"_links":{"self":[{"href":"https:\/\/finewinegang.be\/fr\/wp-json\/wp\/v2\/product\/24020","targetHints":{"allow":["GET"]}}],"collection":[{"href":"https:\/\/finewinegang.be\/fr\/wp-json\/wp\/v2\/product"}],"about":[{"href":"https:\/\/finewinegang.be\/fr\/wp-json\/wp\/v2\/types\/product"}],"version-history":[{"count":3,"href":"https:\/\/finewinegang.be\/fr\/wp-json\/wp\/v2\/product\/24020\/revisions"}],"predecessor-version":[{"id":24028,"href":"https:\/\/finewinegang.be\/fr\/wp-json\/wp\/v2\/product\/24020\/revisions\/24028"}],"wp:featuredmedia":[{"embeddable":true,"href":"https:\/\/finewinegang.be\/fr\/wp-json\/wp\/v2\/media\/24022"}],"wp:attachment":[{"href":"https:\/\/finewinegang.be\/fr\/wp-json\/wp\/v2\/media?parent=24020"}],"wp:term":[{"taxonomy":"product_brand","embeddable":true,"href":"https:\/\/finewinegang.be\/fr\/wp-json\/wp\/v2\/product_brand?post=24020"},{"taxonomy":"product_cat","embeddable":true,"href":"https:\/\/finewinegang.be\/fr\/wp-json\/wp\/v2\/product_cat?post=24020"},{"taxonomy":"product_tag","embeddable":true,"href":"https:\/\/finewinegang.be\/fr\/wp-json\/wp\/v2\/product_tag?post=24020"}],"curies":[{"name":"wp","href":"https:\/\/api.w.org\/{rel}","templated":true}]}}