{"id":23750,"date":"2025-10-20T14:41:42","date_gmt":"2025-10-20T12:41:42","guid":{"rendered":"https:\/\/finewinegang.be\/?post_type=product&#038;p=23750"},"modified":"2025-12-17T14:14:26","modified_gmt":"2025-12-17T13:14:26","slug":"giftcard-tasting-gold","status":"publish","type":"product","link":"https:\/\/finewinegang.be\/fr\/produit\/giftcard-tasting-gold\/","title":{"rendered":"Bon cadeau Tasting GOLD @ DURBUY avec amuse-bouches pour 2 personnes"},"content":{"rendered":"","protected":false},"excerpt":{"rendered":"<p data-start=\"286\" data-end=\"674\">Offrez une exp\u00e9rience inoubliable. Le ch\u00e8que-cadeau TASTING GOLD de The Fine Wine Gang est une invitation \u00e0 une d\u00e9gustation de vins pour deux personnes. Imaginez : six grands vins, parfaitement accompagn\u00e9s, avec des amuse-bouches et une bonne dose de connaissances \u0153nologiques, le tout avec une touche de rock&rsquo;n&rsquo;roll, comme vous en avez l&rsquo;habitude chez nous.  <\/p>\n<p data-start=\"676\" data-end=\"876\">\ud83c\udf77 TASTING GOLD<br data-start=\"695\" data-end=\"698\">\u2713 3 vins blancs premium + 3 vins rouges premium<br data-start=\"739\" data-end=\"742\">\u2713 Amuse-bouches assortis<br data-start=\"761\" data-end=\"764\">\u2713 90 minutes guid\u00e9es par un v\u00e9ritable sommelier<br data-start=\"808\" data-end=\"811\">\u2713 Servis avec panache dans notre ambiance unique \u00e0 Durbuy<\/p>\n","protected":false},"featured_media":24479,"template":"","meta":{"_acf_changed":false,"subtitle":"","day_of_the_week":"Monday","starting_time":0,"location":"ANTWERP","other_location_name":"","other_location_street_number":"","other_location_zip":"","other_location_city":"","other_location_address_itinerary_link":"","other_location_email_to_keep_updated":""},"product_brand":[],"product_cat":[554],"product_tag":[],"class_list":{"0":"post-23750","1":"product","2":"type-product","3":"status-publish","4":"has-post-thumbnail","6":"product_cat-cadeau-fr","8":"first","9":"instock","10":"purchasable","11":"product-type-pw-gift-card","12":"has-default-attributes"},"acf":[],"_links":{"self":[{"href":"https:\/\/finewinegang.be\/fr\/wp-json\/wp\/v2\/product\/23750","targetHints":{"allow":["GET"]}}],"collection":[{"href":"https:\/\/finewinegang.be\/fr\/wp-json\/wp\/v2\/product"}],"about":[{"href":"https:\/\/finewinegang.be\/fr\/wp-json\/wp\/v2\/types\/product"}],"version-history":[{"count":4,"href":"https:\/\/finewinegang.be\/fr\/wp-json\/wp\/v2\/product\/23750\/revisions"}],"predecessor-version":[{"id":24720,"href":"https:\/\/finewinegang.be\/fr\/wp-json\/wp\/v2\/product\/23750\/revisions\/24720"}],"wp:featuredmedia":[{"embeddable":true,"href":"https:\/\/finewinegang.be\/fr\/wp-json\/wp\/v2\/media\/24479"}],"wp:attachment":[{"href":"https:\/\/finewinegang.be\/fr\/wp-json\/wp\/v2\/media?parent=23750"}],"wp:term":[{"taxonomy":"product_brand","embeddable":true,"href":"https:\/\/finewinegang.be\/fr\/wp-json\/wp\/v2\/product_brand?post=23750"},{"taxonomy":"product_cat","embeddable":true,"href":"https:\/\/finewinegang.be\/fr\/wp-json\/wp\/v2\/product_cat?post=23750"},{"taxonomy":"product_tag","embeddable":true,"href":"https:\/\/finewinegang.be\/fr\/wp-json\/wp\/v2\/product_tag?post=23750"}],"curies":[{"name":"wp","href":"https:\/\/api.w.org\/{rel}","templated":true}]}}