{"id":23733,"date":"2025-10-20T12:14:28","date_gmt":"2025-10-20T10:14:28","guid":{"rendered":"https:\/\/finewinegang.be\/?post_type=product&#038;p=23733"},"modified":"2025-10-20T13:31:28","modified_gmt":"2025-10-20T11:31:28","slug":"nonino-grappa-riserva-8y-barrique","status":"publish","type":"product","link":"https:\/\/finewinegang.be\/fr\/produit\/nonino-grappa-riserva-8y-barrique\/","title":{"rendered":"Nonino Grappa Riserva 8Y Barrique"},"content":{"rendered":"","protected":false},"excerpt":{"rendered":"<p>La grappa Nonino Riserva 8 Ans Barrique est une grappa italienne d\u2019exception, vieillie pendant huit ans en barriques pour offrir des ar\u00f4mes complexes de vanille, d&rsquo;\u00e9pices et de bois toast\u00e9. Distill\u00e9e avec soin par la c\u00e9l\u00e8bre famille Nonino, cette grappa allie \u00e9l\u00e9gance, tradition et caract\u00e8re. Une grappa incontournable pour les amateurs de spiritueux d\u2019exception.  <\/p>\n","protected":false},"featured_media":23741,"template":"","meta":{"_acf_changed":false,"subtitle":"","day_of_the_week":"Monday","starting_time":0,"location":"ANTWERP","other_location_name":"","other_location_street_number":"","other_location_zip":"","other_location_city":"","other_location_address_itinerary_link":"","other_location_email_to_keep_updated":""},"product_brand":[],"product_cat":[559,373,383],"product_tag":[],"class_list":{"0":"post-23733","1":"product","2":"type-product","3":"status-publish","4":"has-post-thumbnail","6":"product_cat-alcools","7":"product_cat-bouteilles","8":"product_cat-spiriteux","9":"product_shipping_class-flessen-fr","11":"first","12":"instock","13":"taxable","14":"shipping-taxable","15":"purchasable","16":"product-type-simple"},"acf":{"jaargang":"Non Vintage","volume":70,"alcohol":43,"schenktemperatuur":"10\u00b0C - 14\u00b0C","Producent":[22723],"producent_search":"Nonino","cuvee":"Grappa Riserva 8Y Barrique","land":"Itali\u00eb","regio":"Friuli-Venezia Giulia","appellatie":"DO Porto","Kracht":5,"intensiteit":5,"Verouderingspotentieel":1,"smaakprofiel":["Complex","Houtgelagerd","Krachtig"],"aromas":["Citrus","Houtaccenten","Kruidig","Toast","Zwart Fruit","Zoete specerijen"],"Auteur":"Antoine","quote":"Nonino Grappa Riserva 8 Years Barrique is een uitzonderlijke Italiaanse distillaat, acht jaar gerijpt op eikenhouten vaten voor een verfijnde smaak met tonen van vanille, kruiden en geroosterd hout. Ambachtelijk geproduceerd door de legendarische familie Nonino, is dit een spirit met karakter en elegantie. Een must-have voor liefhebbers van authentieke, vatgerijpte grappa.  ","druif":"","awards":"","bio":false},"_links":{"self":[{"href":"https:\/\/finewinegang.be\/fr\/wp-json\/wp\/v2\/product\/23733","targetHints":{"allow":["GET"]}}],"collection":[{"href":"https:\/\/finewinegang.be\/fr\/wp-json\/wp\/v2\/product"}],"about":[{"href":"https:\/\/finewinegang.be\/fr\/wp-json\/wp\/v2\/types\/product"}],"version-history":[{"count":2,"href":"https:\/\/finewinegang.be\/fr\/wp-json\/wp\/v2\/product\/23733\/revisions"}],"predecessor-version":[{"id":23739,"href":"https:\/\/finewinegang.be\/fr\/wp-json\/wp\/v2\/product\/23733\/revisions\/23739"}],"acf:post":[{"embeddable":true,"href":"https:\/\/finewinegang.be\/fr\/wp-json\/wp\/v2\/producent\/22723"}],"wp:featuredmedia":[{"embeddable":true,"href":"https:\/\/finewinegang.be\/fr\/wp-json\/wp\/v2\/media\/23741"}],"wp:attachment":[{"href":"https:\/\/finewinegang.be\/fr\/wp-json\/wp\/v2\/media?parent=23733"}],"wp:term":[{"taxonomy":"product_brand","embeddable":true,"href":"https:\/\/finewinegang.be\/fr\/wp-json\/wp\/v2\/product_brand?post=23733"},{"taxonomy":"product_cat","embeddable":true,"href":"https:\/\/finewinegang.be\/fr\/wp-json\/wp\/v2\/product_cat?post=23733"},{"taxonomy":"product_tag","embeddable":true,"href":"https:\/\/finewinegang.be\/fr\/wp-json\/wp\/v2\/product_tag?post=23733"}],"curies":[{"name":"wp","href":"https:\/\/api.w.org\/{rel}","templated":true}]}}