{"id":23516,"date":"2025-10-01T11:00:58","date_gmt":"2025-10-01T09:00:58","guid":{"rendered":"https:\/\/finewinegang.be\/?post_type=product&#038;p=23516"},"modified":"2025-10-02T09:34:24","modified_gmt":"2025-10-02T07:34:24","slug":"les-davids-resere-perpetuelle-1-antoine-lehebel","status":"publish","type":"product","link":"https:\/\/finewinegang.be\/fr\/produit\/les-davids-resere-perpetuelle-1-antoine-lehebel\/","title":{"rendered":"Les Davids R\u00e9sere Perp\u00e9tuelle #1 &#8211; Antoine Lehebel"},"content":{"rendered":"","protected":false},"excerpt":{"rendered":"<p>Notre sommelier, Antoine Lehebel, n\u2019a pas peur de se retrousser les manches.<br \/>En collaboration avec le Domaine Les Davids, il a cr\u00e9\u00e9 cette Cuv\u00e9e Perp\u00e9tuelle #1.<br \/>Un assemblage de syrah et marselan, taill\u00e9 pour la garde.<br \/>Un vin pens\u00e9 pour vieillir, et pour ceux qui savent attendre\u2026  <\/p>\n","protected":false},"featured_media":23518,"template":"","meta":{"_acf_changed":false,"subtitle":"","day_of_the_week":"Monday","starting_time":0,"location":"ANTWERP","other_location_name":"","other_location_street_number":"","other_location_zip":"","other_location_city":"","other_location_address_itinerary_link":"","other_location_email_to_keep_updated":""},"product_brand":[],"product_cat":[373,390,560],"product_tag":[],"class_list":{"0":"post-23516","1":"product","2":"type-product","3":"status-publish","4":"has-post-thumbnail","6":"product_cat-bouteilles","7":"product_cat-vin-rouge","8":"product_cat-vins","9":"product_shipping_class-flessen-fr","11":"first","12":"instock","13":"taxable","14":"shipping-taxable","15":"purchasable","16":"product-type-simple"},"acf":{"jaargang":"2022","volume":75,"alcohol":"","schenktemperatuur":"14\u00b0C - 16\u00b0C","Producent":"","producent_search":"Domaine Les Davids","cuvee":"R\u00e9sere Perp\u00e9tuelle #1 - Antoine Lehebel","land":"Frankrijk","regio":"Lub\u00e9ron","appellatie":"Vin de France","Kracht":4,"intensiteit":4,"Verouderingspotentieel":4,"smaakprofiel":["Krachtig","Kruidig","Mediterraans"],"aromas":["Zwart Fruit","Zoete specerijen","muskus"],"Auteur":"Antoine","quote":"Un assemblage original de Syrah et de Marselan, vinifi\u00e9 et assembl\u00e9 au domaine.<br>Pens\u00e9 pour reposer quelques ann\u00e9es en cave, afin d\u2019en r\u00e9v\u00e9ler toute la grandeur.<br>Signed by yours truly ","druif":["Syrah","marselan"],"awards":"","bio":false},"_links":{"self":[{"href":"https:\/\/finewinegang.be\/fr\/wp-json\/wp\/v2\/product\/23516","targetHints":{"allow":["GET"]}}],"collection":[{"href":"https:\/\/finewinegang.be\/fr\/wp-json\/wp\/v2\/product"}],"about":[{"href":"https:\/\/finewinegang.be\/fr\/wp-json\/wp\/v2\/types\/product"}],"version-history":[{"count":2,"href":"https:\/\/finewinegang.be\/fr\/wp-json\/wp\/v2\/product\/23516\/revisions"}],"predecessor-version":[{"id":23535,"href":"https:\/\/finewinegang.be\/fr\/wp-json\/wp\/v2\/product\/23516\/revisions\/23535"}],"wp:featuredmedia":[{"embeddable":true,"href":"https:\/\/finewinegang.be\/fr\/wp-json\/wp\/v2\/media\/23518"}],"wp:attachment":[{"href":"https:\/\/finewinegang.be\/fr\/wp-json\/wp\/v2\/media?parent=23516"}],"wp:term":[{"taxonomy":"product_brand","embeddable":true,"href":"https:\/\/finewinegang.be\/fr\/wp-json\/wp\/v2\/product_brand?post=23516"},{"taxonomy":"product_cat","embeddable":true,"href":"https:\/\/finewinegang.be\/fr\/wp-json\/wp\/v2\/product_cat?post=23516"},{"taxonomy":"product_tag","embeddable":true,"href":"https:\/\/finewinegang.be\/fr\/wp-json\/wp\/v2\/product_tag?post=23516"}],"curies":[{"name":"wp","href":"https:\/\/api.w.org\/{rel}","templated":true}]}}