{"id":23394,"date":"2025-09-17T10:50:05","date_gmt":"2025-09-17T08:50:05","guid":{"rendered":"https:\/\/finewinegang.be\/?post_type=product&#038;p=23394"},"modified":"2025-09-17T10:53:23","modified_gmt":"2025-09-17T08:53:23","slug":"raices-ibericas-albarin-2023","status":"publish","type":"product","link":"https:\/\/finewinegang.be\/fr\/produit\/raices-ibericas-albarin-2023\/","title":{"rendered":"Ra\u00edces Ib\u00e9ricas Albarin 2023"},"content":{"rendered":"","protected":false},"excerpt":{"rendered":"<p>Explorez les caract\u00e9ristiques uniques de Raices Ibericas Albarin, un vin espagnol qui capture l&rsquo;essence du pays.<\/p>\n","protected":false},"featured_media":13936,"template":"","meta":{"_acf_changed":false,"subtitle":"","day_of_the_week":"Monday","starting_time":0,"location":"ANTWERP","other_location_name":"","other_location_street_number":"","other_location_zip":"","other_location_city":"","other_location_address_itinerary_link":"","other_location_email_to_keep_updated":""},"product_brand":[],"product_cat":[373,392],"product_tag":[517],"class_list":{"0":"post-23394","1":"product","2":"type-product","3":"status-publish","4":"has-post-thumbnail","6":"product_cat-bouteilles","7":"product_cat-vin-blanc","8":"product_tag-raices-ibericas-fr","9":"product_shipping_class-flessen-fr","11":"first","12":"instock","13":"taxable","14":"shipping-taxable","15":"purchasable","16":"product-type-simple"},"acf":{"jaargang":"2023","volume":75,"alcohol":13.5,"schenktemperatuur":"9\u00b0C - 11\u00b0C","Producent":[13077],"producent_search":"Ra\u00edces Ib\u00e9ricas","cuvee":"Albarin","land":"Spanje","regio":"Cantabria & Castilla y Le\u00f3n","appellatie":"Tierra de Le\u00f3n","Kracht":3,"intensiteit":3,"Verouderingspotentieel":4,"smaakprofiel":["Citrus","Fris","Rond"],"aromas":["Groene Kruiden","Pompelmoes","Vuursteen"],"Auteur":"Stijn","quote":"Non non non, nous ne parlons PAS d'albari\u00f1o mais d'albar\u00edn ! Un c\u00e9page des Asturies qui a manqu\u00e9 de dispara\u00eetre avant que les viticulteurs ne commencent \u00e0 le replanter. On le trouve essentiellement dans le sud-ouest, dans la r\u00e9gion de Cangas de Narcea. Plus important encore... un vin remarquable.","druif":["Albarin"],"awards":"","bio":false},"_links":{"self":[{"href":"https:\/\/finewinegang.be\/fr\/wp-json\/wp\/v2\/product\/23394","targetHints":{"allow":["GET"]}}],"collection":[{"href":"https:\/\/finewinegang.be\/fr\/wp-json\/wp\/v2\/product"}],"about":[{"href":"https:\/\/finewinegang.be\/fr\/wp-json\/wp\/v2\/types\/product"}],"version-history":[{"count":2,"href":"https:\/\/finewinegang.be\/fr\/wp-json\/wp\/v2\/product\/23394\/revisions"}],"predecessor-version":[{"id":23400,"href":"https:\/\/finewinegang.be\/fr\/wp-json\/wp\/v2\/product\/23394\/revisions\/23400"}],"acf:post":[{"embeddable":true,"href":"https:\/\/finewinegang.be\/fr\/wp-json\/wp\/v2\/producent\/13077"}],"wp:featuredmedia":[{"embeddable":true,"href":"https:\/\/finewinegang.be\/fr\/wp-json\/wp\/v2\/media\/13936"}],"wp:attachment":[{"href":"https:\/\/finewinegang.be\/fr\/wp-json\/wp\/v2\/media?parent=23394"}],"wp:term":[{"taxonomy":"product_brand","embeddable":true,"href":"https:\/\/finewinegang.be\/fr\/wp-json\/wp\/v2\/product_brand?post=23394"},{"taxonomy":"product_cat","embeddable":true,"href":"https:\/\/finewinegang.be\/fr\/wp-json\/wp\/v2\/product_cat?post=23394"},{"taxonomy":"product_tag","embeddable":true,"href":"https:\/\/finewinegang.be\/fr\/wp-json\/wp\/v2\/product_tag?post=23394"}],"curies":[{"name":"wp","href":"https:\/\/api.w.org\/{rel}","templated":true}]}}