{"id":22743,"date":"2025-06-26T17:44:52","date_gmt":"2025-06-26T15:44:52","guid":{"rendered":"https:\/\/finewinegang.be\/?post_type=product&#038;p=22743"},"modified":"2025-07-07T11:10:08","modified_gmt":"2025-07-07T09:10:08","slug":"nonino-aperitivo-botanical-drink","status":"publish","type":"product","link":"https:\/\/finewinegang.be\/fr\/produit\/nonino-aperitivo-botanical-drink\/","title":{"rendered":"Nonino L&rsquo;Aperitivo Botanical Drink"},"content":{"rendered":"","protected":false},"excerpt":{"rendered":"<p data-start=\"68\" data-end=\"577\"><strong data-start=\"90\" data-end=\"99\">1940 <\/strong>: Silvia Nonino \u2013 l\u2019\u00e9pouse d\u2019Antonio et une excellente cuisini\u00e8re \u2013 se retrouve veuve et devient la premi\u00e8re femme \u00e0 diriger une distillerie. Gr\u00e2ce \u00e0 sa grande connaissance des herbes, elle cr\u00e9e l\u2019\u201cAperitivo Bianco Nonino\u201d, une boisson pour le plaisir du palais et de l\u2019esprit. C\u2019est la premi\u00e8re fois que la distillerie d\u00e9couvre la touche f\u00e9minine dans l\u2019art des liqueurs et de la distillation. Silvia sera la premi\u00e8re d\u2019une longue lign\u00e9e de distillatrices Nonino.   <\/p>\n<p data-start=\"579\" data-end=\"687\"><strong data-start=\"579\" data-end=\"588\">2018 <\/strong>: Cristina, Antonella, Elisabetta et Francesca Nonino retravaillent la recette dans un style contemporain.<\/p>\n","protected":false},"featured_media":23897,"template":"","meta":{"_acf_changed":false,"subtitle":"","day_of_the_week":"Monday","starting_time":0,"location":"ANTWERP","other_location_name":"","other_location_street_number":"","other_location_zip":"","other_location_city":"","other_location_address_itinerary_link":"","other_location_email_to_keep_updated":""},"product_brand":[],"product_cat":[559,373,383],"product_tag":[],"class_list":{"0":"post-22743","1":"product","2":"type-product","3":"status-publish","4":"has-post-thumbnail","6":"product_cat-alcools","7":"product_cat-bouteilles","8":"product_cat-spiriteux","9":"product_shipping_class-flessen-fr","11":"first","12":"instock","13":"taxable","14":"shipping-taxable","15":"purchasable","16":"product-type-simple"},"acf":{"jaargang":"Non Vintage","volume":70,"alcohol":21,"schenktemperatuur":"6-7\u00b0C of met ijs","Producent":[22723],"producent_search":"Nonino","cuvee":"Aperitivo","land":"Itali\u00eb","regio":"Friuli-Venezia Giulia","appellatie":"DO Porto","Kracht":5,"intensiteit":5,"Verouderingspotentieel":1,"smaakprofiel":["Intens","Kruidig","Smaakvol"],"aromas":["Citrus","Kruidig","Rijp Fruit"],"Auteur":"Antoine","quote":"Si vous \u00eates \u00e0 la recherche d'une nouveaut\u00e9 pour votre \"aperitivo\" d'\u00e9t\u00e9, ne cherchez plus ! La c\u00e9l\u00e8bre distillerie Nonino propose un magnifique produit de style italien que vous pouvez d\u00e9guster pur sur des gla\u00e7ons, m\u00e9lang\u00e9 \u00e0 tout ce qui a des bulles, ou comme co\u00e9quipier dans un cocktail..... ","druif":"","awards":"","bio":false},"_links":{"self":[{"href":"https:\/\/finewinegang.be\/fr\/wp-json\/wp\/v2\/product\/22743","targetHints":{"allow":["GET"]}}],"collection":[{"href":"https:\/\/finewinegang.be\/fr\/wp-json\/wp\/v2\/product"}],"about":[{"href":"https:\/\/finewinegang.be\/fr\/wp-json\/wp\/v2\/types\/product"}],"version-history":[{"count":2,"href":"https:\/\/finewinegang.be\/fr\/wp-json\/wp\/v2\/product\/22743\/revisions"}],"predecessor-version":[{"id":22818,"href":"https:\/\/finewinegang.be\/fr\/wp-json\/wp\/v2\/product\/22743\/revisions\/22818"}],"acf:post":[{"embeddable":true,"href":"https:\/\/finewinegang.be\/fr\/wp-json\/wp\/v2\/producent\/22723"}],"wp:featuredmedia":[{"embeddable":true,"href":"https:\/\/finewinegang.be\/fr\/wp-json\/wp\/v2\/media\/23897"}],"wp:attachment":[{"href":"https:\/\/finewinegang.be\/fr\/wp-json\/wp\/v2\/media?parent=22743"}],"wp:term":[{"taxonomy":"product_brand","embeddable":true,"href":"https:\/\/finewinegang.be\/fr\/wp-json\/wp\/v2\/product_brand?post=22743"},{"taxonomy":"product_cat","embeddable":true,"href":"https:\/\/finewinegang.be\/fr\/wp-json\/wp\/v2\/product_cat?post=22743"},{"taxonomy":"product_tag","embeddable":true,"href":"https:\/\/finewinegang.be\/fr\/wp-json\/wp\/v2\/product_tag?post=22743"}],"curies":[{"name":"wp","href":"https:\/\/api.w.org\/{rel}","templated":true}]}}