{"id":22736,"date":"2025-06-26T17:35:00","date_gmt":"2025-06-26T15:35:00","guid":{"rendered":"https:\/\/finewinegang.be\/?post_type=product&#038;p=22736"},"modified":"2026-01-08T19:26:36","modified_gmt":"2026-01-08T18:26:36","slug":"nonino-quintessentia-amaro-riserva","status":"publish","type":"product","link":"https:\/\/finewinegang.be\/fr\/produit\/nonino-quintessentia-amaro-riserva\/","title":{"rendered":"Nonino Quintessentia Amaro Riserva"},"content":{"rendered":"","protected":false},"excerpt":{"rendered":"<p>Nonino Amaro Quintessentia Riserva, une amaro italienne exclusive, vieillie longuement en f\u00fbts de ch\u00eane, aux riches notes de fruits secs, d\u2019herbes et une d\u00e9licate touche de chocolat.<\/p>\n<p><\/p>\n","protected":false},"featured_media":23901,"template":"","meta":{"_acf_changed":false,"subtitle":"","day_of_the_week":"Monday","starting_time":0,"location":"ANTWERP","other_location_name":"","other_location_street_number":"","other_location_zip":"","other_location_city":"","other_location_address_itinerary_link":"","other_location_email_to_keep_updated":""},"product_brand":[],"product_cat":[559,373,383],"product_tag":[],"class_list":{"0":"post-22736","1":"product","2":"type-product","3":"status-publish","4":"has-post-thumbnail","6":"product_cat-alcools","7":"product_cat-bouteilles","8":"product_cat-spiriteux","9":"product_shipping_class-flessen-fr","11":"first","12":"instock","13":"taxable","14":"shipping-taxable","15":"purchasable","16":"product-type-simple"},"acf":{"jaargang":"Non Vintage","volume":70,"alcohol":35,"schenktemperatuur":"10\u00b0C - 14\u00b0C","Producent":[22723],"producent_search":"Nonino","cuvee":"Quintessentia Amaro Riserva","land":"Itali\u00eb","regio":"Friuli-Venezia Giulia","appellatie":"DO Porto","Kracht":5,"intensiteit":5,"Verouderingspotentieel":1,"smaakprofiel":["Complex","Houtgelagerd","Krachtig"],"aromas":["Citrus","Houtaccenten","Kruidig","Toast","Zwart Fruit","Zoete specerijen"],"Auteur":"Antoine","quote":"Celui-ci est destin\u00e9 \u00e0 \u00eatre bu comme une bonne vieille liqueur. Personnellement, je l'aime avec des gla\u00e7ons, apr\u00e8s une dure journ\u00e9e de travail.... ","druif":"","awards":"","bio":false},"_links":{"self":[{"href":"https:\/\/finewinegang.be\/fr\/wp-json\/wp\/v2\/product\/22736","targetHints":{"allow":["GET"]}}],"collection":[{"href":"https:\/\/finewinegang.be\/fr\/wp-json\/wp\/v2\/product"}],"about":[{"href":"https:\/\/finewinegang.be\/fr\/wp-json\/wp\/v2\/types\/product"}],"version-history":[{"count":3,"href":"https:\/\/finewinegang.be\/fr\/wp-json\/wp\/v2\/product\/22736\/revisions"}],"predecessor-version":[{"id":22823,"href":"https:\/\/finewinegang.be\/fr\/wp-json\/wp\/v2\/product\/22736\/revisions\/22823"}],"acf:post":[{"embeddable":true,"href":"https:\/\/finewinegang.be\/fr\/wp-json\/wp\/v2\/producent\/22723"}],"wp:featuredmedia":[{"embeddable":true,"href":"https:\/\/finewinegang.be\/fr\/wp-json\/wp\/v2\/media\/23901"}],"wp:attachment":[{"href":"https:\/\/finewinegang.be\/fr\/wp-json\/wp\/v2\/media?parent=22736"}],"wp:term":[{"taxonomy":"product_brand","embeddable":true,"href":"https:\/\/finewinegang.be\/fr\/wp-json\/wp\/v2\/product_brand?post=22736"},{"taxonomy":"product_cat","embeddable":true,"href":"https:\/\/finewinegang.be\/fr\/wp-json\/wp\/v2\/product_cat?post=22736"},{"taxonomy":"product_tag","embeddable":true,"href":"https:\/\/finewinegang.be\/fr\/wp-json\/wp\/v2\/product_tag?post=22736"}],"curies":[{"name":"wp","href":"https:\/\/api.w.org\/{rel}","templated":true}]}}