{"id":22730,"date":"2025-06-26T17:20:05","date_gmt":"2025-06-26T15:20:05","guid":{"rendered":"https:\/\/finewinegang.be\/?post_type=product&#038;p=22730"},"modified":"2025-07-07T11:21:34","modified_gmt":"2025-07-07T09:21:34","slug":"nonino-quintessentia-amaro","status":"publish","type":"product","link":"https:\/\/finewinegang.be\/fr\/produit\/nonino-quintessentia-amaro\/","title":{"rendered":"Nonino Quintessentia Amaro"},"content":{"rendered":"","protected":false},"excerpt":{"rendered":"<p data-start=\"149\" data-end=\"304\">Nonino Quintessentia Amaro, une amaro italien raffin\u00e9 originaire du Frioul, aux ar\u00f4mes intenses d\u2019herbes, d\u2019\u00e9corce d\u2019orange et de d\u00e9licates notes de caramel.<\/p>\n<p data-start=\"306\" data-end=\"362\" data-is-last-node=\"\" data-is-only-node=\"\">\n","protected":false},"featured_media":23899,"template":"","meta":{"_acf_changed":false,"subtitle":"","day_of_the_week":"Monday","starting_time":0,"location":"ANTWERP","other_location_name":"","other_location_street_number":"","other_location_zip":"","other_location_city":"","other_location_address_itinerary_link":"","other_location_email_to_keep_updated":""},"product_brand":[],"product_cat":[559,373,383],"product_tag":[],"class_list":{"0":"post-22730","1":"product","2":"type-product","3":"status-publish","4":"has-post-thumbnail","6":"product_cat-alcools","7":"product_cat-bouteilles","8":"product_cat-spiriteux","9":"product_shipping_class-flessen-fr","11":"first","12":"instock","13":"taxable","14":"shipping-taxable","15":"purchasable","16":"product-type-simple"},"acf":{"jaargang":"Non Vintage","volume":70,"alcohol":35,"schenktemperatuur":"18-20\u00b0C","Producent":[22723],"producent_search":"Nonino","cuvee":"Quintessentia Amaro","land":"Itali\u00eb","regio":"Friuli-Venezia Giulia","appellatie":"DO Porto","Kracht":5,"intensiteit":5,"Verouderingspotentieel":2,"smaakprofiel":["Complex","Geconcentreerd","Krachtig"],"aromas":["Citrus","Kruidig","Zwart Fruit","Zoete specerijen"],"Auteur":"Antoine","quote":"Amaro de premier ordre pour impressionner les amis et la famille. Si bon en soi qu'il n'a besoin de rien d'autre qu'une bonne compagnie pour \u00eatre appr\u00e9ci\u00e9. ","druif":"","awards":"","bio":false},"_links":{"self":[{"href":"https:\/\/finewinegang.be\/fr\/wp-json\/wp\/v2\/product\/22730","targetHints":{"allow":["GET"]}}],"collection":[{"href":"https:\/\/finewinegang.be\/fr\/wp-json\/wp\/v2\/product"}],"about":[{"href":"https:\/\/finewinegang.be\/fr\/wp-json\/wp\/v2\/types\/product"}],"version-history":[{"count":2,"href":"https:\/\/finewinegang.be\/fr\/wp-json\/wp\/v2\/product\/22730\/revisions"}],"predecessor-version":[{"id":22821,"href":"https:\/\/finewinegang.be\/fr\/wp-json\/wp\/v2\/product\/22730\/revisions\/22821"}],"acf:post":[{"embeddable":true,"href":"https:\/\/finewinegang.be\/fr\/wp-json\/wp\/v2\/producent\/22723"}],"wp:featuredmedia":[{"embeddable":true,"href":"https:\/\/finewinegang.be\/fr\/wp-json\/wp\/v2\/media\/23899"}],"wp:attachment":[{"href":"https:\/\/finewinegang.be\/fr\/wp-json\/wp\/v2\/media?parent=22730"}],"wp:term":[{"taxonomy":"product_brand","embeddable":true,"href":"https:\/\/finewinegang.be\/fr\/wp-json\/wp\/v2\/product_brand?post=22730"},{"taxonomy":"product_cat","embeddable":true,"href":"https:\/\/finewinegang.be\/fr\/wp-json\/wp\/v2\/product_cat?post=22730"},{"taxonomy":"product_tag","embeddable":true,"href":"https:\/\/finewinegang.be\/fr\/wp-json\/wp\/v2\/product_tag?post=22730"}],"curies":[{"name":"wp","href":"https:\/\/api.w.org\/{rel}","templated":true}]}}