{"id":22706,"date":"2025-06-26T15:51:38","date_gmt":"2025-06-26T13:51:38","guid":{"rendered":"https:\/\/finewinegang.be\/?post_type=product&#038;p=22706"},"modified":"2026-03-11T15:42:50","modified_gmt":"2026-03-11T14:42:50","slug":"quinta-da-romeira-morgado-de-st-catharina","status":"publish","type":"product","link":"https:\/\/finewinegang.be\/fr\/produit\/quinta-da-romeira-morgado-de-st-catharina\/","title":{"rendered":"Quinta da Romeira Morgado de St Catharina 2022"},"content":{"rendered":"","protected":false},"excerpt":{"rendered":"","protected":false},"featured_media":22789,"template":"","meta":{"_acf_changed":false,"subtitle":"","day_of_the_week":"Monday","starting_time":0,"location":"ANTWERP","other_location_name":"","other_location_street_number":"","other_location_zip":"","other_location_city":"","other_location_address_itinerary_link":"","other_location_email_to_keep_updated":""},"product_brand":[],"product_cat":[373,392],"product_tag":[],"class_list":{"0":"post-22706","1":"product","2":"type-product","3":"status-publish","4":"has-post-thumbnail","6":"product_cat-bouteilles","7":"product_cat-vin-blanc","9":"first","10":"instock","11":"taxable","12":"shipping-taxable","13":"purchasable","14":"product-type-simple"},"acf":{"jaargang":"2022","volume":75,"alcohol":13.5,"schenktemperatuur":"6- 8\u00b0C","Producent":[22692],"producent_search":"Quinta da Romeira","cuvee":"Prova Regia","land":"Portugal","regio":"Lisbonne","appellatie":"DOC Bucelas","Kracht":3,"intensiteit":2,"Verouderingspotentieel":3,"smaakprofiel":["Fris","Licht","Mineraal"],"aromas":["Citrus","Jasmijn","Natte kiezelstenen"],"Auteur":"Antoine","quote":"Un vin atlantique, plein de min\u00e9ralit\u00e9 intense et de saveurs typiques d'agrumes. Une acidit\u00e9 vive et rafra\u00eechissante. \n","druif":["Arinto"],"awards":"","bio":false},"_links":{"self":[{"href":"https:\/\/finewinegang.be\/fr\/wp-json\/wp\/v2\/product\/22706","targetHints":{"allow":["GET"]}}],"collection":[{"href":"https:\/\/finewinegang.be\/fr\/wp-json\/wp\/v2\/product"}],"about":[{"href":"https:\/\/finewinegang.be\/fr\/wp-json\/wp\/v2\/types\/product"}],"version-history":[{"count":2,"href":"https:\/\/finewinegang.be\/fr\/wp-json\/wp\/v2\/product\/22706\/revisions"}],"predecessor-version":[{"id":22711,"href":"https:\/\/finewinegang.be\/fr\/wp-json\/wp\/v2\/product\/22706\/revisions\/22711"}],"acf:post":[{"embeddable":true,"href":"https:\/\/finewinegang.be\/fr\/wp-json\/wp\/v2\/producent\/22692"}],"wp:featuredmedia":[{"embeddable":true,"href":"https:\/\/finewinegang.be\/fr\/wp-json\/wp\/v2\/media\/22789"}],"wp:attachment":[{"href":"https:\/\/finewinegang.be\/fr\/wp-json\/wp\/v2\/media?parent=22706"}],"wp:term":[{"taxonomy":"product_brand","embeddable":true,"href":"https:\/\/finewinegang.be\/fr\/wp-json\/wp\/v2\/product_brand?post=22706"},{"taxonomy":"product_cat","embeddable":true,"href":"https:\/\/finewinegang.be\/fr\/wp-json\/wp\/v2\/product_cat?post=22706"},{"taxonomy":"product_tag","embeddable":true,"href":"https:\/\/finewinegang.be\/fr\/wp-json\/wp\/v2\/product_tag?post=22706"}],"curies":[{"name":"wp","href":"https:\/\/api.w.org\/{rel}","templated":true}]}}