{"id":22700,"date":"2025-06-26T15:46:09","date_gmt":"2025-06-26T13:46:09","guid":{"rendered":"https:\/\/finewinegang.be\/?post_type=product&#038;p=22700"},"modified":"2025-10-07T11:25:00","modified_gmt":"2025-10-07T09:25:00","slug":"ferreira-dona-antonia-old-tawny-30-years","status":"publish","type":"product","link":"https:\/\/finewinegang.be\/fr\/produit\/ferreira-dona-antonia-old-tawny-30-years\/","title":{"rendered":"Ferreira Dona Antonia Old Tawny 30 years"},"content":{"rendered":"","protected":false},"excerpt":{"rendered":"<p>Ferreira Dona Antonia \u00ab Old Tawny 30 years \u00bb, un excellent porto tawny portugais aux notes profondes de caramel et de vanille.<\/p>\n","protected":false},"featured_media":23467,"template":"","meta":{"_acf_changed":false,"subtitle":"","day_of_the_week":"Monday","starting_time":0,"location":"ANTWERP","other_location_name":"","other_location_street_number":"","other_location_zip":"","other_location_city":"","other_location_address_itinerary_link":"","other_location_email_to_keep_updated":""},"product_brand":[],"product_cat":[373,388],"product_tag":[590],"class_list":{"0":"post-22700","1":"product","2":"type-product","3":"status-publish","4":"has-post-thumbnail","6":"product_cat-bouteilles","7":"product_cat-porto","8":"product_tag-casa-ferreirinha-porto-fr","9":"product_shipping_class-flessen-fr","11":"first","12":"instock","13":"taxable","14":"shipping-taxable","15":"purchasable","16":"product-type-simple"},"acf":{"jaargang":"Non Vintage","volume":75,"alcohol":20,"schenktemperatuur":"10\u00b0C - 14\u00b0C","Producent":[13137],"producent_search":"Ferreira","cuvee":"Dona Antonia 'Old Tawny 30 years'","land":"Portugal","regio":"Douro","appellatie":"DO Porto","Kracht":5,"intensiteit":5,"Verouderingspotentieel":1,"smaakprofiel":["Complex","Grandioos","Intens"],"aromas":["Gedroogd Fruit","Toast","Zoete Kruiden"],"Auteur":"Antoine","quote":"Oh, mon Dieu ! Serait-ce le meilleur porto tawny que j'aie jamais go\u00fbt\u00e9 ? Je n'en suis pas certain, mais je sais qu'il est tr\u00e8s proche du summum, alors n'h\u00e9sitez pas un instant et foncez !","druif":["Tinta Amarela","Tinta Barroca","Tinta C\u00e3o","Tinta Roriz","Touriga Franca","Touriga Nacional"],"awards":"","bio":false},"_links":{"self":[{"href":"https:\/\/finewinegang.be\/fr\/wp-json\/wp\/v2\/product\/22700","targetHints":{"allow":["GET"]}}],"collection":[{"href":"https:\/\/finewinegang.be\/fr\/wp-json\/wp\/v2\/product"}],"about":[{"href":"https:\/\/finewinegang.be\/fr\/wp-json\/wp\/v2\/types\/product"}],"version-history":[{"count":3,"href":"https:\/\/finewinegang.be\/fr\/wp-json\/wp\/v2\/product\/22700\/revisions"}],"predecessor-version":[{"id":23473,"href":"https:\/\/finewinegang.be\/fr\/wp-json\/wp\/v2\/product\/22700\/revisions\/23473"}],"acf:post":[{"embeddable":true,"href":"https:\/\/finewinegang.be\/fr\/wp-json\/wp\/v2\/producent\/13137"}],"wp:featuredmedia":[{"embeddable":true,"href":"https:\/\/finewinegang.be\/fr\/wp-json\/wp\/v2\/media\/23467"}],"wp:attachment":[{"href":"https:\/\/finewinegang.be\/fr\/wp-json\/wp\/v2\/media?parent=22700"}],"wp:term":[{"taxonomy":"product_brand","embeddable":true,"href":"https:\/\/finewinegang.be\/fr\/wp-json\/wp\/v2\/product_brand?post=22700"},{"taxonomy":"product_cat","embeddable":true,"href":"https:\/\/finewinegang.be\/fr\/wp-json\/wp\/v2\/product_cat?post=22700"},{"taxonomy":"product_tag","embeddable":true,"href":"https:\/\/finewinegang.be\/fr\/wp-json\/wp\/v2\/product_tag?post=22700"}],"curies":[{"name":"wp","href":"https:\/\/api.w.org\/{rel}","templated":true}]}}