{"id":22690,"date":"2025-06-26T14:50:44","date_gmt":"2025-06-26T12:50:44","guid":{"rendered":"https:\/\/finewinegang.be\/product\/lenzmark-wines-new-chapter-2023-magnum\/"},"modified":"2025-06-26T14:50:44","modified_gmt":"2025-06-26T12:50:44","slug":"lenzmark-wines-new-chapter-2023-magnum","status":"publish","type":"product","link":"https:\/\/finewinegang.be\/fr\/produit\/lenzmark-wines-new-chapter-2023-magnum\/","title":{"rendered":"Lenzmark wines New Chapter 2023 magnum"},"content":{"rendered":"","protected":false},"excerpt":{"rendered":"<p>D\u00e9couvrez une nouvelle dimension de raffinement avec Lenzmark Wines New Chapter, un vin blanc qui enchante les sens par sa complexit\u00e9.<\/p>\n","protected":false},"featured_media":13922,"template":"","meta":{"_acf_changed":false,"subtitle":"","day_of_the_week":"","starting_time":0,"location":"","other_location_name":"","other_location_street_number":"","other_location_zip":"","other_location_city":"","other_location_address_itinerary_link":"","other_location_email_to_keep_updated":""},"product_brand":[],"product_cat":[373,392],"product_tag":[574],"class_list":{"0":"post-22690","1":"product","2":"type-product","3":"status-publish","4":"has-post-thumbnail","6":"product_cat-bouteilles","7":"product_cat-vin-blanc","8":"product_tag-huber-fr","9":"product_shipping_class-flessen-fr","11":"first","12":"instock","13":"taxable","14":"shipping-taxable","15":"purchasable","16":"product-type-simple"},"acf":{"jaargang":"2023","volume":150,"alcohol":13,"schenktemperatuur":"8\u00b0C - 11\u00b0C","Producent":[13089],"producent_search":"Lenzmark wines","cuvee":"New Chapter 2023","land":"Oostenrijk","regio":"Nieder\u00f6sterreich","appellatie":"Nidder\u00f6sterreich","Kracht":3,"intensiteit":3,"Verouderingspotentieel":3,"smaakprofiel":["Bloemig","Rijk","Smaakvol"],"aromas":["Appel","Limoen","Witte Peper"],"Auteur":"Antoine","quote":"Markus et Lenz cherchaient le Gr\u00fcner de r\u00e9f\u00e9rence et l'ont cr\u00e9\u00e9. Quel vin ! Vous reconnaissez imm\u00e9diatement ses racines autrichiennes dans un verre de vin brillant.  ","druif":["Gr\u00fcner Veltliner"],"awards":"","bio":false},"_links":{"self":[{"href":"https:\/\/finewinegang.be\/fr\/wp-json\/wp\/v2\/product\/22690","targetHints":{"allow":["GET"]}}],"collection":[{"href":"https:\/\/finewinegang.be\/fr\/wp-json\/wp\/v2\/product"}],"about":[{"href":"https:\/\/finewinegang.be\/fr\/wp-json\/wp\/v2\/types\/product"}],"version-history":[{"count":0,"href":"https:\/\/finewinegang.be\/fr\/wp-json\/wp\/v2\/product\/22690\/revisions"}],"acf:post":[{"embeddable":true,"href":"https:\/\/finewinegang.be\/fr\/wp-json\/wp\/v2\/producent\/13089"}],"wp:featuredmedia":[{"embeddable":true,"href":"https:\/\/finewinegang.be\/fr\/wp-json\/wp\/v2\/media\/13922"}],"wp:attachment":[{"href":"https:\/\/finewinegang.be\/fr\/wp-json\/wp\/v2\/media?parent=22690"}],"wp:term":[{"taxonomy":"product_brand","embeddable":true,"href":"https:\/\/finewinegang.be\/fr\/wp-json\/wp\/v2\/product_brand?post=22690"},{"taxonomy":"product_cat","embeddable":true,"href":"https:\/\/finewinegang.be\/fr\/wp-json\/wp\/v2\/product_cat?post=22690"},{"taxonomy":"product_tag","embeddable":true,"href":"https:\/\/finewinegang.be\/fr\/wp-json\/wp\/v2\/product_tag?post=22690"}],"curies":[{"name":"wp","href":"https:\/\/api.w.org\/{rel}","templated":true}]}}