{"id":22460,"date":"2025-05-28T09:30:01","date_gmt":"2025-05-28T07:30:01","guid":{"rendered":"https:\/\/finewinegang.be\/?post_type=product&#038;p=22460"},"modified":"2025-05-28T14:58:53","modified_gmt":"2025-05-28T12:58:53","slug":"garofoli-komaros-2024","status":"publish","type":"product","link":"https:\/\/finewinegang.be\/fr\/produit\/garofoli-komaros-2024\/","title":{"rendered":"Garofoli Komaros 2024"},"content":{"rendered":"","protected":false},"excerpt":{"rendered":"<p>D\u00e9couvrez ce fantastique Pet Nat de Garofoli. Un d\u00e9lice pour les belles soir\u00e9es d&rsquo;\u00e9t\u00e9. <\/p>\n","protected":false},"featured_media":22466,"template":"","meta":{"_acf_changed":false,"subtitle":"","day_of_the_week":"Monday","starting_time":0,"location":"ANTWERP","other_location_name":"","other_location_street_number":"","other_location_zip":"","other_location_city":"","other_location_address_itinerary_link":"","other_location_email_to_keep_updated":""},"product_brand":[],"product_cat":[373,394],"product_tag":[497],"class_list":{"0":"post-22460","1":"product","2":"type-product","3":"status-publish","4":"has-post-thumbnail","6":"product_cat-bouteilles","7":"product_cat-vin-rose","8":"product_tag-garofoli-fr","9":"product_shipping_class-flessen-fr","11":"first","12":"instock","13":"taxable","14":"shipping-taxable","15":"purchasable","16":"product-type-simple"},"acf":{"jaargang":"2024","volume":75,"alcohol":13,"schenktemperatuur":"8\u00b0C - 11\u00b0C","Producent":[13074],"producent_search":"Garofoli","cuvee":"Komaros 2024","land":"Itali\u00eb","regio":"Marche","appellatie":"IGT Marche Rosato","Kracht":2,"intensiteit":3,"Verouderingspotentieel":2,"smaakprofiel":["Fruitig","Mineraal","Verfrissend"],"aromas":["Aardbei","Framboos","Rozenblaadjes"],"Auteur":"Antoine","quote":"J'adore ce ros\u00e9 de Montepulciano, tr\u00e8s \"proven\u00e7al\", avec une couleur tr\u00e8s attrayante. qualit\u00e9 \u00e9tonnante, plaisir \u00e9clatant pris \u00e0 chaque gorg\u00e9e...\" ","druif":["Montepulciano"],"awards":"","bio":false},"_links":{"self":[{"href":"https:\/\/finewinegang.be\/fr\/wp-json\/wp\/v2\/product\/22460","targetHints":{"allow":["GET"]}}],"collection":[{"href":"https:\/\/finewinegang.be\/fr\/wp-json\/wp\/v2\/product"}],"about":[{"href":"https:\/\/finewinegang.be\/fr\/wp-json\/wp\/v2\/types\/product"}],"version-history":[{"count":2,"href":"https:\/\/finewinegang.be\/fr\/wp-json\/wp\/v2\/product\/22460\/revisions"}],"predecessor-version":[{"id":22471,"href":"https:\/\/finewinegang.be\/fr\/wp-json\/wp\/v2\/product\/22460\/revisions\/22471"}],"acf:post":[{"embeddable":true,"href":"https:\/\/finewinegang.be\/fr\/wp-json\/wp\/v2\/producent\/13074"}],"wp:featuredmedia":[{"embeddable":true,"href":"https:\/\/finewinegang.be\/fr\/wp-json\/wp\/v2\/media\/22466"}],"wp:attachment":[{"href":"https:\/\/finewinegang.be\/fr\/wp-json\/wp\/v2\/media?parent=22460"}],"wp:term":[{"taxonomy":"product_brand","embeddable":true,"href":"https:\/\/finewinegang.be\/fr\/wp-json\/wp\/v2\/product_brand?post=22460"},{"taxonomy":"product_cat","embeddable":true,"href":"https:\/\/finewinegang.be\/fr\/wp-json\/wp\/v2\/product_cat?post=22460"},{"taxonomy":"product_tag","embeddable":true,"href":"https:\/\/finewinegang.be\/fr\/wp-json\/wp\/v2\/product_tag?post=22460"}],"curies":[{"name":"wp","href":"https:\/\/api.w.org\/{rel}","templated":true}]}}