{"id":22449,"date":"2025-05-27T17:24:39","date_gmt":"2025-05-27T15:24:39","guid":{"rendered":"https:\/\/finewinegang.be\/?post_type=product&#038;p=22449"},"modified":"2025-05-28T10:39:31","modified_gmt":"2025-05-28T08:39:31","slug":"garofoli-pet-kon-petillant-natural","status":"publish","type":"product","link":"https:\/\/finewinegang.be\/fr\/produit\/garofoli-pet-kon-petillant-natural\/","title":{"rendered":"Garofoli P\u00e9t Kon Petillant Naturel"},"content":{"rendered":"","protected":false},"excerpt":{"rendered":"<p>D\u00e9couvrez ce fantastique Pet Nat de Garofoli. Un d\u00e9lice pour les belles soir\u00e9es d&rsquo;\u00e9t\u00e9. <\/p>\n","protected":false},"featured_media":22463,"template":"","meta":{"_acf_changed":false,"subtitle":"","day_of_the_week":"Monday","starting_time":0,"location":"ANTWERP","other_location_name":"","other_location_street_number":"","other_location_zip":"","other_location_city":"","other_location_address_itinerary_link":"","other_location_email_to_keep_updated":""},"product_brand":[],"product_cat":[373,394],"product_tag":[497,614],"class_list":{"0":"post-22449","1":"product","2":"type-product","3":"status-publish","4":"has-post-thumbnail","6":"product_cat-bouteilles","7":"product_cat-vin-rose","8":"product_tag-garofoli-fr","9":"product_tag-sparkling-tasting","10":"product_shipping_class-flessen-fr","12":"first","13":"instock","14":"taxable","15":"shipping-taxable","16":"purchasable","17":"product-type-simple"},"acf":{"jaargang":"2023","volume":75,"alcohol":12,"schenktemperatuur":"4\u00b0C - 7\u00b0C","Producent":[13074],"producent_search":"Garofoli","cuvee":"P\u00e9t Kon Petillant Naturel","land":"Itali\u00eb","regio":"Monte Conero","appellatie":"IGT Marche","Kracht":2,"intensiteit":3,"Verouderingspotentieel":1,"smaakprofiel":["Fruitig","Verfrissend","Leuk"],"aromas":["Aardbei","Sinaas","Rode bessen"],"Auteur":"Antoine","quote":"Vous en avez assez d'\u00eatre trop s\u00e9rieux avec vos bulles ? Envie de savourer sans retenue ? Alors essayez ce petnat facile et amusant \u00e0 base de montepulciano dans un grand verre, et servez-le bien frais !  ","druif":["Montepulciano"],"awards":"","bio":false},"_links":{"self":[{"href":"https:\/\/finewinegang.be\/fr\/wp-json\/wp\/v2\/product\/22449","targetHints":{"allow":["GET"]}}],"collection":[{"href":"https:\/\/finewinegang.be\/fr\/wp-json\/wp\/v2\/product"}],"about":[{"href":"https:\/\/finewinegang.be\/fr\/wp-json\/wp\/v2\/types\/product"}],"version-history":[{"count":2,"href":"https:\/\/finewinegang.be\/fr\/wp-json\/wp\/v2\/product\/22449\/revisions"}],"predecessor-version":[{"id":22452,"href":"https:\/\/finewinegang.be\/fr\/wp-json\/wp\/v2\/product\/22449\/revisions\/22452"}],"acf:post":[{"embeddable":true,"href":"https:\/\/finewinegang.be\/fr\/wp-json\/wp\/v2\/producent\/13074"}],"wp:featuredmedia":[{"embeddable":true,"href":"https:\/\/finewinegang.be\/fr\/wp-json\/wp\/v2\/media\/22463"}],"wp:attachment":[{"href":"https:\/\/finewinegang.be\/fr\/wp-json\/wp\/v2\/media?parent=22449"}],"wp:term":[{"taxonomy":"product_brand","embeddable":true,"href":"https:\/\/finewinegang.be\/fr\/wp-json\/wp\/v2\/product_brand?post=22449"},{"taxonomy":"product_cat","embeddable":true,"href":"https:\/\/finewinegang.be\/fr\/wp-json\/wp\/v2\/product_cat?post=22449"},{"taxonomy":"product_tag","embeddable":true,"href":"https:\/\/finewinegang.be\/fr\/wp-json\/wp\/v2\/product_tag?post=22449"}],"curies":[{"name":"wp","href":"https:\/\/api.w.org\/{rel}","templated":true}]}}