{"id":22444,"date":"2025-05-27T13:30:06","date_gmt":"2025-05-27T11:30:06","guid":{"rendered":"https:\/\/finewinegang.be\/?post_type=product&#038;p=22444"},"modified":"2025-05-27T13:48:15","modified_gmt":"2025-05-27T11:48:15","slug":"garofoli-k-volve-2023-2","status":"publish","type":"product","link":"https:\/\/finewinegang.be\/fr\/produit\/garofoli-k-volve-2023-2\/","title":{"rendered":"Garofoli K-Volve 2023"},"content":{"rendered":"","protected":false},"excerpt":{"rendered":"<p>D\u00e9couvrez le charme italien de Garofoli K-Volve, un ros\u00e9 qui refl\u00e8te l&rsquo;\u00e9l\u00e9gance des Marches.<\/p>\n","protected":false},"featured_media":14814,"template":"","meta":{"_acf_changed":false,"subtitle":"","day_of_the_week":"Monday","starting_time":0,"location":"ANTWERP","other_location_name":"","other_location_street_number":"","other_location_zip":"","other_location_city":"","other_location_address_itinerary_link":"","other_location_email_to_keep_updated":""},"product_brand":[],"product_cat":[373,394],"product_tag":[497],"class_list":{"0":"post-22444","1":"product","2":"type-product","3":"status-publish","4":"has-post-thumbnail","6":"product_cat-bouteilles","7":"product_cat-vin-rose","8":"product_tag-garofoli-fr","9":"product_shipping_class-flessen-fr","11":"first","12":"instock","13":"taxable","14":"shipping-taxable","15":"purchasable","16":"product-type-simple"},"acf":{"jaargang":"2023","volume":73,"alcohol":13,"schenktemperatuur":"8\u00b0C - 11\u00b0C","Producent":[13074],"producent_search":"Garofoli","cuvee":"K-Volve","land":"Itali\u00eb","regio":"Marche","appellatie":"IGT Marche","Kracht":4,"intensiteit":3,"Verouderingspotentieel":3,"smaakprofiel":["Intens","Origineel","Warm"],"aromas":["Houtaccenten","Rood Fruit","Zoete Kruiden"],"Auteur":"Antoine","quote":"Les Italiens ne plaisantent pas avec ce ros\u00e9, \u00e9labor\u00e9 \u00e0 partir des meilleurs raisins de Montepulciano et vieilli pendant un certain temps dans des f\u00fbts de bois. Original ? Oui, tout \u00e0 fait !  ","druif":["Montepulciano"],"awards":"","bio":false},"_links":{"self":[{"href":"https:\/\/finewinegang.be\/fr\/wp-json\/wp\/v2\/product\/22444","targetHints":{"allow":["GET"]}}],"collection":[{"href":"https:\/\/finewinegang.be\/fr\/wp-json\/wp\/v2\/product"}],"about":[{"href":"https:\/\/finewinegang.be\/fr\/wp-json\/wp\/v2\/types\/product"}],"version-history":[{"count":2,"href":"https:\/\/finewinegang.be\/fr\/wp-json\/wp\/v2\/product\/22444\/revisions"}],"predecessor-version":[{"id":22447,"href":"https:\/\/finewinegang.be\/fr\/wp-json\/wp\/v2\/product\/22444\/revisions\/22447"}],"acf:post":[{"embeddable":true,"href":"https:\/\/finewinegang.be\/fr\/wp-json\/wp\/v2\/producent\/13074"}],"wp:featuredmedia":[{"embeddable":true,"href":"https:\/\/finewinegang.be\/fr\/wp-json\/wp\/v2\/media\/14814"}],"wp:attachment":[{"href":"https:\/\/finewinegang.be\/fr\/wp-json\/wp\/v2\/media?parent=22444"}],"wp:term":[{"taxonomy":"product_brand","embeddable":true,"href":"https:\/\/finewinegang.be\/fr\/wp-json\/wp\/v2\/product_brand?post=22444"},{"taxonomy":"product_cat","embeddable":true,"href":"https:\/\/finewinegang.be\/fr\/wp-json\/wp\/v2\/product_cat?post=22444"},{"taxonomy":"product_tag","embeddable":true,"href":"https:\/\/finewinegang.be\/fr\/wp-json\/wp\/v2\/product_tag?post=22444"}],"curies":[{"name":"wp","href":"https:\/\/api.w.org\/{rel}","templated":true}]}}