{"id":22313,"date":"2025-05-21T12:08:47","date_gmt":"2025-05-21T10:08:47","guid":{"rendered":"https:\/\/finewinegang.be\/?post_type=product&#038;p=22313"},"modified":"2025-05-21T12:16:11","modified_gmt":"2025-05-21T10:16:11","slug":"garofoli-sierra-fiorese-2021","status":"publish","type":"product","link":"https:\/\/finewinegang.be\/fr\/produit\/garofoli-sierra-fiorese-2021\/","title":{"rendered":"Garofoli Sierra Fiorese 2021"},"content":{"rendered":"","protected":false},"excerpt":{"rendered":"<p>D\u00e9couvrez le soleil italien dans chaque gorg\u00e9e de Garofoli Sierra Fiorese, un vin blanc vibrant avec une \u00e9l\u00e9gance d\u00e9licieuse.<\/p>\n","protected":false},"featured_media":14816,"template":"","meta":{"_acf_changed":false,"subtitle":"","day_of_the_week":"Monday","starting_time":0,"location":"ANTWERP","other_location_name":"","other_location_street_number":"","other_location_zip":"","other_location_city":"","other_location_address_itinerary_link":"","other_location_email_to_keep_updated":""},"product_brand":[],"product_cat":[373,392],"product_tag":[497],"class_list":{"0":"post-22313","1":"product","2":"type-product","3":"status-publish","4":"has-post-thumbnail","6":"product_cat-bouteilles","7":"product_cat-vin-blanc","8":"product_tag-garofoli-fr","9":"product_shipping_class-flessen-fr","11":"first","12":"instock","13":"taxable","14":"shipping-taxable","15":"purchasable","16":"product-type-simple"},"acf":{"jaargang":"2021","volume":75,"alcohol":14,"schenktemperatuur":"7\u00b0C - 12\u00b0C","Producent":[13074],"producent_search":"Garofoli","cuvee":"Sierra Fiorese","land":"Itali\u00eb","regio":"Marche","appellatie":"Castelli di jesi riserva classico","Kracht":3,"intensiteit":3,"Verouderingspotentieel":3,"smaakprofiel":["Fris","Fruitig","Mineraal"],"aromas":["Gedroogd Fruit","Limoen","Vers Gras"],"Auteur":"Stijn","quote":"Entre les Apennins et la mer d'Arde, on trouve le terroir parfait pour le Verdicchio. Depuis cinq g\u00e9n\u00e9rations, la famille Garofoli a su mener ce raisin \u00e0 son plus haut niveau. Salin et riche, serr\u00e9 et plein. Un feu d'artifice sur la langue.   ","druif":["Verdicchio"],"awards":"","bio":false},"_links":{"self":[{"href":"https:\/\/finewinegang.be\/fr\/wp-json\/wp\/v2\/product\/22313","targetHints":{"allow":["GET"]}}],"collection":[{"href":"https:\/\/finewinegang.be\/fr\/wp-json\/wp\/v2\/product"}],"about":[{"href":"https:\/\/finewinegang.be\/fr\/wp-json\/wp\/v2\/types\/product"}],"version-history":[{"count":2,"href":"https:\/\/finewinegang.be\/fr\/wp-json\/wp\/v2\/product\/22313\/revisions"}],"predecessor-version":[{"id":22317,"href":"https:\/\/finewinegang.be\/fr\/wp-json\/wp\/v2\/product\/22313\/revisions\/22317"}],"acf:post":[{"embeddable":true,"href":"https:\/\/finewinegang.be\/fr\/wp-json\/wp\/v2\/producent\/13074"}],"wp:featuredmedia":[{"embeddable":true,"href":"https:\/\/finewinegang.be\/fr\/wp-json\/wp\/v2\/media\/14816"}],"wp:attachment":[{"href":"https:\/\/finewinegang.be\/fr\/wp-json\/wp\/v2\/media?parent=22313"}],"wp:term":[{"taxonomy":"product_brand","embeddable":true,"href":"https:\/\/finewinegang.be\/fr\/wp-json\/wp\/v2\/product_brand?post=22313"},{"taxonomy":"product_cat","embeddable":true,"href":"https:\/\/finewinegang.be\/fr\/wp-json\/wp\/v2\/product_cat?post=22313"},{"taxonomy":"product_tag","embeddable":true,"href":"https:\/\/finewinegang.be\/fr\/wp-json\/wp\/v2\/product_tag?post=22313"}],"curies":[{"name":"wp","href":"https:\/\/api.w.org\/{rel}","templated":true}]}}