{"id":22283,"date":"2025-05-19T11:29:03","date_gmt":"2025-05-19T09:29:03","guid":{"rendered":"https:\/\/finewinegang.be\/?post_type=product&#038;p=22283"},"modified":"2025-05-27T17:16:45","modified_gmt":"2025-05-27T15:16:45","slug":"garofoli-colle-ambro-2023","status":"publish","type":"product","link":"https:\/\/finewinegang.be\/fr\/produit\/garofoli-colle-ambro-2023\/","title":{"rendered":"Garofoli Colle Ambro 2023"},"content":{"rendered":"","protected":false},"excerpt":{"rendered":"<p>D\u00e9couvrez la tradition italienne de Garofoli Colle Ambro, un vin rouge des Marches avec une saveur caract\u00e9ristique.<\/p>\n","protected":false},"featured_media":14812,"template":"","meta":{"_acf_changed":false,"subtitle":"","day_of_the_week":"Monday","starting_time":0,"location":"ANTWERP","other_location_name":"","other_location_street_number":"","other_location_zip":"","other_location_city":"","other_location_address_itinerary_link":"","other_location_email_to_keep_updated":""},"product_brand":[],"product_cat":[373,390],"product_tag":[497],"class_list":{"0":"post-22283","1":"product","2":"type-product","3":"status-publish","4":"has-post-thumbnail","6":"product_cat-bouteilles","7":"product_cat-vin-rouge","8":"product_tag-garofoli-fr","9":"product_shipping_class-flessen-fr","11":"first","12":"instock","13":"taxable","14":"shipping-taxable","15":"purchasable","16":"product-type-simple"},"acf":{"jaargang":"2023","volume":75,"alcohol":13.5,"schenktemperatuur":"14\u00b0C - 16\u00b0C","Producent":[13074],"producent_search":"Garofoli","cuvee":"Colle Ambro","land":"Itali\u00eb","regio":"Marche","appellatie":"Rosso Piceno","Kracht":3,"intensiteit":3,"Verouderingspotentieel":3,"smaakprofiel":["Aromatisch","Smaakvol","Zijdezacht"],"aromas":["Mediterraanse Kruiden","Zwart Fruit"],"Auteur":"Antoine","quote":"J'aime cette v\u00e9ritable sensation italienne : un vin pr\u00e9par\u00e9 pour un d\u00e9licieux d\u00eener, avec des saveurs intenses et un \u00e9quilibre parfait entre les tannins et l'acidit\u00e9.","druif":["Montepulciano","Sangiovese"],"awards":"","bio":false},"_links":{"self":[{"href":"https:\/\/finewinegang.be\/fr\/wp-json\/wp\/v2\/product\/22283","targetHints":{"allow":["GET"]}}],"collection":[{"href":"https:\/\/finewinegang.be\/fr\/wp-json\/wp\/v2\/product"}],"about":[{"href":"https:\/\/finewinegang.be\/fr\/wp-json\/wp\/v2\/types\/product"}],"version-history":[{"count":2,"href":"https:\/\/finewinegang.be\/fr\/wp-json\/wp\/v2\/product\/22283\/revisions"}],"predecessor-version":[{"id":22286,"href":"https:\/\/finewinegang.be\/fr\/wp-json\/wp\/v2\/product\/22283\/revisions\/22286"}],"acf:post":[{"embeddable":true,"href":"https:\/\/finewinegang.be\/fr\/wp-json\/wp\/v2\/producent\/13074"}],"wp:featuredmedia":[{"embeddable":true,"href":"https:\/\/finewinegang.be\/fr\/wp-json\/wp\/v2\/media\/14812"}],"wp:attachment":[{"href":"https:\/\/finewinegang.be\/fr\/wp-json\/wp\/v2\/media?parent=22283"}],"wp:term":[{"taxonomy":"product_brand","embeddable":true,"href":"https:\/\/finewinegang.be\/fr\/wp-json\/wp\/v2\/product_brand?post=22283"},{"taxonomy":"product_cat","embeddable":true,"href":"https:\/\/finewinegang.be\/fr\/wp-json\/wp\/v2\/product_cat?post=22283"},{"taxonomy":"product_tag","embeddable":true,"href":"https:\/\/finewinegang.be\/fr\/wp-json\/wp\/v2\/product_tag?post=22283"}],"curies":[{"name":"wp","href":"https:\/\/api.w.org\/{rel}","templated":true}]}}