{"id":22031,"date":"2025-04-22T16:42:44","date_gmt":"2025-04-22T14:42:44","guid":{"rendered":"https:\/\/finewinegang.be\/?post_type=product&#038;p=22031"},"modified":"2025-09-01T16:24:04","modified_gmt":"2025-09-01T14:24:04","slug":"new-zealand-grapes-terroir-ronse","status":"publish","type":"product","link":"https:\/\/finewinegang.be\/fr\/produit\/new-zealand-grapes-terroir-ronse\/","title":{"rendered":"New-Zealand Grapes &amp; Terroir"},"content":{"rendered":"","protected":false},"excerpt":{"rendered":"<div class=\"wd-negative-gap elementor-element elementor-element-21507646 e-flex e-con-boxed e-con e-parent e-lazyloaded\" data-id=\"21507646\" data-element_type=\"container\" data-settings=\"{\"jet_parallax_layout_list\":[]}\">\n<div class=\"e-con-inner\">\n<div class=\"elementor-element elementor-element-26f3ac81 e-con-full e-flex e-con e-child\" data-id=\"26f3ac81\" data-element_type=\"container\" data-settings=\"{\"jet_parallax_layout_list\":[]}\">\n<div class=\"elementor-element elementor-element-060c21e elementor-widget elementor-widget-wd_text_block\" data-id=\"060c21e\" data-element_type=\"widget\" data-widget_type=\"wd_text_block.default\">\n<div class=\"elementor-widget-container\">\n<div class=\"wd-text-block reset-last-child text-left\">\n<p><span data-contrast=\"auto\">Le 24 septembre, The Fine Wine Gang a l&rsquo;honneur d&rsquo;accueillir Fleur Decree, la fondatrice de Vinultra.<\/span><span data-ccp-props=\"{\"134233117\":false,\"134233118\":false,\"335559738\":240,\"335559739\":240}\"> <\/span><\/p>\n<p><span data-contrast=\"auto\">Au cours de cette classe de ma\u00eetre exclusive, Fleur nous emm\u00e8nera en voyage \u00e0 travers les vignobles de Nouvelle-Z\u00e9lande. Bien s\u00fbr, nous vous ferons go\u00fbter la c\u00e9l\u00e8bre gamme : Little Beauty, une ligne encore plus exclusive de Vinultra. Reken op een avontuurlijke ontdekkingstocht door uitzonderlijke terroirs en unieke wijnen, geselecteerd door Fleur zelf. Cette masterclass sera enseign\u00e9e en anglais.<\/p>\n<p>  <\/span><b><span data-contrast=\"auto\">Insight<\/span><\/b><span data-contrast=\"auto\">, qui fait fi\u00e8rement partie de la gamme Fine Wine Gang. Mais ce n\u2019est pas tout\u2026 Nous vous d\u00e9voilerons \u00e9galement  <\/span><b><span data-contrast=\"auto\">Little Beauty<\/span><\/b>, <span data-contrast=\"auto\">une collection ultra-confidentielle sign\u00e9e Vinultra<\/span> \u2013 encore peu connue, mais absolument incontournable pour les amateurs de grands vins n\u00e9o-z\u00e9landais.<span data-ccp-props=\"{\"134233117\":false,\"134233118\":false,\"335559738\":240,\"335559739\":240}\"> <\/span><\/p>\n<p><span data-contrast=\"auto\">Pr\u00e9parez-vous \u00e0 une exploration sensorielle des terroirs les plus captivants, \u00e0 travers des vins d\u2019exception soigneusement s\u00e9lectionn\u00e9s par Fleur elle-m\u00eame.<\/span><span data-ccp-props=\"{\"134233117\":false,\"134233118\":false,\"335559738\":240,\"335559739\":240}\"> Cette masterclass sera donn\u00e9e en anglais.<\/span><\/p>\n<\/div>\n<\/div>\n<\/div>\n<\/div>\n<\/div>\n<\/div>\n<div class=\"wd-negative-gap elementor-element elementor-element-2c8e9c8 e-flex e-con-boxed e-con e-parent e-lazyloaded\" data-id=\"2c8e9c8\" data-element_type=\"container\" data-settings=\"{\"jet_parallax_layout_list\":[]}\">\n<div class=\"e-con-inner\">\n<div class=\"elementor-element elementor-element-22a31cd e-con-full e-flex e-con e-child\" data-id=\"22a31cd\" data-element_type=\"container\" data-settings=\"{\"jet_parallax_layout_list\":[]}\">\n<div class=\"elementor-element elementor-element-51a4fc8 text-center color-scheme-inherit elementor-widget elementor-widget-text-editor\" data-id=\"51a4fc8\" data-element_type=\"widget\" data-widget_type=\"text-editor.default\">\n<div class=\"elementor-widget-container\"><\/div>\n<\/div>\n<\/div>\n<\/div>\n<\/div>\n","protected":false},"featured_media":22030,"template":"","meta":{"_acf_changed":false,"subtitle":"a masterclass by Vinultra","day_of_the_week":"Wednesday","starting_time":1758744000,"location":"OTHER","other_location_name":"Fine Wine Gang Ronse","other_location_street_number":"Jean-Baptiste Guissetplein 5","other_location_zip":"9600","other_location_city":"Ronse","other_location_address_itinerary_link":"https:\/\/g.co\/kgs\/ro3y3wb","other_location_email_to_keep_updated":"ronse@finewinegang.be"},"product_brand":[],"product_cat":[284,285],"product_tag":[],"class_list":{"0":"post-22031","1":"product","2":"type-product","3":"status-publish","4":"has-post-thumbnail","6":"product_cat-experience-fr","7":"product_cat-masterclass","9":"first","10":"instock","11":"virtual","12":"taxable","13":"purchasable","14":"product-type-simple"},"acf":[],"_links":{"self":[{"href":"https:\/\/finewinegang.be\/fr\/wp-json\/wp\/v2\/product\/22031","targetHints":{"allow":["GET"]}}],"collection":[{"href":"https:\/\/finewinegang.be\/fr\/wp-json\/wp\/v2\/product"}],"about":[{"href":"https:\/\/finewinegang.be\/fr\/wp-json\/wp\/v2\/types\/product"}],"version-history":[{"count":6,"href":"https:\/\/finewinegang.be\/fr\/wp-json\/wp\/v2\/product\/22031\/revisions"}],"predecessor-version":[{"id":23192,"href":"https:\/\/finewinegang.be\/fr\/wp-json\/wp\/v2\/product\/22031\/revisions\/23192"}],"wp:featuredmedia":[{"embeddable":true,"href":"https:\/\/finewinegang.be\/fr\/wp-json\/wp\/v2\/media\/22030"}],"wp:attachment":[{"href":"https:\/\/finewinegang.be\/fr\/wp-json\/wp\/v2\/media?parent=22031"}],"wp:term":[{"taxonomy":"product_brand","embeddable":true,"href":"https:\/\/finewinegang.be\/fr\/wp-json\/wp\/v2\/product_brand?post=22031"},{"taxonomy":"product_cat","embeddable":true,"href":"https:\/\/finewinegang.be\/fr\/wp-json\/wp\/v2\/product_cat?post=22031"},{"taxonomy":"product_tag","embeddable":true,"href":"https:\/\/finewinegang.be\/fr\/wp-json\/wp\/v2\/product_tag?post=22031"}],"curies":[{"name":"wp","href":"https:\/\/api.w.org\/{rel}","templated":true}]}}