{"id":21342,"date":"2025-03-31T15:28:53","date_gmt":"2025-03-31T13:28:53","guid":{"rendered":"https:\/\/finewinegang.be\/?post_type=product&#038;p=21342"},"modified":"2025-04-30T15:32:34","modified_gmt":"2025-04-30T13:32:34","slug":"hecht-bannier-bandol-blanc-2023","status":"publish","type":"product","link":"https:\/\/finewinegang.be\/fr\/produit\/hecht-bannier-bandol-blanc-2023\/","title":{"rendered":"Hecht Bannier Bandol Blanc 2023"},"content":{"rendered":"","protected":false},"excerpt":{"rendered":"<p>Savourez cet exceptionnel Bandol Blanc de Hecht &amp; Bannier<\/p>\n","protected":false},"featured_media":21357,"template":"","meta":{"_acf_changed":false,"subtitle":"","day_of_the_week":"","starting_time":0,"location":"","other_location_name":"","other_location_street_number":"","other_location_zip":"","other_location_city":"","other_location_address_itinerary_link":"","other_location_email_to_keep_updated":""},"product_brand":[],"product_cat":[373,392],"product_tag":[578],"class_list":{"0":"post-21342","1":"product","2":"type-product","3":"status-publish","4":"has-post-thumbnail","6":"product_cat-bouteilles","7":"product_cat-vin-blanc","8":"product_tag-hecht-fr","9":"product_shipping_class-flessen-fr","11":"first","12":"instock","13":"taxable","14":"shipping-taxable","15":"purchasable","16":"product-type-simple"},"acf":{"jaargang":"2021","volume":75,"alcohol":"","schenktemperatuur":"8\u00b0C - 12\u00b0C","Producent":[13123],"producent_search":"Hecht & Bannier","cuvee":"Bandol Ros\u00e9","land":"Frankrijk","regio":"Provence","appellatie":"Bandol","Kracht":3,"intensiteit":4,"Verouderingspotentieel":3,"smaakprofiel":["Aromatisch","Gastronomisch","Zinderend"],"aromas":["Witte Bloemen","Exotisch","Kamperfoelie"],"Auteur":"Antoine","quote":"Le vin blanc, couleur rare \u00e0 Bandol avec un peu plus de 5% de la production, est un v\u00e9ritable vin de gastronomie. Accompagn\u00e9 de fenouil, de vitello tonnato, de crevettes grill\u00e9es ou de fromage de ch\u00e8vre frais, il vous fera d\u00e9couvrir la beaut\u00e9 de la vie. ","druif":["Ugni Blanc","Rolle","Clairette"],"awards":"","bio":false},"_links":{"self":[{"href":"https:\/\/finewinegang.be\/fr\/wp-json\/wp\/v2\/product\/21342","targetHints":{"allow":["GET"]}}],"collection":[{"href":"https:\/\/finewinegang.be\/fr\/wp-json\/wp\/v2\/product"}],"about":[{"href":"https:\/\/finewinegang.be\/fr\/wp-json\/wp\/v2\/types\/product"}],"version-history":[{"count":2,"href":"https:\/\/finewinegang.be\/fr\/wp-json\/wp\/v2\/product\/21342\/revisions"}],"predecessor-version":[{"id":21543,"href":"https:\/\/finewinegang.be\/fr\/wp-json\/wp\/v2\/product\/21342\/revisions\/21543"}],"acf:post":[{"embeddable":true,"href":"https:\/\/finewinegang.be\/fr\/wp-json\/wp\/v2\/producent\/13123"}],"wp:featuredmedia":[{"embeddable":true,"href":"https:\/\/finewinegang.be\/fr\/wp-json\/wp\/v2\/media\/21357"}],"wp:attachment":[{"href":"https:\/\/finewinegang.be\/fr\/wp-json\/wp\/v2\/media?parent=21342"}],"wp:term":[{"taxonomy":"product_brand","embeddable":true,"href":"https:\/\/finewinegang.be\/fr\/wp-json\/wp\/v2\/product_brand?post=21342"},{"taxonomy":"product_cat","embeddable":true,"href":"https:\/\/finewinegang.be\/fr\/wp-json\/wp\/v2\/product_cat?post=21342"},{"taxonomy":"product_tag","embeddable":true,"href":"https:\/\/finewinegang.be\/fr\/wp-json\/wp\/v2\/product_tag?post=21342"}],"curies":[{"name":"wp","href":"https:\/\/api.w.org\/{rel}","templated":true}]}}