{"id":20955,"date":"2025-03-11T14:29:54","date_gmt":"2025-03-11T13:29:54","guid":{"rendered":"https:\/\/finewinegang.be\/?post_type=product&#038;p=20955"},"modified":"2025-03-11T14:33:31","modified_gmt":"2025-03-11T13:33:31","slug":"gusbourne-pinot-noir-2022","status":"publish","type":"product","link":"https:\/\/finewinegang.be\/fr\/produit\/gusbourne-pinot-noir-2022\/","title":{"rendered":"Gusbourne Pinot Noir 2022"},"content":{"rendered":"","protected":false},"excerpt":{"rendered":"<p><strong data-start=\"0\" data-end=\"29\" data-is-only-node=\"\">Le Gusbourne Pinot Noir 2022<\/strong> est un vin rouge anglais \u00e9l\u00e9gant et raffin\u00e9 qui refl\u00e8te parfaitement la finesse du Pinot Noir de climat frais. Dans le verre, il offre un beau jeu de baies rouges m\u00fbres, de cerises et de subtiles notes d&rsquo;\u00e9pices, soutenu par une texture soyeuse et une acidit\u00e9 vive. Le d\u00e9licat vieillissement en bois ajoute une touche de complexit\u00e9 sans perdre sa fra\u00eecheur. Un Pinot Noir styl\u00e9 \u00e0 la classe britannique !   <\/p>\n","protected":false},"featured_media":20957,"template":"","meta":{"_acf_changed":false,"subtitle":"","day_of_the_week":"","starting_time":0,"location":"","other_location_name":"","other_location_street_number":"","other_location_zip":"","other_location_city":"","other_location_address_itinerary_link":"","other_location_email_to_keep_updated":""},"product_brand":[],"product_cat":[373,390,560],"product_tag":[572],"class_list":{"0":"post-20955","1":"product","2":"type-product","3":"status-publish","4":"has-post-thumbnail","6":"product_cat-bouteilles","7":"product_cat-vin-rouge","8":"product_cat-vins","9":"product_tag-exclude-fr","11":"first","12":"instock","13":"taxable","14":"shipping-taxable","15":"purchasable","16":"product-type-simple"},"acf":{"jaargang":"2021","volume":75,"alcohol":13,"schenktemperatuur":"","Producent":[13062],"producent_search":"Gusbourne","cuvee":"","land":"Verenigd Koninkrijk","regio":"","appellatie":"","Kracht":"","intensiteit":"","Verouderingspotentieel":"","smaakprofiel":"","aromas":"","Auteur":"Stijn","quote":"","druif":["Chardonnay"],"awards":"","bio":false},"_links":{"self":[{"href":"https:\/\/finewinegang.be\/fr\/wp-json\/wp\/v2\/product\/20955","targetHints":{"allow":["GET"]}}],"collection":[{"href":"https:\/\/finewinegang.be\/fr\/wp-json\/wp\/v2\/product"}],"about":[{"href":"https:\/\/finewinegang.be\/fr\/wp-json\/wp\/v2\/types\/product"}],"version-history":[{"count":2,"href":"https:\/\/finewinegang.be\/fr\/wp-json\/wp\/v2\/product\/20955\/revisions"}],"predecessor-version":[{"id":20960,"href":"https:\/\/finewinegang.be\/fr\/wp-json\/wp\/v2\/product\/20955\/revisions\/20960"}],"acf:post":[{"embeddable":true,"href":"https:\/\/finewinegang.be\/fr\/wp-json\/wp\/v2\/producent\/13062"}],"wp:featuredmedia":[{"embeddable":true,"href":"https:\/\/finewinegang.be\/fr\/wp-json\/wp\/v2\/media\/20957"}],"wp:attachment":[{"href":"https:\/\/finewinegang.be\/fr\/wp-json\/wp\/v2\/media?parent=20955"}],"wp:term":[{"taxonomy":"product_brand","embeddable":true,"href":"https:\/\/finewinegang.be\/fr\/wp-json\/wp\/v2\/product_brand?post=20955"},{"taxonomy":"product_cat","embeddable":true,"href":"https:\/\/finewinegang.be\/fr\/wp-json\/wp\/v2\/product_cat?post=20955"},{"taxonomy":"product_tag","embeddable":true,"href":"https:\/\/finewinegang.be\/fr\/wp-json\/wp\/v2\/product_tag?post=20955"}],"curies":[{"name":"wp","href":"https:\/\/api.w.org\/{rel}","templated":true}]}}