{"id":20911,"date":"2025-03-11T11:53:02","date_gmt":"2025-03-11T10:53:02","guid":{"rendered":"https:\/\/finewinegang.be\/?post_type=product&#038;p=20911"},"modified":"2025-03-11T11:55:16","modified_gmt":"2025-03-11T10:55:16","slug":"gusbourne-blanc-de-blancs-2019","status":"publish","type":"product","link":"https:\/\/finewinegang.be\/fr\/produit\/gusbourne-blanc-de-blancs-2019\/","title":{"rendered":"Gusbourne Blanc de Blancs 2019"},"content":{"rendered":"","protected":false},"excerpt":{"rendered":"<p>D\u00e9couvrez la pure richesse de Gusbourne Blanc de Blancs, un champagne raffin\u00e9 avec un bouquet d\u00e9licieux.<\/p>\n","protected":false},"featured_media":14880,"template":"","meta":{"_acf_changed":false,"subtitle":"","day_of_the_week":"","starting_time":0,"location":"","other_location_name":"","other_location_street_number":"","other_location_zip":"","other_location_city":"","other_location_address_itinerary_link":"","other_location_email_to_keep_updated":""},"product_brand":[],"product_cat":[373,375],"product_tag":[],"class_list":{"0":"post-20911","1":"product","2":"type-product","3":"status-publish","4":"has-post-thumbnail","6":"product_cat-bouteilles","7":"product_cat-vin-mousseux","8":"product_shipping_class-flessen-fr","10":"first","11":"instock","12":"taxable","13":"shipping-taxable","14":"purchasable","15":"product-type-simple"},"acf":{"jaargang":"2019","volume":75,"alcohol":12,"schenktemperatuur":"4\u00b0C - 10\u00b0C","Producent":[13062],"producent_search":"Gusbourne","cuvee":"Blanc de Blancs","land":"Verenigd Koninkrijk","regio":"Kent \/ Sussex","appellatie":"Vintage English Sparkling Wine","Kracht":4,"intensiteit":4,"Verouderingspotentieel":3,"smaakprofiel":["Intens","Rijp"],"aromas":["Brioche","Mirabelpruim","Rijp Fruit"],"Auteur":"Antoine","quote":"Qui a dit que les vins mousseux anglais ne pouvaient pas rivaliser avec le champagne ? Eh bien, il avait tort, et ce Blanc de Blancs le prouvera !  \nAr\u00f4me de qualit\u00e9, avec des notes de fruits m\u00fbrs, de brioche et un subtil parfum d'\u00e9pices. Pas de d\u00e9ception En bouche (ou ailleurs), ample et caressante\/cr\u00e9meuse, et une acidit\u00e9 tr\u00e8s fra\u00eeche qui contraste avec l'ampleur. ","druif":["Chardonnay"],"awards":"","bio":false},"_links":{"self":[{"href":"https:\/\/finewinegang.be\/fr\/wp-json\/wp\/v2\/product\/20911","targetHints":{"allow":["GET"]}}],"collection":[{"href":"https:\/\/finewinegang.be\/fr\/wp-json\/wp\/v2\/product"}],"about":[{"href":"https:\/\/finewinegang.be\/fr\/wp-json\/wp\/v2\/types\/product"}],"version-history":[{"count":2,"href":"https:\/\/finewinegang.be\/fr\/wp-json\/wp\/v2\/product\/20911\/revisions"}],"predecessor-version":[{"id":20915,"href":"https:\/\/finewinegang.be\/fr\/wp-json\/wp\/v2\/product\/20911\/revisions\/20915"}],"acf:post":[{"embeddable":true,"href":"https:\/\/finewinegang.be\/fr\/wp-json\/wp\/v2\/producent\/13062"}],"wp:featuredmedia":[{"embeddable":true,"href":"https:\/\/finewinegang.be\/fr\/wp-json\/wp\/v2\/media\/14880"}],"wp:attachment":[{"href":"https:\/\/finewinegang.be\/fr\/wp-json\/wp\/v2\/media?parent=20911"}],"wp:term":[{"taxonomy":"product_brand","embeddable":true,"href":"https:\/\/finewinegang.be\/fr\/wp-json\/wp\/v2\/product_brand?post=20911"},{"taxonomy":"product_cat","embeddable":true,"href":"https:\/\/finewinegang.be\/fr\/wp-json\/wp\/v2\/product_cat?post=20911"},{"taxonomy":"product_tag","embeddable":true,"href":"https:\/\/finewinegang.be\/fr\/wp-json\/wp\/v2\/product_tag?post=20911"}],"curies":[{"name":"wp","href":"https:\/\/api.w.org\/{rel}","templated":true}]}}