{"id":20059,"date":"2025-01-23T16:16:56","date_gmt":"2025-01-23T15:16:56","guid":{"rendered":"https:\/\/finewinegang.be\/?post_type=product&#038;p=20059"},"modified":"2025-11-19T14:33:19","modified_gmt":"2025-11-19T13:33:19","slug":"riedel-performance-cabernet-merlot-2","status":"publish","type":"product","link":"https:\/\/finewinegang.be\/fr\/produit\/riedel-performance-cabernet-merlot-2\/","title":{"rendered":"Riedel Performance Cabernet Merlot"},"content":{"rendered":"<p>Le verre Cabernet est <strong>parfait pour les vins rouges cors\u00e9s, complexes et riches en tanins. La taille g\u00e9n\u00e9reuse de ce verre permet au bouquet de se d\u00e9velopper et en lisse les bords. <\/strong> Il met en valeur le fruit, en att\u00e9nuant les qualit\u00e9s am\u00e8res du tanin, et permet aux vins d&rsquo;atteindre l&rsquo;\u00e9quilibre.<br \/>\nDans le cadre de la s\u00e9rie Performance, cette forme a \u00e9t\u00e9 red\u00e9velopp\u00e9e en 2018 pour de meilleurs ar\u00f4mes.<br \/>\nL&rsquo;impact optique de la s\u00e9rie RIEDEL Performance ajoute \u00e0 la fois une caract\u00e9ristique de design et un effet \u00e9tonnant sur les ar\u00f4mes du vin.<br \/>\nCe paquet contient <strong>deux verres<\/strong>.<br \/>\nFabriqu\u00e9 en machine et<strong> lavable au lave-vaisselle<\/strong>.<\/p>\n","protected":false},"excerpt":{"rendered":"<p>Le verre RIEDEL Cabernet adoucit les tanins, met en valeur les fruits et \u00e9quilibre les vins rouges complexes, avec un d\u00e9veloppement optimal des ar\u00f4mes dans un design g\u00e9n\u00e9reux.<\/p>\n","protected":false},"featured_media":16865,"template":"","meta":{"_acf_changed":false,"subtitle":"","day_of_the_week":"Monday","starting_time":0,"location":"ANTWERP","other_location_name":"","other_location_street_number":"","other_location_zip":"","other_location_city":"","other_location_address_itinerary_link":"","other_location_email_to_keep_updated":""},"product_brand":[],"product_cat":[513],"product_tag":[601],"class_list":{"0":"post-20059","1":"product","2":"type-product","3":"status-publish","4":"has-post-thumbnail","6":"product_cat-verres","7":"product_tag-performance","9":"first","10":"instock","11":"taxable","12":"shipping-taxable","13":"purchasable","14":"product-type-simple"},"acf":{"volume":65,"druif":["Cabernet Franc","Cabernet Sauvignon","Merlot"]},"_links":{"self":[{"href":"https:\/\/finewinegang.be\/fr\/wp-json\/wp\/v2\/product\/20059","targetHints":{"allow":["GET"]}}],"collection":[{"href":"https:\/\/finewinegang.be\/fr\/wp-json\/wp\/v2\/product"}],"about":[{"href":"https:\/\/finewinegang.be\/fr\/wp-json\/wp\/v2\/types\/product"}],"version-history":[{"count":2,"href":"https:\/\/finewinegang.be\/fr\/wp-json\/wp\/v2\/product\/20059\/revisions"}],"predecessor-version":[{"id":24339,"href":"https:\/\/finewinegang.be\/fr\/wp-json\/wp\/v2\/product\/20059\/revisions\/24339"}],"wp:featuredmedia":[{"embeddable":true,"href":"https:\/\/finewinegang.be\/fr\/wp-json\/wp\/v2\/media\/16865"}],"wp:attachment":[{"href":"https:\/\/finewinegang.be\/fr\/wp-json\/wp\/v2\/media?parent=20059"}],"wp:term":[{"taxonomy":"product_brand","embeddable":true,"href":"https:\/\/finewinegang.be\/fr\/wp-json\/wp\/v2\/product_brand?post=20059"},{"taxonomy":"product_cat","embeddable":true,"href":"https:\/\/finewinegang.be\/fr\/wp-json\/wp\/v2\/product_cat?post=20059"},{"taxonomy":"product_tag","embeddable":true,"href":"https:\/\/finewinegang.be\/fr\/wp-json\/wp\/v2\/product_tag?post=20059"}],"curies":[{"name":"wp","href":"https:\/\/api.w.org\/{rel}","templated":true}]}}