{"id":20057,"date":"2025-01-23T16:15:50","date_gmt":"2025-01-23T15:15:50","guid":{"rendered":"https:\/\/finewinegang.be\/?post_type=product&#038;p=20057"},"modified":"2026-04-01T14:28:58","modified_gmt":"2026-04-01T12:28:58","slug":"riedel-performance-riesling","status":"publish","type":"product","link":"https:\/\/finewinegang.be\/fr\/produit\/riedel-performance-riesling\/","title":{"rendered":"Riedel Performance Riesling &#8211; set de 2"},"content":{"rendered":"<p data-start=\"0\" data-end=\"124\">Le verre \u00e0 Riesling est parfait pour \u00e9quilibrer la forte acidit\u00e9 et le sucre r\u00e9siduel des vins blancs fruit\u00e9s.<\/p>\n<p data-start=\"126\" data-end=\"472\">Cette forme est une \u00e9volution du verre \u00e0 vin blanc le plus polyvalent de RIEDEL. Elle permet d\u2019\u00e9quilibrer les caract\u00e8res frais et les notes min\u00e9rales prononc\u00e9es, tandis que la nouvelle forme, plus large, am\u00e9liore l\u2019expression aromatique. Dans le cadre de la s\u00e9rie Performance, ce verre a \u00e9t\u00e9 red\u00e9velopp\u00e9 en 2018 pour offrir de meilleurs ar\u00f4mes.  <\/p>\n<p data-start=\"474\" data-end=\"522\">Ce produit est fabriqu\u00e9 en cristal clair.<\/p>\n<p data-start=\"524\" data-end=\"833\">RIEDEL Performance est la premi\u00e8re s\u00e9rie de verres \u00e0 vin \u00e0 int\u00e9grer un l\u00e9ger effet optique dans le calice, permettant une meilleure expression des ar\u00f4mes. Con\u00e7ue par Georg et Maximilian Riedel, la collection RIEDEL Performance est une gamme technologiquement avanc\u00e9e et conviviale de verres sp\u00e9cifiques aux c\u00e9pages. <\/p>\n<p data-start=\"835\" data-end=\"1085\">Cet article est fabriqu\u00e9 \u00e0 la machine en qualit\u00e9 premium.<br data-start=\"893\" data-end=\"896\">\u00ab PREMIUM \u00bb d\u00e9signe l\u2019avantage d\u2019un verre RIEDEL souffl\u00e9 \u00e0 la machine par rapport \u00e0 un verre fabriqu\u00e9 \u00e0 la main. La diff\u00e9rence r\u00e9side dans la pr\u00e9cision. Cet article est compatible avec le lave-vaisselle. <\/p>\n<p data-start=\"1087\" data-end=\"1112\" data-is-last-node=\"\" data-is-only-node=\"\"><strong>Ce coffret contient 2 pi\u00e8ces. Fabriqu\u00e9s \u00e0 la machine et compatibles avec le lave-vaisselle.<br \/><\/strong><\/p>\n","protected":false},"excerpt":{"rendered":"<p>Le verre RIEDEL Sauvignon Blanc met en valeur les ar\u00f4mes de tous les styles, parfait pour les vari\u00e9t\u00e9s fra\u00eeches et vieillies en f\u00fbt de ch\u00eane.<\/p>\n","protected":false},"featured_media":16871,"template":"","meta":{"_acf_changed":false,"subtitle":"","day_of_the_week":"Monday","starting_time":0,"location":"ANTWERP","other_location_name":"","other_location_street_number":"","other_location_zip":"","other_location_city":"","other_location_address_itinerary_link":"","other_location_email_to_keep_updated":""},"product_brand":[],"product_cat":[513],"product_tag":[601],"class_list":{"0":"post-20057","1":"product","2":"type-product","3":"status-publish","4":"has-post-thumbnail","6":"product_cat-verres","7":"product_tag-performance","8":"product_shipping_class-verres","10":"first","11":"instock","12":"taxable","13":"shipping-taxable","14":"purchasable","15":"product-type-simple"},"acf":{"volume":44,"druif":["Riesling"]},"_links":{"self":[{"href":"https:\/\/finewinegang.be\/fr\/wp-json\/wp\/v2\/product\/20057","targetHints":{"allow":["GET"]}}],"collection":[{"href":"https:\/\/finewinegang.be\/fr\/wp-json\/wp\/v2\/product"}],"about":[{"href":"https:\/\/finewinegang.be\/fr\/wp-json\/wp\/v2\/types\/product"}],"version-history":[{"count":3,"href":"https:\/\/finewinegang.be\/fr\/wp-json\/wp\/v2\/product\/20057\/revisions"}],"predecessor-version":[{"id":25118,"href":"https:\/\/finewinegang.be\/fr\/wp-json\/wp\/v2\/product\/20057\/revisions\/25118"}],"wp:featuredmedia":[{"embeddable":true,"href":"https:\/\/finewinegang.be\/fr\/wp-json\/wp\/v2\/media\/16871"}],"wp:attachment":[{"href":"https:\/\/finewinegang.be\/fr\/wp-json\/wp\/v2\/media?parent=20057"}],"wp:term":[{"taxonomy":"product_brand","embeddable":true,"href":"https:\/\/finewinegang.be\/fr\/wp-json\/wp\/v2\/product_brand?post=20057"},{"taxonomy":"product_cat","embeddable":true,"href":"https:\/\/finewinegang.be\/fr\/wp-json\/wp\/v2\/product_cat?post=20057"},{"taxonomy":"product_tag","embeddable":true,"href":"https:\/\/finewinegang.be\/fr\/wp-json\/wp\/v2\/product_tag?post=20057"}],"curies":[{"name":"wp","href":"https:\/\/api.w.org\/{rel}","templated":true}]}}